{"id":61,"date":"2019-02-04T11:27:46","date_gmt":"2019-02-04T11:27:46","guid":{"rendered":"https:\/\/blogs.ncl.ac.uk\/blackbox\/?page_id=61"},"modified":"2020-02-25T10:58:52","modified_gmt":"2020-02-25T10:58:52","slug":"life-11th-15th-february-10am-530pm","status":"publish","type":"page","link":"https:\/\/blogs.ncl.ac.uk\/blackbox\/life-11th-15th-february-10am-530pm\/","title":{"rendered":"LIFE 11th-15th February 10am-5:30pm"},"content":{"rendered":"<p><strong>BLACK BOX \u2013 LIFE WEEK<\/strong><\/p>\n<p>Show times 10:00 | 11:30 | 13:00 | 14:30 | 16:00<\/p>\n<p>Total Running Time: 1 hour 30 minutes<\/p>\n<p style=\"text-align: justify\">What do we mean by life? Is life a material that we can shape? What are the limits of life? How do our definitions of life shape our understanding of culture and society? How does our connection to life as material relate to our use of technology?<\/p>\n<p style=\"text-align: justify\">In LIFE week, we explore the physical material of life itself, our connection with it and the ways in which artists and scientists relate to life as material. <strong>LIFE\u00a0 I<\/strong> focuses on life as a growing, living material, from cell growth, division and formation of vital organs in Nipam Patel\u2019s <em>Squid Coming to Life<\/em> to the use of life as material in the laboratory in WhiteFeather Hunter\u2019s <em>Asceptic Requiem<\/em> and Louise Mackenzie\u2019s <em>Lively Material<\/em>. <strong>LIFE\u00a0 II<\/strong> draws on relations to the material substance of the earth, from a powerfully basic connection in <em>HAEM<\/em>, to a personal connection in <em>A Child of It\u2019s Time<\/em>, and our geological relationship to material in <em>Subatlantic<\/em>. <strong>LIFE\u00a0 III<\/strong> explores our material connections with technology from imaging the brain with PET scans in Matthew Pickering\u2019s <em>A Visualisation of Beta Amyloid Growth<\/em>, through literal connections between bodily material and print in Vicky Smith\u2019s <em>Noisy Licking, Spitting and Dribbling<\/em> to speculative connections, to future bodies not yet realised in Louise Herv\u00e9 and Chlo\u00e9 Maillet\u2019s <em>Un Passage D\u2019Eau<\/em>.<\/p>\n<p><span style=\"color: #999999\"><strong>CONTENT GUIDANCE:<\/strong><\/span><\/p>\n<p style=\"text-align: justify\"><span style=\"color: #999999\">Some films contain scenes of a medical, surgical or physical \u00ad\u00adnature*, or occasional strong language** that some viewers may find uncomfortable. Whilst there is no age specific content guidance, and viewing of all films is at the discretion of parents, we have deemed content suitable for age 12+<\/span><\/p>\n<p><span style=\"color: #999999\">*<em>Haem<\/em> contains images of a surgical nature involving blood and placenta.<\/span><\/p>\n<p><strong>LIFE I<\/strong><\/p>\n<p><img loading=\"lazy\" decoding=\"async\" class=\"alignnone size-medium wp-image-62\" src=\"https:\/\/blogs.ncl.ac.uk\/blackbox\/files\/2019\/02\/squid-300x192.jpg\" alt=\"\" width=\"300\" height=\"192\" srcset=\"https:\/\/blogs.ncl.ac.uk\/blackbox\/files\/2019\/02\/squid-300x192.jpg 300w, https:\/\/blogs.ncl.ac.uk\/blackbox\/files\/2019\/02\/squid.jpg 425w\" sizes=\"auto, (max-width: 300px) 100vw, 300px\" \/><\/p>\n<p><strong>Squid Coming to Life (2017)<\/strong><\/p>\n<p>Nipam Patel<\/p>\n<p>07:10<\/p>\n<p><a href=\"http:\/\/www.patellab.net\" target=\"_blank\" rel=\"noopener noreferrer\" data-content=\"http:\/\/www.patellab.net\" data-type=\"external\">www.patellab.net<\/a><\/p>\n<p style=\"text-align: justify\">Produced by the evolutionary and developmental biologist Nipam Patel in his laboratory\u00a0at the University of California, Berkeley,\u00a0<em>Squid: Coming to Life\u00a0<\/em>is a hypnotic film that follows the process of life from its most basic materials to complex living organisms, in this case squid and cuttlefish. With music composed by Kirsten Dutton and entrancing microscopy footage, the short video shows the cephalopods transforming from embryos (developing in their egg capsules) to hatchlings that emerge with the resplendent, colour-shifting skin they use for communication and camouflage.<\/p>\n<p><strong>\u00a0<\/strong><\/p>\n<p><img loading=\"lazy\" decoding=\"async\" class=\"alignnone size-medium wp-image-70\" src=\"https:\/\/blogs.ncl.ac.uk\/blackbox\/files\/2019\/02\/Screen-Shot-2019-01-30-at-15_10_27-300x178.png\" alt=\"\" width=\"300\" height=\"178\" srcset=\"https:\/\/blogs.ncl.ac.uk\/blackbox\/files\/2019\/02\/Screen-Shot-2019-01-30-at-15_10_27-300x178.png 300w, https:\/\/blogs.ncl.ac.uk\/blackbox\/files\/2019\/02\/Screen-Shot-2019-01-30-at-15_10_27.png 387w\" sizes=\"auto, (max-width: 300px) 100vw, 300px\" \/><\/p>\n<p><strong>Aseptic Requiem (2014)<\/strong><\/p>\n<p>WhiteFeather Hunter<\/p>\n<p>02:58<\/p>\n<p><a href=\"https:\/\/whitefeatherhunter.com\/home.html\" target=\"_blank\" rel=\"noopener noreferrer\" data-content=\"https:\/\/whitefeatherhunter.com\/home.html\" data-type=\"external\">www.whitefeatherhunter.com<\/a><\/p>\n<p style=\"text-align: justify\">Aseptic Requiem\u00a0presents a new scientific protocol for the compassionate disposal of live cells grown in the laboratory. The 24-hour time lapse of digital micrography shows repetitive looping of 11 compressed seconds of live NIH3T3 (human?) connective tissue cells successfully engaging with and performing vital functions on silk filaments in a liquid media culture.\u00a0<em>Aseptic Requiem<\/em>\u00a0is presented with the accompaniment of Gabriel Faur\u00e9&#8217;s <em>Requiem Op. 48<\/em>. The time lapse sequence was produced in August 2014 with technical advice and assistance from Guy Ben-Ary at CELLCentral, School of Human Biology, University of Western Australia. WhiteFeather Hunter is a multiple award-winning Canadian artist and scholar, as well as an educator, arts administrator, curator and writer. She holds an MFA in Fibres and Material Practices from Concordia University (Montreal, Canada) and is currently a PhD researcher, Australian Government Commonwealth Scholar and University of Western Australia Postgraduate Scholar.\u00a0This video was generated as part of research conducted during an artist residency at SymbioticA Centre for Excellence in Biological Arts.<\/p>\n<p><strong><img loading=\"lazy\" decoding=\"async\" class=\"alignnone size-medium wp-image-69\" src=\"https:\/\/blogs.ncl.ac.uk\/blackbox\/files\/2019\/02\/LivelyMaterial_Press2-300x178.jpg\" alt=\"\" width=\"300\" height=\"178\" srcset=\"https:\/\/blogs.ncl.ac.uk\/blackbox\/files\/2019\/02\/LivelyMaterial_Press2-300x178.jpg 300w, https:\/\/blogs.ncl.ac.uk\/blackbox\/files\/2019\/02\/LivelyMaterial_Press2.jpg 387w\" sizes=\"auto, (max-width: 300px) 100vw, 300px\" \/>\u00a0<\/strong><\/p>\n<p><strong>Lively Material (2018)<\/strong><\/p>\n<p>Louise Mackenzie, CNoS<\/p>\n<p>16:47<\/p>\n<p class=\"font_8\"><a href=\"https:\/\/www.cnos.org.uk\/louise-mackenzie\" target=\"_blank\" rel=\"noopener noreferrer\" data-content=\"https:\/\/www.cnos.org.uk\/louise-mackenzie\" data-type=\"external\">www.cnos.org.uk\/louise-mackenzie<\/a><\/p>\n<p class=\"font_8\"><a href=\"https:\/\/www.loumackenzie.com\" target=\"_blank\" rel=\"noopener noreferrer\" data-content=\"https:\/\/www.loumackenzie.com\" data-type=\"external\">www.loumackenzie.com\u00a0<\/a><\/p>\n<p style=\"text-align: justify\">Lively Material is a video diary of artist Louise Mackenzie&#8217;s research within the Institute of Genetic Medicine at Newcastle University. The film follows a thought from the mind of the artist into the body of a genetically modified organism, the laboratory workhorse: <em>E. coli<\/em>. The thought is translated from a spoken phrase, voiced by the artist, into a code that becomes represented as physical material: synthetic DNA, stored within the body of a living organism. The lively material of the organism becomes both container and commodity in the context of the laboratory, used to store and generate DNA. Through a diary-based narrative, Mackenzie explores how her relationship to this lively material alters when DNA is stored within the organism in a cultural, rather than scientific context.<\/p>\n<p><strong>\u00a0<\/strong><\/p>\n<p><strong>LIFE\u00a0 II<\/strong><\/p>\n<p><strong><img loading=\"lazy\" decoding=\"async\" class=\"alignnone size-medium wp-image-68\" src=\"https:\/\/blogs.ncl.ac.uk\/blackbox\/files\/2019\/02\/haem-300x178.jpg\" alt=\"\" width=\"300\" height=\"178\" srcset=\"https:\/\/blogs.ncl.ac.uk\/blackbox\/files\/2019\/02\/haem-300x178.jpg 300w, https:\/\/blogs.ncl.ac.uk\/blackbox\/files\/2019\/02\/haem.jpg 387w\" sizes=\"auto, (max-width: 300px) 100vw, 300px\" \/>\u00a0<\/strong><\/p>\n<p><strong>Haem (2018)<\/strong><\/p>\n<p>Cecilia Jonsson and Dr. Rodrigo Leite de Oliviera<\/p>\n<p>09:27<\/p>\n<p><a href=\"https:\/\/www.ceciliajonsson.com\/\" target=\"_blank\" rel=\"noopener noreferrer\" data-content=\"https:\/\/www.ceciliajonsson.com\/\" data-type=\"external\">www.ceciliajonsson.com<\/a><\/p>\n<p style=\"text-align: justify\">Bridging the fields of art, life sciences and metallurgy,\u00a0<em>HAEM<\/em>\u00a0explores fundamental connections between the elements of the earth and the human body. Jonsson\u2019s film, usually shown as part of a multimedia art installation, focuses on the transformational process of deriving iron from an unexpected source\u00a0\u2013 the human placenta. Through a complex labyrinth of blood vessels, the placenta provides a direct connection between a mother and a developing child. Iron, plentiful throughout this process\u00a0of exchange, plays an essential role, moving through this labyrinth, guiding oxygen from the mother to the foetus. To symbolise this directed movement\u00a0Jonsson chose to make a compass needle with iron\u00a0derived from the blood contained in discarded, postpartum human placentas. This object concentrates the labour of dozens of births,\u00a0of thousands of hours of fluid exchange, at the earliest meeting point between new and existing life. The film project was commissioned by Bio Art &amp; Design Awards 2016, with the support of ZonMw, The Netherlands Cancer Institute, The Arts Council Norway and Bergen Municipality.<\/p>\n<p><img loading=\"lazy\" decoding=\"async\" class=\"alignnone size-medium wp-image-67\" src=\"https:\/\/blogs.ncl.ac.uk\/blackbox\/files\/2019\/02\/Screen-Shot-2019-01-28-at-20_17_15-300x178.png\" alt=\"\" width=\"300\" height=\"178\" srcset=\"https:\/\/blogs.ncl.ac.uk\/blackbox\/files\/2019\/02\/Screen-Shot-2019-01-28-at-20_17_15-300x178.png 300w, https:\/\/blogs.ncl.ac.uk\/blackbox\/files\/2019\/02\/Screen-Shot-2019-01-28-at-20_17_15.png 387w\" sizes=\"auto, (max-width: 300px) 100vw, 300px\" \/><\/p>\n<p><strong>A Child of It\u2019s Time (2014)<\/strong><\/p>\n<p>Laura Harrington, CNoS<\/p>\n<p>10:00<\/p>\n<p class=\"font_8\"><a href=\"https:\/\/www.cnos.org.uk\/laura-harrington\" target=\"_blank\" rel=\"noopener noreferrer\" data-content=\"https:\/\/www.cnos.org.uk\/laura-harrington\" data-type=\"external\">www.cnos.org.uk\/laura-harrington<\/a><\/p>\n<p class=\"font_8\"><a href=\"http:\/\/www.lauraharrington.co.uk\/a-child-of-its-time-2014\" target=\"_blank\" rel=\"noopener noreferrer\" data-content=\"http:\/\/www.lauraharrington.co.uk\/a-child-of-its-time-2014\" data-type=\"external\">www.lauraharrington.co.uk<\/a><\/p>\n<p style=\"text-align: justify\">In Laura Harrington\u2019s short film, our inherent and intuitively playful relationship with the materials of the earth are explored. <em>A Child of It\u2019s Time<\/em> positions Moss Flats, a bare peat flat in the North Pennines as an exploratory playground for Harrington\u2019s\u00a0fifteen-month-old son to investigate, framing a natural and sensory response to environment. \u00a0A. In contrast to scientific processes of monitoring and observing, Harrington makes a claim for a spontaneous relationship with nature. Rather than passive or inactive, this relationship is in a constant state of flux.<\/p>\n<p><img loading=\"lazy\" decoding=\"async\" class=\"alignnone size-medium wp-image-66\" src=\"https:\/\/blogs.ncl.ac.uk\/blackbox\/files\/2019\/02\/Screen-Shot-2019-01-29-at-19_48_45-300x178.png\" alt=\"\" width=\"300\" height=\"178\" srcset=\"https:\/\/blogs.ncl.ac.uk\/blackbox\/files\/2019\/02\/Screen-Shot-2019-01-29-at-19_48_45-300x178.png 300w, https:\/\/blogs.ncl.ac.uk\/blackbox\/files\/2019\/02\/Screen-Shot-2019-01-29-at-19_48_45.png 387w\" sizes=\"auto, (max-width: 300px) 100vw, 300px\" \/><\/p>\n<p><strong>Subatlantic (2015)<\/strong><\/p>\n<p>Ursula Biemann<\/p>\n<p>11:00<\/p>\n<p><a href=\"http:\/\/www.geobodies.org\" target=\"_blank\" rel=\"noopener noreferrer\" data-content=\"http:\/\/www.geobodies.org\" data-type=\"external\">www.geobodies.org<\/a><\/p>\n<p style=\"text-align: justify\"><em>Subatlantic<\/em> explores our connection to the material properties of life on a geological scale. Biemann\u2019s film unfolds across the Subatlantic, the latest phase of the present geological period, the Holocene that began around 2,500 years ago and has registered major civilizational changes. The voiceover alludes to a she-scientist who is making instrumental observations about a changing environment around glacial melts. From an increasingly submerged place of oceanic observation, her objects of examination are as much the physical world and the atmosphere that is engulfing her as the thoughts that are formed, reconfigured or released under the changing conditions.\u00a0<em>Subatlantic\u00a0<\/em>also refers to the submerged space of the Atlantic Ocean. Set in the Shetland Islands, Greenland\u2019s Disco Bay and a tiny Caribbean Island, the video implicates far apart locations that are connected through ocean streams.<\/p>\n<p><strong>\u00a0<\/strong><\/p>\n<p><strong>LIFE\u00a0 III<\/strong><\/p>\n<p><strong>\u00a0<img loading=\"lazy\" decoding=\"async\" class=\"alignnone size-medium wp-image-65\" src=\"https:\/\/blogs.ncl.ac.uk\/blackbox\/files\/2019\/02\/A-Visualisation-of-Beta-Amyloid-Growth--300x178.jpg\" alt=\"\" width=\"300\" height=\"178\" srcset=\"https:\/\/blogs.ncl.ac.uk\/blackbox\/files\/2019\/02\/A-Visualisation-of-Beta-Amyloid-Growth--300x178.jpg 300w, https:\/\/blogs.ncl.ac.uk\/blackbox\/files\/2019\/02\/A-Visualisation-of-Beta-Amyloid-Growth-.jpg 387w\" sizes=\"auto, (max-width: 300px) 100vw, 300px\" \/><\/strong><\/p>\n<p><strong>A Visualisation of Beta Amyloid Growth, Cortical Slice (2016-18)<\/strong><\/p>\n<p>Matthew Pickering<\/p>\n<p>02:49<\/p>\n<p><a href=\"http:\/\/www.matthewpickering.co.uk\/\" target=\"_blank\" rel=\"noopener noreferrer\" data-content=\"http:\/\/www.matthewpickering.co.uk\/\" data-type=\"external\">www.matthewpickering.co.uk<\/a><\/p>\n<p style=\"text-align: justify\">Originally shown as a floor-based projection, this short film was developed through studies of PET scans that show the growth of the beta amyloid protein in the brain, a protein strongly connected with the progression of Alzheimer\u2019s disease. The work explores the physicality of Alzheimer\u2019s using the visual language of bacterial growth and drawing on the psychological impact of interior growths. Both beautiful and sinister, the meaning slowly reveals itself as the animation progresses. <em>A Visualisation of Beta Amyloid Growth, Cortical Slice <\/em>is supported using public funding by the National Lottery through Arts Council England.<\/p>\n<p><strong>\u00a0<img loading=\"lazy\" decoding=\"async\" class=\"alignnone size-medium wp-image-64\" src=\"https:\/\/blogs.ncl.ac.uk\/blackbox\/files\/2019\/02\/Screen-Shot-2019-01-29-at-19_57_59-300x178.png\" alt=\"\" width=\"300\" height=\"178\" srcset=\"https:\/\/blogs.ncl.ac.uk\/blackbox\/files\/2019\/02\/Screen-Shot-2019-01-29-at-19_57_59-300x178.png 300w, https:\/\/blogs.ncl.ac.uk\/blackbox\/files\/2019\/02\/Screen-Shot-2019-01-29-at-19_57_59.png 387w\" sizes=\"auto, (max-width: 300px) 100vw, 300px\" \/><\/strong><\/p>\n<p><strong>Noisy Licking, Dribbling and Spitting (2014)<\/strong><\/p>\n<p>Vicky Smith<\/p>\n<p>03:25<\/p>\n<p><a href=\"http:\/\/www.beefbristol.org\/staff\/vicky-smith\/\" target=\"_blank\" rel=\"noopener noreferrer\" data-content=\"http:\/\/www.beefbristol.org\/staff\/vicky-smith\/\" data-type=\"external\">www.beefbristol.org\/staff\/vicky-smith\/<\/a><\/p>\n<p style=\"text-align: justify\">Vicky Smith&#8217;s animation combines 16mm film and bodily fluids, making our material relationship with technology apparent. Made with the mouth alone, <em>Noisy, Licking, Dribbling and Spitting<\/em> is a direct animation that takes the idea of licking as a primary and semi-automatic action. Using the stained tongue as a tool and stamping pad, the first impression is made 40 frames (1 foot) into the film and then reduced by one frame with each new stamp, accelerating until the marks overlap. Mechanistic control is then rejected in favour of spitting and dribbling as random action.\u00a0Painterly like splats and\u00a0swirls roll down the filmstrip and spill across into the audio track, generating noisy rasps and skidding sounds.<\/p>\n<p><img loading=\"lazy\" decoding=\"async\" class=\"alignnone size-medium wp-image-63\" src=\"https:\/\/blogs.ncl.ac.uk\/blackbox\/files\/2019\/02\/enveloppement-300x178.jpg\" alt=\"\" width=\"300\" height=\"178\" srcset=\"https:\/\/blogs.ncl.ac.uk\/blackbox\/files\/2019\/02\/enveloppement-300x178.jpg 300w, https:\/\/blogs.ncl.ac.uk\/blackbox\/files\/2019\/02\/enveloppement.jpg 387w\" sizes=\"auto, (max-width: 300px) 100vw, 300px\" \/><\/p>\n<p><strong>Un Passage D\u2019Eau (2014)<\/strong><\/p>\n<p><strong><em>subtitled<\/em><\/strong><\/p>\n<p>Louise Herv\u00e9 and Chlo\u00e9 Maillet<\/p>\n<p>22:00<\/p>\n<p class=\"font_8\"><a href=\"http:\/\/iiiiassociation.org\" target=\"_blank\" rel=\"noopener noreferrer\" data-content=\"http:\/\/iiiiassociation.org\" data-type=\"external\">www.iiiiassociation.org<\/a><\/p>\n<p class=\"font_8\"><a href=\"http:\/\/www.marcellealix.com\/artistes\/oeuvres\/823\/louise-herve-chloe-maillet\" target=\"_blank\" rel=\"noopener noreferrer\" data-content=\"http:\/\/www.marcellealix.com\/artistes\/oeuvres\/823\/louise-herve-chloe-maillet\" data-type=\"external\">www.marcellealix.com\/artistes\/oeuvres\/823\/louise-herve-chloe-maillet<\/a><\/p>\n<p style=\"text-align: justify\"><em>Un Passage D\u2019Eau<\/em> speculates on our water-based interactions with the material of life. The film takes place in a sea resort on the Atlantic coast in France. A group of subaquatic archaeologists are looking for the remains of ancient shipwrecks and try to preserve what they find from corrosion. A spa proposes rejuvenation to its clients with the help of seawater treatments. Meanwhile, a mysterious group of retired people are set on finding the way to eternal life.<\/p>\n<p style=\"text-align: justify\">Written and directed by Louise Herv\u00e9 &amp; Chlo\u00e9 Maillet with Brigitte Ro\u00fcan, Bernard Verley, Mathurin Maret, Philippe Bilheur. Production redshoes &amp; I. I. I. I., with the support of La R\u00e9gion Pays de la Loire, P\u00f4le Image Haute-Normandie, Liverpool Biennial 2014 (European Culture Programme 2007-13) &amp; la Passerelle Centre d\u2019art contemporain \u2013 Brest<\/p>\n","protected":false},"excerpt":{"rendered":"<p>BLACK BOX \u2013 LIFE WEEK Show times 10:00 | 11:30 | 13:00 | 14:30 | 16:00 Total Running Time: 1 hour 30 minutes What do we mean by life? Is life a material that we can shape? What are the limits of life? How do our definitions of life shape our understanding of culture and &hellip; <\/p>\n<p class=\"link-more\"><a href=\"https:\/\/blogs.ncl.ac.uk\/blackbox\/life-11th-15th-february-10am-530pm\/\" class=\"more-link\">Continue reading<span class=\"screen-reader-text\"> &#8220;LIFE 11th-15th February 10am-5:30pm&#8221;<\/span><\/a><\/p>\n","protected":false},"author":4483,"featured_media":0,"parent":0,"menu_order":0,"comment_status":"closed","ping_status":"closed","template":"","meta":{"footnotes":""},"class_list":["post-61","page","type-page","status-publish","hentry"],"_links":{"self":[{"href":"https:\/\/blogs.ncl.ac.uk\/blackbox\/wp-json\/wp\/v2\/pages\/61","targetHints":{"allow":["GET"]}}],"collection":[{"href":"https:\/\/blogs.ncl.ac.uk\/blackbox\/wp-json\/wp\/v2\/pages"}],"about":[{"href":"https:\/\/blogs.ncl.ac.uk\/blackbox\/wp-json\/wp\/v2\/types\/page"}],"author":[{"embeddable":true,"href":"https:\/\/blogs.ncl.ac.uk\/blackbox\/wp-json\/wp\/v2\/users\/4483"}],"replies":[{"embeddable":true,"href":"https:\/\/blogs.ncl.ac.uk\/blackbox\/wp-json\/wp\/v2\/comments?post=61"}],"version-history":[{"count":3,"href":"https:\/\/blogs.ncl.ac.uk\/blackbox\/wp-json\/wp\/v2\/pages\/61\/revisions"}],"predecessor-version":[{"id":155,"href":"https:\/\/blogs.ncl.ac.uk\/blackbox\/wp-json\/wp\/v2\/pages\/61\/revisions\/155"}],"wp:attachment":[{"href":"https:\/\/blogs.ncl.ac.uk\/blackbox\/wp-json\/wp\/v2\/media?parent=61"}],"curies":[{"name":"wp","href":"https:\/\/api.w.org\/{rel}","templated":true}]}}