{"id":1043,"date":"2024-05-16T12:59:10","date_gmt":"2024-05-16T11:59:10","guid":{"rendered":"https:\/\/blogs.ncl.ac.uk\/grahamr\/?page_id=1043"},"modified":"2025-01-17T09:14:50","modified_gmt":"2025-01-17T09:14:50","slug":"2023-2","status":"publish","type":"page","link":"https:\/\/blogs.ncl.ac.uk\/grahamr\/publications\/2023-2\/","title":{"rendered":"2023"},"content":{"rendered":"\n<p>Kumar M, Joshi M, Jiang G, Yamada R, Honda R, Srivastava V, Mahlknecht J, Barcelo D, Chidambram S, Khursheed A,<strong>&nbsp;Graham DW<\/strong>&nbsp;(2023 November)&nbsp;<a href=\"https:\/\/www.sciencedirect.com\/science\/article\/abs\/pii\/S0269749123014732?via%3Dihub\">Response of wastewater-based epidemiology predictor for the second wave of COVID-19 in Ahmedabad, India: A long-term data Perspective<\/a>.&nbsp;<em>Environmental Pollution<\/em>, 337:122471, doi.org\/10.1016\/j.envpol.2023.122471.<\/p>\n\n\n\n<p>Pagaling E, Hough R, Avery L, Robinson L, Freitag T, Coull M, Zhou X, Su JQ, Peshkur T, Zhu YG,&nbsp;<strong>Graham DW<\/strong>&nbsp;(2023 November)&nbsp;<a href=\"https:\/\/www.nature.com\/articles\/s43247-023-01057-0\">Antibiotic resistance patterns in soils across the Scottish landscape<\/a>.&nbsp;<em>Communications Earth &amp; Environment<\/em>, 4(1):403, doi.org\/10.1038\/s43247-023-01057-0.<\/p>\n\n\n\n<p>Ovis-S\u00e1nchez JO, Perera-P\u00e9rez VD, Buitr\u00f3n G, Quintela-Baluja M,&nbsp;<strong>Graham DW<\/strong>, Morales-Espinosa R, Carrillo-Reyes J (2023 July)&nbsp;<a href=\"https:\/\/www.sciencedirect.com\/science\/article\/pii\/S0048969723021642\">Exploring resistomes and microbiomes in pilot-scale microalgae-bacteria wastewater treatment systems for use in low-resource settings<\/a>,&nbsp;<em>Science of The Total Environment<\/em>,&nbsp;<em>882<\/em>: 63545, doi.org\/10.1016\/j.scitotenv.2023.163545.<\/p>\n\n\n\n<p>Yin X, Chen X, Jiang XT, Yang Y, Li B, Shum MH, Lam TT, Leung GM, Rose J, Sanchez-Cid C, \u2026&nbsp;<strong>Graham DW<\/strong>, \u2026 Vogel TM (2023 June)&nbsp;<a href=\"https:\/\/pubs.acs.org\/doi\/10.1021\/acs.est.3c00159\">Toward a Universal Unit for Quantification of Antibiotic Resistance Genes in Environmental Samples<\/a>,&nbsp;<em>Environmental Science &amp; Technology<\/em>, 57(26):, 9713- 9721, doi.org\/10.1021\/acs.est.3c00159.<\/p>\n\n\n\n<p>Wang H, Qi JF, Qin R, Ding K,&nbsp;<strong>Graham DW<\/strong>, Zhu YG (2023 April)&nbsp;<a href=\"https:\/\/www.nature.com\/articles\/s43247-023-00790-w\">Intensified livestock farming increases antibiotic resistance genotypes and phenotypes in animal feces<\/a>,&nbsp;<em>Communications Earth &amp; Environment<\/em>,&nbsp;<em>4<\/em>(1):123, doi.org\/10.1038\/s43247-023-00790-w.<\/p>\n\n\n\n<p>Coque TM, Cajal R,&nbsp;<strong>Graham DW<\/strong>, Pruden A, So AD, Topp E, Grooters SV (2023 February)&nbsp;<em><a href=\"https:\/\/www.unep.org\/resources\/superbugs\/environmental-action#:~:text=The%20report%20Bracing%20for%20Superbugs,key%20part%20of%20the%20solution.\">Bracing for Superbugs: Strengthening Environmental Action in the One Health Response to Antimicrobial Resistance<\/a><\/em>, UNEP: Geneva, Switzerland.<\/p>\n\n\n\n<p>Gupta S,&nbsp;<strong>Graham DW<\/strong>, Sreekrishnan TR, Ahammad SZ (2023 January)&nbsp;<a href=\"https:\/\/www.sciencedirect.com\/science\/article\/abs\/pii\/S0048969722061587\">Heavy metal and antibiotic resistance in four Indian and UK rivers with different levels and types of water pollution<\/a>,&nbsp;<em>Science of The Total Environment<\/em>, doi.org\/10.1016\/j.scitotenv.2022.159059.<\/p>\n\n\n\n<p>Gupta S,&nbsp;<strong>Graham DW<\/strong>, Sreekrishnan TR, Ahammad SZ (2023 January)&nbsp;<a href=\"https:\/\/www.sciencedirect.com\/science\/article\/pii\/S0301479722020266?casa_token=TuJKyDj-nXoAAAAA:BdFSKo67yovY8XFQt-Mlznl6UgBxqXoto3HhL2ZNF6Kb1koLd5sRpTKVIEJZX51mdtEVMiGVT27i\">Exploring the Impacts of Physicochemical Characteristics and Heavy Metals Fractions on Bacterial Communities in Four Rivers<\/a>,&nbsp;<em>Journal of Environmental Management<\/em>, 325(Part A):116453, doi.org\/10.1016\/j.jenvman.2022.116453.<\/p>\n\n\n\n<p>Wu D, Zhao J, Su Y, Yang M, Dolfing J,&nbsp;<strong>Graham DW<\/strong>, Yang K, Xie B (2023 January)&nbsp;<a href=\"https:\/\/www.sciencedirect.com\/science\/article\/pii\/S0043135422013045?casa_token=MMxDPAeZAYcAAAAA:OJI5rsWV9pdHRIugkwuk4cExWlz_Qdw_HhPIg8KsVO8cNYfChR5HgJeMgxbb3jzDJyjHRt2NdQb_\">Explaining the resistomes in a megacity\u2019s water supply catchment: Roles of microbial assembly-dominant taxa, niched environments and pathogenic bacteria<\/a>.&nbsp;<em>Water Research<\/em>, doi.org\/10.1016\/j.watres.2022.119359.<\/p>\n\n\n\n<p><\/p>\n","protected":false},"excerpt":{"rendered":"<p>Kumar M, Joshi M, Jiang G, Yamada R, Honda R, Srivastava V, Mahlknecht J, Barcelo D, Chidambram S, Khursheed A,&nbsp;Graham DW&nbsp;(2023 November)&nbsp;Response of wastewater-based epidemiology predictor for the second wave of COVID-19 in Ahmedabad, India: A long-term data Perspective.&nbsp;Environmental Pollution, &hellip; <a href=\"https:\/\/blogs.ncl.ac.uk\/grahamr\/publications\/2023-2\/\">Continue reading <span class=\"meta-nav\">&rarr;<\/span><\/a><\/p>\n","protected":false},"author":5556,"featured_media":0,"parent":97,"menu_order":-1,"comment_status":"closed","ping_status":"closed","template":"","meta":{"footnotes":""},"class_list":["post-1043","page","type-page","status-publish","hentry"],"_links":{"self":[{"href":"https:\/\/blogs.ncl.ac.uk\/grahamr\/wp-json\/wp\/v2\/pages\/1043","targetHints":{"allow":["GET"]}}],"collection":[{"href":"https:\/\/blogs.ncl.ac.uk\/grahamr\/wp-json\/wp\/v2\/pages"}],"about":[{"href":"https:\/\/blogs.ncl.ac.uk\/grahamr\/wp-json\/wp\/v2\/types\/page"}],"author":[{"embeddable":true,"href":"https:\/\/blogs.ncl.ac.uk\/grahamr\/wp-json\/wp\/v2\/users\/5556"}],"replies":[{"embeddable":true,"href":"https:\/\/blogs.ncl.ac.uk\/grahamr\/wp-json\/wp\/v2\/comments?post=1043"}],"version-history":[{"count":3,"href":"https:\/\/blogs.ncl.ac.uk\/grahamr\/wp-json\/wp\/v2\/pages\/1043\/revisions"}],"predecessor-version":[{"id":1065,"href":"https:\/\/blogs.ncl.ac.uk\/grahamr\/wp-json\/wp\/v2\/pages\/1043\/revisions\/1065"}],"up":[{"embeddable":true,"href":"https:\/\/blogs.ncl.ac.uk\/grahamr\/wp-json\/wp\/v2\/pages\/97"}],"wp:attachment":[{"href":"https:\/\/blogs.ncl.ac.uk\/grahamr\/wp-json\/wp\/v2\/media?parent=1043"}],"curies":[{"name":"wp","href":"https:\/\/api.w.org\/{rel}","templated":true}]}}