{"id":95,"date":"2019-09-17T09:04:17","date_gmt":"2019-09-17T08:04:17","guid":{"rendered":"https:\/\/blogs.ncl.ac.uk\/labourandsociety\/?page_id=95"},"modified":"2019-10-14T12:09:38","modified_gmt":"2019-10-14T11:09:38","slug":"publications","status":"publish","type":"page","link":"https:\/\/blogs.ncl.ac.uk\/labourandsociety\/publications\/","title":{"rendered":"Publications"},"content":{"rendered":"<p>The most recent and forthcoming publications by the members of Labour &amp; Society are listed below. Additional publications can be viewed by visiting <a href=\"https:\/\/blogs.ncl.ac.uk\/labourandsociety\/people-2\/\">people.<\/a><\/p>\n<h2><strong>Forthcoming<\/strong><\/h2>\n<p>Allen, Joan \u2018The Nineteenth Century Denominational Press\u2019, David Finkelstein (ed.),\u00a0<i>Edinburgh History of the British and Irish Press, 1800-1900\u00a0<\/i>(Edinburgh University Press,\u00a0<i>forthcoming<\/i>\u00a02019)\u00a0in press<\/p>\n<p>Baker, Bruce\u00a0\u201cDas Kapital on Tchoupitoulas Street: The Marketing of Stolen Goods and the Reserve Army of Labor in Reconstruction-Era New Orleans,\u201d in Bruce E. Baker and Jeff Forret, eds., The Scoundrels, Shysters, and Confidence Men of Nineteenth-Century Southern Capitalism (Baton Rouge: Louisiana State University Press, forthcoming 2020)<\/p>\n<p>Baker, Bruce with Elaine S. Frantz, \u201cAgainst Synthesis: Diverse Approaches in the History of Reconstruction,\u201d in Craig Thompson Friend and Lorri Glover, eds., Rewriting Southern History: Historiographical Essays (Baton Rouge: Louisiana State University Press, forthcoming 2020)<\/p>\n<p>Carrer, Francesco, Walsh K. &amp; Mocci F. (2019). Ecology, economy and upland landscapes: Transformations of human-environment interaction in the Alps during the transition to modernity.\u00a0<i>Human Ecology<\/i>\u00a0[forthcoming]<\/p>\n<p>Cross, M\u00e1ire <i>In the Footsteps of Flora Tristan<\/i>\u00a0Liverpool University Press (forthcoming)<\/p>\n<p>Cross, M\u00e1ire \u2018A Philosophy of Love: Flora Tristan to Charles Fillieu\u2019, in Ada Bronowski (ed)\u00a0<i>\u2018Dear Friend, You Must Change Your Life\u2019: The Letters of Great Thinkers<\/i>, Bloomsbury, (forthcoming)<\/p>\n<p>Houston, Ben \u201c\u2018Not as It Is Written\u2019: Blending oral history and historic photographs in a civil rights exhibition,\u201d The Public Historian (accepted for publication, slated for May 2020).<\/p>\n<h2><strong>2019<\/strong><\/h2>\n<p>Atkinson-Phillips A, Capdepon U, Strauss J, Lopez Badell O.\u00a0Mapping Historical Dialogue: Remembering for the Future.\u00a0<em>Kritika Kultura<\/em>\u00a02019,\u00a033\/34, 786-805.<\/p>\n<p>Atkinson-Phillips A.\u00a0Material Testimony: Memorials Bearing Witness to Experiences of Loss and Trauma.\u00a0<em>In:<\/em>\u00a0Santos, C; Spahr, A; Crowe Morey, T, ed.\u00a0<em>Testimony and Trauma: Engaging Common Ground<\/em>. Leiden: Brill, 2019, pp.13-35.<\/p>\n<p>Atkinson-Phillips A.\u00a0Settled and Unsettled: The Spirit of Enterprise Project as (Post)Settler-Colonial Memory Activism.\u00a0<em>In:<\/em>\u00a0Darian-Smith, K; Hamilton, P, ed.\u00a0<em>Remembering Migration: Oral Histories and Heritage in Australia<\/em>. Melbourne: Palgrave Macmillan, 2019, pp.271-283.<\/p>\n<p>Atkinson-Phillips A.\u00a0<em>Survivor Memorials: Remembering Trauma and Loss in Contemporary Australia.<\/em>\u00a0Perth, Western Australia: University of Western Australia Publishing, 2019.<\/p>\n<p>Baker, Bruce \u201cThe Loose Cotton Economy of the New Orleans Waterfront in the Late Nineteenth Century,\u201d in Capitalism\u2019s Hidden Worlds, ed. Kenneth Lipartito and Lisa Jacobson (Philadelphia: University of Pennsylvania Press, 2019), 67-80<\/p>\n<p>Baker, Bruce with J. Laurence Hare and Jack Wells, Essential Skills for Historians (New York\/London: Bloomsbury, 2019)<\/p>\n<p>Carrer,\u00a0Francesco, Shukurov A., Baggaley A., Sarson G. &amp; Angelucci D.E. 2019. Ethnoarchaeology-based modelling to investigate pastoral practices in the Alpine uplands. In Saqualli M. &amp; Vander Linden M. (eds.),\u00a0<i>Integrating qualitative and social science factors in archaeological modelling<\/i>. Springer.<\/p>\n<p>Clark, Andy\u00a0and Monaghan, H.\u00a0 \u2018We were the ones really doing something about it: leadership and shopfloor mobilization against manufacturing closure\u2019.\u00a0<i>Work, Employment and Society<\/i>. (2019, online first)<\/p>\n<p>Dale, Robert \u2018\u201cFor what and for whom were we fighting?\u201d: Red Army Soldiers, Combat Motivation and Survival Strategies on the Eastern Front in the Second World War\u2019, in Catriona Pennell and Filipe Ribeiro de Meneses (eds),\u00a0<i>A World at War, 1911-1949: Explorations in the Cultural History of War\u00a0<\/i>(Leiden: Brill, 2019), pp. 133\u201358.<\/p>\n<p>Loughlin, Christopher\u00a0<i>Labour and the Politics of Disloyalty in Belfast, 1921-<\/i><em>39<\/em> (Basingstoke:\u00a0Palgrave Macmillan, 2019)<\/p>\n<p>Partridge, Ben \u2018Visualizing Labour: Photographing the Factory Gates in May 1968\u2019, Labour History Review, 84, 2, (2019), 175-201.<\/p>\n<p>Quiroga, Alejandro,&#8221;Reino Unido. Brexit o el ni\u00f1o que quer\u00eda jugar solo&#8221; in \u00c1lvaro Soto Carmona (ed.), La democracia herida. La tormenta perfecta (Madrid, Marcial Pons, 2019) 259-288.<\/p>\n<p>Quiroga, Alejandro,\u00a0&#8220;Self-Portraits of the Past: Conflicting Narratives of the Spanish Transition in a Time of Crisis (2008\u20132016)&#8221; in Maria Elena Cavallaro and Kostis Kornetis (eds.), Rethinking Democratisation in Spain, Greece and Portugal (Basingstoke, Palgrave, 2019), 21-44 (co-authored with Carmina Gustr\u00e1n).<\/p>\n<p>Quiroga, Alejandro,\u00a0&#8220;As\u00ed tambi\u00e9n se hace patria. F\u00fatbol y franquismo en Catalu\u00f1a y el Pa\u00eds Vasco (1939-1977)&#8221;, <i>Hispania Nova<\/i>, (2019), n. 17, 270- 305.<\/p>\n<p>Quiroga, Alejandro, &#8220;Mixed feelings: Identities and nationalisations in Catalonia and the Basque country (1980\u20132015)&#8221;, <i>National Identities<\/i>, (2019), 21 (1), 93-111. (co-authored with Fernando Molina).<\/p>\n<p>Quiroga, Alejandro,\u00a0&#8220;Forging democratic citizens. Mass nationalization on a local level in the Spanish Second Republic (1931-36)&#8221;, <i>European Review of History<\/i> \/<i> Revue europ\u00e9enne d&#8217;histoire <\/i>(2019), Vol 26, Issue 3, 505-532.<\/p>\n<h2><strong>2018<\/strong><\/h2>\n<p>Atkinson-Phillips, Alison\u00a0Commemorating a rape: Mary\u2019s Place 1997 and 2010.\u00a0<em>Outskirts<\/em>\u00a02018,\u00a038, 1-17.<\/p>\n<p>Atkinson-Phillips, Alison\u00a0Commemoration as Witnessing: 20 years of remembering the stolen generations at Colebrook Reconciliation Park.\u00a0<em>De Arte<\/em>\u00a02018,\u00a053(2-3), 103-121.<\/p>\n<p>Atkinson-Phillips, Alison\u00a0On being moved: art, affect and activation in public commemorations of trauma.\u00a0<em>Continuum<\/em>\u00a02018,\u00a032(3), 381-392.<\/p>\n<p>Atkinson-Phillips, Alison\u00a0Re-remembering Australia: Public memorials sharing difficult knowledge.\u00a0<em>Coolabah<\/em>\u00a02018,\u00a024&amp;25, 76-93.<\/p>\n<p>Carrer, Francesco &amp; Angelucci D.E. 2018. Continuity and discontinuity in the history of alpine landscapes: the upland pastoral landscapes of Val Molinac and Val Por\u00e9 (Val di Sole, Trentino, Eastern Italian Alps).\u00a0<i>Landscape Research<\/i>, 43(6): 862-877.<\/p>\n<p>Clark, Andy and Gibbs, E. \u2018Voices of social dislocation, lost work and economic restructuring: Narratives from marginalised localities in the \u2018New Scotland\u2019\u2019.\u00a0<i>Memory Studies.\u00a0<\/i>(2018, online first)<\/p>\n<p>Houston, Ben \u201cRhythm, Colour, and Movements: Narratives of Art and Life in Black Pittsburgh,\u201d under review at Slavery &amp; Abolition (for the special issue: Strike for Freedom: Acts and Arts of Liberation in the African Atlantic Imaginary (1818-2018)<\/p>\n<p>Houston, Ben \u201cBefore the Bridge: Grassroots Activism in Selma Before 1965,\u201d in Joe Street and Henry Knight Lozano, eds., The Shadow of Selma: The Selma Campaign and the Voting Rights Act, 1965-2010 (Gainesville: University Press of Florida, 2018.)<\/p>\n<p>Quiroga, Alejandro,\u00a0<i>Ondear la naci\u00f3n. Nacionalismo banal en Espa\u00f1a<\/i> (edited book with Ferran Archil\u00e9s) (Granada: Comares, 2018).<\/p>\n<p>Quiroga, Alejandro,\u00a0&#8220;2010. El Mundial de f\u00fatbol: la Roja y la identidad nacional&#8221;, in Xos\u00e9 Manoel N\u00fa\u00f1ez Seixas (ed.), <i>Historia Mundial de Espa\u00f1a<\/i> (Barcelona: Destino, 2018), 927-932.<\/p>\n<p>Quiroga, Alejandro,\u00a0&#8220;La naci\u00f3n nuestra de cada d\u00eda: el impacto de Banal Nationalism en Espa\u00f1a&#8221;, in Alejandro Quiroga and Ferran Archil\u00e9s (eds.) <i>Ondear la naci\u00f3n. Nacionalismo banal en Espa\u00f1a<\/i> (Granada: Comares, 2018), 1-18.<\/p>\n<p>Quiroga, Alejandro,\u00a0&#8220;Ondear la naci\u00f3n como problema&#8221;, in Alejandro Quiroga and Ferran Archil\u00e9s (eds.) <i>Ondear la naci\u00f3n. Nacionalismo banal en Espa\u00f1a<\/i> (Granada: Comares, 2018) (co-authored with Ferran Archil\u00e9s), ix-xiii.<\/p>\n<p>Quiroga, Alejandro,\u00a0&#8220;V\u00edrgenes, jotas y estampitas. Religi\u00f3n y naci\u00f3n en la II Rep\u00fablica&#8221;,<i> De la historia eclesi\u00e1stica a la historia religiosa. Estudios en homenaje al profesor Feliciano Montero<\/i> Madrid, Universidad de Alcal\u00e1, 2018, 347-364.<\/p>\n<h2><strong>2017<\/strong><\/h2>\n<p>Atkinson-Phillips, Alison\u00a0Beyond the ANZAC spirit: Commemorating civilian experience of war.\u00a0<em>Studies in Western Australian History<\/em>\u00a02017, (32), 135-147.<\/p>\n<p>Allen, Joan \u2018A question of neutrality? The politicisation of the north-east Co-operative Movement, 1892-1926\u2019, in Keith Laybourn and John Shepherd (eds)<i>\u00a0Labour: The British Labour Movement and Working People\u2019s Lives: Essays to Celebrate the Life and Work of Chris Wrigley\u00a0<\/i>(Manchester, University Press, 2017)<\/p>\n<p>Clark, Andy \u2018\u2018They were almost stealing our identity and taking it to Ireland\u2019: Deindustrialization, Gender, and Resistance in Scotland\u2019, pp.331-347 in High, S., Perchard, A., and MacInnon, L. (Eds),<i>\u00a0The Deindustrialized World: Confronting Ruination in Postindustrial Places<\/i>. (Vancouver: University of British Columbia Press, 2017)<\/p>\n<p>Cross, M\u00e1ire \u2018In the face of disappearance: a tribute to the work of Robin Adamson\u2019\u00a0<i>Hidden words, Hidden worlds: everyday life and narrative sources (France 1939-1945)<\/i>, (special issue)\u00a0<i>Essays in French Literature and Culture<\/i>\u00a054, 2017<\/p>\n<p>Dale, Robert \u2018Being a Real Man\u2019: Masculinities in Soviet Russia during and after the Great Patriotic War.\u00a0<i>In:<\/i>\u00a0Peniston-Bird C; Vickers E, ed.\u00a0<i>Gender and the Second World War: The Lessons of War<\/i>. Basingstoke: Palgrave Macmillan, 2017, pp.116-134.<\/p>\n<p>Quiroga, Alejandro, \u201cNarratives of success and portraits of misery: Football, national identities, and economic crisis in Spain (2008\u20132012)\u201d, <i>Romance Quarterly<\/i>, 2017, 64:3, 126-134.<\/p>\n<p>Quiroga, Alejandro, &#8220;Sports and the Spanish Nation&#8221;, in Javier Moreno-Luz\u00f3n and Xos\u00e9 M. N\u00fa\u00f1ez Seixas (eds.), <i>Metaphors of Spain. Representations of Spanish National Identity in the Twentieth Century<\/i>, Oxford\/ New York, Berghahn, 2017, 198-218.<\/p>\n<p>Quiroga, Alejandro, &#8220;\u00bfUna f\u00e1brica de independentistas? Procesos de nacionalizaci\u00f3n en Catalu\u00f1a (1980-2015)&#8221;, in Steven Forti, Enric Ucelay and Arnau Gonz\u00e1lez (eds.), <i>El proceso separatista en Catalu\u00f1a<\/i>, Granada, Comares, 2017, (co-authored with Fernando Molina), 51-70.<\/p>\n<p>Quiroga, Alejandro, \u201cProcesos de nacionalizaci\u00f3n en el \u00e1mbito local. Alag\u00f3n, 1923-1936\u201d, Carlos Forcadell and Carmen Fr\u00edas (ed.), <i>Veinte a\u00f1os de congresos de Historia Contempor\u00e1nea (1997-2016)<\/i>, Zaragoza, Instituci\u00f3n Fernando el Cat\u00f3lico, 2017, 69-89.<\/p>\n<p>Quiroga, Alejandro, &#8220;Football and Identities in Catalonia&#8221;, Enric Bou and Jaume Subirana (ed.) <i>The Barcelona Reader. Cultural Readings of a City<\/i>, Liverpool: Liverpool University Press, 2017, 163-184.<\/p>\n<p>Quiroga, Alejandro, \u201cIntroducci\u00f3n\u201d, (with Steven Forti), <i>La Historia, lost in Translation? Actas del XIII Congreso de la Asociaci\u00f3n de Historia Contempor\u00e1nea<\/i>, Albacete, UCLM, 2017, 1137-1138.<\/p>\n","protected":false},"excerpt":{"rendered":"<p>The most recent and forthcoming publications by the members of Labour &amp; Society are listed below. Additional publications can be viewed by visiting people. Forthcoming Allen, Joan \u2018The Nineteenth Century Denominational Press\u2019, David Finkelstein (ed.),\u00a0Edinburgh History of the British and &hellip; <a href=\"https:\/\/blogs.ncl.ac.uk\/labourandsociety\/publications\/\">Continue reading <span class=\"meta-nav\">&rarr;<\/span><\/a><\/p>\n","protected":false},"author":7132,"featured_media":0,"parent":0,"menu_order":0,"comment_status":"closed","ping_status":"closed","template":"","meta":{"footnotes":""},"class_list":["post-95","page","type-page","status-publish","hentry"],"_links":{"self":[{"href":"https:\/\/blogs.ncl.ac.uk\/labourandsociety\/wp-json\/wp\/v2\/pages\/95","targetHints":{"allow":["GET"]}}],"collection":[{"href":"https:\/\/blogs.ncl.ac.uk\/labourandsociety\/wp-json\/wp\/v2\/pages"}],"about":[{"href":"https:\/\/blogs.ncl.ac.uk\/labourandsociety\/wp-json\/wp\/v2\/types\/page"}],"author":[{"embeddable":true,"href":"https:\/\/blogs.ncl.ac.uk\/labourandsociety\/wp-json\/wp\/v2\/users\/7132"}],"replies":[{"embeddable":true,"href":"https:\/\/blogs.ncl.ac.uk\/labourandsociety\/wp-json\/wp\/v2\/comments?post=95"}],"version-history":[{"count":11,"href":"https:\/\/blogs.ncl.ac.uk\/labourandsociety\/wp-json\/wp\/v2\/pages\/95\/revisions"}],"predecessor-version":[{"id":281,"href":"https:\/\/blogs.ncl.ac.uk\/labourandsociety\/wp-json\/wp\/v2\/pages\/95\/revisions\/281"}],"wp:attachment":[{"href":"https:\/\/blogs.ncl.ac.uk\/labourandsociety\/wp-json\/wp\/v2\/media?parent=95"}],"curies":[{"name":"wp","href":"https:\/\/api.w.org\/{rel}","templated":true}]}}