{"id":12,"date":"2016-09-28T16:34:13","date_gmt":"2016-09-28T15:34:13","guid":{"rendered":"https:\/\/blogs.ncl.ac.uk\/pablodocampo\/?page_id=12"},"modified":"2016-09-28T16:34:13","modified_gmt":"2016-09-28T15:34:13","slug":"publications","status":"publish","type":"page","link":"https:\/\/blogs.ncl.ac.uk\/pablodocampo\/publications\/","title":{"rendered":"Publications"},"content":{"rendered":"<h1 class=\"g-h1\">Publications<\/h1>\n<h1 class=\"EndNoteBibliography\">2016<\/h1>\n<p>Michiel L. Petrus,* Yinghong Hu,* Davide Moia, Philip Calado, Aurelien M.A. Leguy, Piers R.F. Barnes, Pablo Docampo,\u00a0The Influence of Water Vapor on the Stability and Processing of Hybrid Perovskite Solar Cells Made from Non-Stoichiometric Precursor Mixtures, <a href=\"http:\/\/onlinelibrary.wiley.com\/doi\/10.1002\/cssc.201600999\/full\"><u><span style=\"color: #0066cc\">ChemSusChem, 2016, in Press<\/span><\/u><\/a> (DOI: 10.1002\/cssc.201600999)<\/p>\n<p>Fabian Hanusch, Michiel L. Petrus, Pablo Docampo,\u00a0Unconventional Thin Film Photovoltaics. Chapter 2: Towards Optimum Solution-processed Planar Heterojunction Perovskite Solar Cells, Royal Society of Chemistry (Eds.\u00a0E. Da\u2005Corno, F. De\u2005Angelis, H. Snaith, A. Walker),\u00a0<a href=\"http:\/\/pubs.rsc.org\/en\/content\/chapter\/bk9781782622932-00032\/978-1-78262-293-2#!divabstract\"><u><span style=\"color: #0066cc\">2016, pp.\u200532\u201356,\u00a0<\/span><\/u><\/a>(<strong>ISBN:\u00a0<\/strong>978-1-78262-293-2)<\/p>\n<p>Yinghong Hu, Johannes Schlipf, Michael Wussler, Michiel L Petrus, Wolfram Jaegermann, Thomas Bein, Peter Muller-Buschbaum, Pablo Docampo,\u00a0Hybrid Perovskite\/Perovskite Heterojunction Solar Cells,\u00a0<a href=\"http:\/\/pubs.acs.org\/doi\/abs\/10.1021\/acsnano.6b01535\"><u><span style=\"color: #0066cc\">ACS Nano, 2016, 10 (6), 5999-6007<\/span><\/u><\/a><\/p>\n<p>Nadja Giesbrecht, Johannes Schlipf, Lukas Oesinghaus, Andreas Binek, Thomas Bein, Peter Muller-Buschbaum, Pablo Docampo,\u00a0Synthesis of Perfectly Oriented and Micrometer-Sized MAPbBr3 Perovskite Crystals for Thin Film Photovoltaic Applications, <a href=\"http:\/\/pubs.acs.org\/doi\/abs\/10.1021\/acsenergylett.6b00050\"><u><span style=\"color: #0066cc\">ACS Energy Letters,\u00a02016, 1, 150-154<\/span><\/u><\/a><\/p>\n<p>Andres Binek, Michiel L. Petrus, Niklas Huber, Helen Bristow, Yinghong Hu, Thomas Bein, Pablo Docampo,\u00a0Recycling perovskite solar cells to avoid lead waste, <a href=\"http:\/\/pubs.acs.org\/doi\/abs\/10.1021\/acsami.6b03767\"><u><span style=\"color: #0066cc\">ACS applied materials &amp; Interfaces, 2016, 8 (20), 12881-12886<\/span><\/u><\/a><\/p>\n<p>Andreas Binek, Irene Grill, Niklas Huber, Kristina Peters, Alexander G Hufnagel, Matthias Handloser, Pablo Docampo, Achim Hartschuh, Thomas Bein,\u00a0Control of Perovskite Crystal Growth by Methylammonium Lead Chloride Templating, <em>Chemistry\u2013An Asian Journal<\/em>,\u00a02016<\/p>\n<p>Pablo Docampo, Thomas Bein,\u00a0A Long-Term View on Perovskite Optoelectronics,\u00a0<em>Accounts of chemical research<\/em>, 2016, 49, 2, 339<\/p>\n<p>Kathrin Handloser, Nadja Giesbrecht, Thomas Bein, Pablo Docampo, Matthias Handloser, Achim Hartschuh,\u00a0Contact-less Visualization of Fast Charge Carrier Diffusion in Hybrid Halide Perovskite Thin Films,\u00a0<em>ACS Photonics<\/em>, 2016<\/p>\n<h1 class=\"EndNoteBibliography\"><!-- [if supportFields]&gt;\u00a0ADDIN EN.REFLIST &lt;![endif]-->2015<a name=\"_ENREF_1\"><\/a><\/h1>\n<p class=\"EndNoteBibliography\">M. L. Petrus, T. Bein, T. J. Dingemans, P. Docampo,\u00a0A Low Cost Azomethine-Based Hole Transporting Material for Perovskite Photovoltaics\u201d,\u00a0<em>Journal of Materials Chemistry A<\/em>, 2015, 3, 12159 (open access)<\/p>\n<p>Ayg\u00fcler, M. F., Weber, M. D., Puscher, B. M., Medina, D. D., Docampo, P. &amp; Costa, R. D. \u00a0Light-Emitting Electrochemical Cells Based on Hybrid Lead Halide Perovskite Nanoparticles. <em>The Journal of Physical Chemistry C\u00a0(2015).<\/em><\/p>\n<p>Binek, A., Hanusch, F. C., Docampo, P. &amp; Bein, T. Stabilization of the Trigonal High Temperature Phase of Formamidinium Lead Iodide. <em>The Journal of Physical Chemistry Letters<\/em>.(2015).<\/p>\n<p>Leguy, A., Hu, Y., Campoy-Quiles, M., Alonso, M. I., Weber, O. J., Azarhoosh, P., Van Schilfgaarde, M., Weller, M. T., Bein, T., Nelson, J., Docampo, P. &amp; Barnes, PRF. The reversible hydration of CH3NH3PbI3 in films, single crystals and solar cells. <em>Chemistry of Materials<\/em>.(2015).<\/p>\n<p>Minar, N. K., Docampo, P., Fattakhova-Rohlfing, D. &amp; Bein, T.Guided In-Situ Polymerization of MEH-PPV in Mesoporous Titania. <em>ACS applied materials &amp; interfaces<\/em>.(2015).<\/p>\n<p>Schlipf, J., Docampo, P., Schaffer, C. J., K\u00f6rstgens, V., Bie\u00dfmann, L., Hanusch, F. C., Giesbrecht, N., Bernstorff, S., Bein, T. &amp; Muller-Buschbaum, P. \u00a0A Closer Look into 2-Step Perovskite Conversion with X-Ray Scattering. <em>The Journal of Physical Chemistry Letters<\/em>.(2015).<\/p>\n<h1 class=\"EndNoteBibliography\">2014<\/h1>\n<p class=\"EndNoteBibliography\">Tan, Z.-K., Moghaddam, R. S., Lai, M. L., Docampo, P., Higler, R., Deschler, F., Price, M., Sadhanala, A., Pazos, L. M. &amp; Credgington, D. Bright light-emitting diodes based on organometal halide perovskite.<em>\u00a0Nature nanotechnology<\/em>\u00a0(2014).<\/p>\n<p class=\"EndNoteBibliography\">Snaith, H. &amp; Docampo, P. Solid State Dye-Sensitized Solar Cell. <em>Encyclopedia of Applied Electrochemistry<\/em>, 2029-2040 (2014).<\/p>\n<p class=\"EndNoteBibliography\">Sivaram, V., Crossland, E. J., Leijtens, T., Noel, N. K., Alexander-Webber, J., Docampo, P. &amp; Snaith, H. J. Observation of Annealing-Induced Doping in TiO2 Mesoporous Single Crystals for Use in Solid State Dye Sensitized Solar Cells. <em>The Journal of Physical Chemistry C<\/em> <strong>118<\/strong>, 1821-1827 (2014).<\/p>\n<p class=\"EndNoteBibliography\">Sadhanala, A., Deschler, F., Thomas, T. H., Dutton, S. n. E., Goedel, K. C., Hanusch, F. C., Lai, M. L., Steiner, U., Bein, T. &amp; Docampo, P. Preparation of Single-Phase Films of CH3NH3Pb (I1\u2013x Br x) 3 with Sharp Optical Band Edges. <em>The Journal of Physical Chemistry Letters<\/em> <strong>5<\/strong>, 2501-2505 (2014).<\/p>\n<p class=\"EndNoteBibliography\">Raavi, S. S. K., Docampo, P., Wehrenfennig, C., Alcocer, M. J., Sadoughi, G., Herz, L. M., Snaith, H. J. &amp; Petrozza, A. The Impact of Molecular Charge-Transfer States on Photocurrent Generation in Solid State DSSCs Employing Low Band-Gap Dyes. <em>The Journal of Physical Chemistry C<\/em> (2014).<\/p>\n<p class=\"EndNoteBibliography\">Pathak, S. K., Abate, A., Leijtens, T., Hollman, D. J., Teuscher, J., Pazos, L., Docampo, P., Steiner, U. &amp; Snaith, H. J. Towards Long\u2010Term Photostability of Solid\u2010State Dye Sensitized Solar Cells. <em>Advanced Energy Materials<\/em> (2014).<\/p>\n<p class=\"EndNoteBibliography\">Hanusch, F. C., Wiesenmayer, E., Mankel, E., Binek, A., Angloher, P., Fraunhofer, C., Giesbrecht, N., Feckl, J. M., Jaegermann, W., Johrendt, D., Bein, T., &amp; Docampo, P. Efficient Planar Heterojunction Perovskite Solar Cells Based on Formamidinium Lead Bromide. <em>The Journal of Physical Chemistry Letters<\/em> <strong>5<\/strong>, 2791-2795 (2014).<\/p>\n<p class=\"EndNoteBibliography\">Eperon, G. E., Burlakov, V. M., Docampo, P., Goriely, A. &amp; Snaith, H. J. Morphological Control for High Performance, Solution\u2010Processed Planar Heterojunction Perovskite Solar Cells. <em>Advanced Functional Materials<\/em> <strong>24<\/strong>, 151-157 (2014).<\/p>\n<p class=\"EndNoteBibliography\">Docampo, P., Hanusch, F. C., Giesbrecht, N., Angloher, P., Ivanova, A. &amp; Bein, T. Influence of the orientation of methylammonium lead iodide perovskite crystals on solar cell performance. <em>APL Materials<\/em> <strong>2<\/strong>, 081508 (2014).<\/p>\n<p class=\"EndNoteBibliography\">Docampo, P., Hanusch, F., Stranks, S. D., D\u00f6blinger, M., Feckl, J. M., Ehrensperger, M., Minar, N. K., Johnston, M. B., Snaith, H. J. &amp; Bein, T. Solution Deposition\u2010Conversion for Planar Heterojunction Mixed Halide Perovskite Solar Cells. <em>Advanced Energy Materials<\/em> (2014).<\/p>\n<p class=\"EndNoteBibliography\">Docampo, P., Guldin, S., Leijtens, T., Noel, N. K., Steiner, U. &amp; Snaith, H. J. Lessons Learned: From Dye\u2010Sensitized Solar Cells to All\u2010Solid\u2010State Hybrid Devices. <em>Advanced Materials<\/em> (2014).<\/p>\n<p class=\"EndNoteBibliography\">\n<h1 class=\"EndNoteBibliography\">2013<\/h1>\n<p class=\"EndNoteBibliography\">Weisspfennig, C. T., Lee, M. M., Teuscher, J., Docampo, P., Stranks, S. D., Joyce, H. J., Bergmann, H., Bruder, I., Kondratuk, D. V. &amp; Johnston, M. B. Optimizing the Energy Offset between Dye and Hole-Transporting Material in Solid-State Dye-Sensitized Solar Cells. <em>The Journal of Physical Chemistry C<\/em> <strong>117<\/strong>, 19850-19858 (2013).<\/p>\n<p class=\"EndNoteBibliography\">Sadoughi, G., Sivaram, V., Gunning, R., Docampo, P., Bruder, I., Pschirer, N., Irajizad, A. &amp; Snaith, H. J. Enhanced electronic contacts in SnO 2\u2013dye\u2013P3HT based solid state dye sensitized solar cells. <em>Physical Chemistry Chemical Physics<\/em> <strong>15<\/strong>, 2075-2080 (2013).<\/p>\n<p class=\"EndNoteBibliography\">Passoni, L., Ghods, F., Docampo, P., Abrusci, A., Marti-Rujas, J., Ghidelli, M., Divitini, G., Ducati, C., Binda, M. &amp; Guarnera, S. Hyperbranched quasi-1D nanostructures for solid-state dye-sensitized solar cells. <em>ACS nano<\/em> <strong>7<\/strong>, 10023-10031 (2013).<\/p>\n<p class=\"EndNoteBibliography\">Docampo, P., Ivaturi, A., Gunning, R., Diefenbach, S., Kirkpatrick, J., Palumbiny, C. M., Sivaram, V., Geaney, H., Schmidt-Mende, L. &amp; Welland, M. E. The influence of 1D, meso-and crystal structures on charge transport and recombination in solid-state dye-sensitized solar cells. <em>Journal of Materials Chemistry A<\/em> <strong>1<\/strong>, 12088-12095 (2013).<\/p>\n<p class=\"EndNoteBibliography\">Docampo, P., Guldin, S., Steiner, U. &amp; Snaith, H. J. Charge transport limitations in self-assembled TiO2 photoanodes for dye-sensitized solar cells. <em>The Journal of Physical Chemistry Letters<\/em> <strong>4<\/strong>, 698-703 (2013).<\/p>\n<p class=\"EndNoteBibliography\">Docampo, P., Ball, J. M., Darwich, M., Eperon, G. E. &amp; Snaith, H. J. Efficient organometal trihalide perovskite planar-heterojunction solar cells on flexible polymer substrates. <em>Nature communications<\/em> <strong>4<\/strong> (2013).<\/p>\n<p class=\"EndNoteBibliography\">Abrusci, A., Stranks, S. D., Docampo, P., Yip, H.-L., Jen, A. K.-Y. &amp; Snaith, H. J. High-performance perovskite-polymer hybrid solar cells via electronic coupling with fullerene monolayers. <em>Nano letters<\/em> <strong>13<\/strong>, 3124-3128 (2013).<\/p>\n<p class=\"EndNoteBibliography\">Abate, A., Leijtens, T., Pathak, S., Teuscher, J., Avolio, R., Errico, M. E., Kirkpatrik, J., Ball, J. M., Docampo, P. &amp; McPherson, I. Lithium salts as \u201credox active\u201d p-type dopants for organic semiconductors and their impact in solid-state dye-sensitized solar cells. <em>Physical Chemistry Chemical Physics<\/em> <strong>15<\/strong>, 2572-2579 (2013).<\/p>\n<p class=\"EndNoteBibliography\">\n<h1 class=\"EndNoteBibliography\">2012<\/h1>\n<p class=\"EndNoteBibliography\">Tiwana, P., Docampo, P., Johnston, M. B., Herz, L. M. &amp; Snaith, H. J. The origin of an efficiency improving \u201clight soaking\u201d effect in SnO 2 based solid-state dye-sensitized solar cells. <em>Energy &amp; Environmental Science<\/em> <strong>5<\/strong>, 9566-9573 (2012).<\/p>\n<p class=\"EndNoteBibliography\">Guldin, S., Docampo, P., Stefik, M., Kamita, G., Wiesner, U., Snaith, H. J. &amp; Steiner, U. Layer\u2010by\u2010Layer Formation of Block\u2010Copolymer\u2010Derived TiO2 for Solid\u2010State Dye\u2010Sensitized Solar Cells. <em>Small<\/em> <strong>8<\/strong>, 432-440 (2012).<\/p>\n<p class=\"EndNoteBibliography\">Docampo, P., Tiwana, P., Sakai, N., Miura, H., Herz, L., Murakami, T. &amp; Snaith, H. J. Unraveling the function of an MgO interlayer in both electrolyte and solid-state SnO2 based dye-sensitized solar cells. <em>The Journal of Physical Chemistry C<\/em> <strong>116<\/strong>, 22840-22846 (2012).<\/p>\n<p class=\"EndNoteBibliography\">Docampo, P., Stefik, M., Guldin, S., Gunning, R., Yufa, N. A., Cai, N., Wang, P., Steiner, U., Wiesner, U. &amp; Snaith, H. J. Triblock\u2010Terpolymer\u2010Directed Self\u2010Assembly of Mesoporous TiO2: High\u2010Performance Photoanodes for Solid\u2010State Dye\u2010Sensitized Solar Cells. <em>Advanced Energy Materials<\/em> <strong>2<\/strong>, 676-682 (2012).<\/p>\n<p class=\"EndNoteBibliography\">Docampo, P., Hey, A., Guldin, S., Gunning, R., Steiner, U. &amp; Snaith, H. J. Pore Filling of Spiro\u2010OMeTAD in Solid\u2010State Dye\u2010Sensitized Solar Cells Determined Via Optical Reflectometry. <em>Advanced Functional Materials<\/em> <strong>22<\/strong>, 5010-5019 (2012).<\/p>\n<p class=\"EndNoteBibliography\">\n<h1 class=\"EndNoteBibliography\">2011<\/h1>\n<p class=\"EndNoteBibliography\">Tiwana, P., Docampo, P., Johnston, M. B., Snaith, H. J. &amp; Herz, L. M. Electron mobility and injection dynamics in mesoporous ZnO, SnO2, and TiO2 films used in dye-sensitized solar cells. <em>ACS nano<\/em> <strong>5<\/strong>, 5158-5166 (2011).<\/p>\n<p class=\"EndNoteBibliography\">Snaith, H. J., Stavrinadis, A., Docampo, P. &amp; Watt, A. A. Lead-sulphide quantum-dot sensitization of tin oxide based hybrid solar cells. <em>Solar Energy<\/em> <strong>85<\/strong>, 1283-1290 (2011).<\/p>\n<p class=\"EndNoteBibliography\">Guldin, S., H\u00fcttner, S., Tiwana, P., Orilall, M. C., \u00dclg\u00fct, B., Stefik, M., Docampo, P., Kolle, M., Divitini, G. &amp; Ducati, C. Improved conductivity in dye-sensitised solar cells through block-copolymer confined TiO 2 crystallisation. <em>Energy &amp; Environmental Science<\/em> <strong>4<\/strong>, 225-233 (2011).<\/p>\n<p class=\"EndNoteBibliography\">Guldin, S., Docampo, P., H\u00fcttner, S., Kohn, P., Stefik, M., Snaith, H., Wiesner, U. &amp; Steiner, U. in <em>SPIE Solar Energy+ Technology.<\/em>\u00a0 811108-811108-811109 (International Society for Optics and Photonics).<\/p>\n<p class=\"EndNoteBibliography\">Docampo, P. &amp; Snaith, H. J. Obviating the requirement for oxygen in SnO2-based solid-state dye-sensitized solar cells. <em>Nanotechnology<\/em> <strong>22<\/strong>, 225403 (2011).<\/p>\n<p class=\"EndNoteBibliography\">\n<h1 class=\"EndNoteBibliography\">2010<\/h1>\n<p class=\"EndNoteBibliography\">Docampo, P., Guldin, S., Stefik, M., Tiwana, P., Orilall, M. C., H\u00fcttner, S., Sai, H., Wiesner, U., Steiner, U. &amp; Snaith, H. J. Control of Solid\u2010State Dye\u2010Sensitized Solar Cell Performance by Block\u2010Copolymer\u2010Directed TiO2 Synthesis. <em>Advanced Functional Materials<\/em> <strong>20<\/strong>, 1787-1796 (2010).<\/p>\n","protected":false},"excerpt":{"rendered":"<p>Publications 2016 Michiel L. Petrus,* Yinghong Hu,* Davide Moia, Philip Calado, Aurelien M.A. Leguy, Piers R.F. Barnes, Pablo Docampo,\u00a0The Influence of Water Vapor on the Stability and Processing of Hybrid Perovskite Solar Cells Made from Non-Stoichiometric Precursor Mixtures, ChemSusChem, 2016, &hellip; <a href=\"https:\/\/blogs.ncl.ac.uk\/pablodocampo\/publications\/\">Continue reading <span class=\"meta-nav\">&rarr;<\/span><\/a><\/p>\n","protected":false},"author":1552,"featured_media":0,"parent":0,"menu_order":0,"comment_status":"closed","ping_status":"closed","template":"","meta":{"footnotes":""},"class_list":["post-12","page","type-page","status-publish","hentry"],"_links":{"self":[{"href":"https:\/\/blogs.ncl.ac.uk\/pablodocampo\/wp-json\/wp\/v2\/pages\/12","targetHints":{"allow":["GET"]}}],"collection":[{"href":"https:\/\/blogs.ncl.ac.uk\/pablodocampo\/wp-json\/wp\/v2\/pages"}],"about":[{"href":"https:\/\/blogs.ncl.ac.uk\/pablodocampo\/wp-json\/wp\/v2\/types\/page"}],"author":[{"embeddable":true,"href":"https:\/\/blogs.ncl.ac.uk\/pablodocampo\/wp-json\/wp\/v2\/users\/1552"}],"replies":[{"embeddable":true,"href":"https:\/\/blogs.ncl.ac.uk\/pablodocampo\/wp-json\/wp\/v2\/comments?post=12"}],"version-history":[{"count":1,"href":"https:\/\/blogs.ncl.ac.uk\/pablodocampo\/wp-json\/wp\/v2\/pages\/12\/revisions"}],"predecessor-version":[{"id":13,"href":"https:\/\/blogs.ncl.ac.uk\/pablodocampo\/wp-json\/wp\/v2\/pages\/12\/revisions\/13"}],"wp:attachment":[{"href":"https:\/\/blogs.ncl.ac.uk\/pablodocampo\/wp-json\/wp\/v2\/media?parent=12"}],"curies":[{"name":"wp","href":"https:\/\/api.w.org\/{rel}","templated":true}]}}