{"id":21,"date":"2016-09-28T16:46:20","date_gmt":"2016-09-28T15:46:20","guid":{"rendered":"https:\/\/blogs.ncl.ac.uk\/pablodocampo\/?page_id=21"},"modified":"2018-04-16T10:30:54","modified_gmt":"2018-04-16T09:30:54","slug":"yinghong","status":"publish","type":"page","link":"https:\/\/blogs.ncl.ac.uk\/pablodocampo\/group\/yinghong\/","title":{"rendered":"Yinghong"},"content":{"rendered":"<h1>Yinghong Hu<\/h1>\n<p><img decoding=\"async\" src=\"https:\/\/www.cup.uni-muenchen.de\/pc\/docampo\/site\/assets\/files\/1030\/hongihuprofile.300x0-is.jpg\" alt=\"\" width=\"300\" \/><\/p>\n<table>\n<tbody>\n<tr>\n<td>Address<\/td>\n<td>Yinghong Hu<br \/>\nDepartment Chemie<br \/>\nLudwig-Maximilians-Universit\u00e4t M\u00fcnchen<br \/>\nButenandtstr. 11, Haus E<br \/>\n81377 M\u00fcnchen<br \/>\nGermany<\/td>\n<\/tr>\n<tr>\n<td>Phone<\/td>\n<td>+49 (0)89 2180-77506<\/td>\n<\/tr>\n<tr>\n<td>Room<\/td>\n<td>EU1.011<\/td>\n<\/tr>\n<tr>\n<td>E-Mail<\/td>\n<td><a href=\"mailto:michiel.petrus@cup.uni-muenchen.de\">yinghong.hu@cup.uni-muenchen.de<\/a><\/td>\n<\/tr>\n<\/tbody>\n<\/table>\n<h2>Short CV<\/h2>\n<ul>\n<li>2015 \u2013 present PhD student, Ludwig-Maximilians-University, Munich, group of Prof. Docampo and Prof. Bein.<\/li>\n<li>2012 \u2013 2015 Master of Science in Advanced Materials Science, Ludwig-Maximilians-University, Technical University of Munich and University of Augsburg, Germany.<\/li>\n<li>2009 \u2013 2012 Bachelor of Science in Chemistry and Biochemistry, Ludwig-Maximilians-University, Munich, Germany.<\/li>\n<\/ul>\n<h2>Publications<\/h2>\n<table>\n<tbody>\n<tr>\n<td colspan=\"2\"><strong>Understanding the Role of Cesium and Rubidium Additives in Perovskite Solar Cells: Trap States, Charge Transport, and Recombination<\/strong><\/td>\n<\/tr>\n<tr>\n<td>Yinghong Hu<br \/>\nEling M. Hutter<br \/>\nPhilipp Rieder<br \/>\nIrene Grill<br \/>\nJonas Hanisch<br \/>\nMeltem F. Ayg\u00fcler<br \/>\nAlexander G. Hufnagel<br \/>\nMatthias Handloser<br \/>\nThomas Bein<br \/>\nAchim Hartschuh<br \/>\nKristoffer Tvingstedt<br \/>\nVladimir Dyakonov<br \/>\nAndreas Baumann<br \/>\nTom J. Savenije<br \/>\nMichiel L. Petrus<br \/>\nPablo Docampo<\/p>\n<p><a href=\"http:\/\/onlinelibrary.wiley.com\/doi\/10.1002\/aenm.201703057\/full\"><em>Adv. Energy. Mater<\/em>,\u00a0<strong>2018<\/strong>, ahead of print<\/a><br \/>\n<strong>DOI:\u00a0<\/strong>10.1002\/aenm.201703057<\/td>\n<td><img decoding=\"async\" class=\"align_center\" src=\"https:\/\/www.cup.uni-muenchen.de\/pc\/docampo\/site\/assets\/files\/1030\/aem_toc_2018.png\" alt=\"\" width=\"180\" \/><\/td>\n<\/tr>\n<\/tbody>\n<\/table>\n<table>\n<tbody>\n<tr>\n<td colspan=\"2\"><strong>[COVER IMAGE] Design Rules for the Preparation of Low-Cost Hole Transporting Materials for Perovskite Solar Cells with Moisture Barrier Properties<\/strong><\/td>\n<\/tr>\n<tr>\n<td>Michiel L. Petrus<br \/>\nArif Music<br \/>\nAnna C. Closs<br \/>\nJohan C Bijleveld<br \/>\nMaximilian Sirtl<br \/>\nYinghong Hu<br \/>\nTheo J Dingemans<br \/>\nThomas Bein<br \/>\nPablo Docampo<\/p>\n<p>J. Mater. Chem. A\u00a0<strong>2017<\/strong>, 5, issue 48<br \/>\n<a href=\"http:\/\/pubs.rsc.org\/en\/content\/articlelanding\/2017\/ta\/c7ta90281f#!divAbstract\">DOI: 10.1039\/C7TA90281F<\/a><\/td>\n<td><img decoding=\"async\" class=\"align_center\" src=\"https:\/\/www.cup.uni-muenchen.de\/pc\/docampo\/site\/assets\/files\/1030\/2017_-_petrus_-_j_mater_chem_a_-_azomethine_htms_-_cover_only.jpg\" alt=\"\" width=\"248\" \/><\/td>\n<\/tr>\n<\/tbody>\n<\/table>\n<table>\n<tbody>\n<tr>\n<td colspan=\"2\"><strong>Design Rules for the Preparation of Low-Cost Hole Transporting Materials for Perovskite Solar Cells with Moisture Barrier Properties<\/strong><\/td>\n<\/tr>\n<tr>\n<td>Michiel L. Petrus<br \/>\nArif Music<br \/>\nAnna C. Closs<br \/>\nJohan C Bijleveld<br \/>\nMaximilian Sirtl<br \/>\nYinghong Hu<br \/>\nTheo J Dingemans<br \/>\nThomas Bein<br \/>\nPablo Docampo<\/p>\n<p>J. Mater. Chem. A\u00a0<strong>2017<\/strong>, 5, 25200\u201325210<br \/>\n<a href=\"http:\/\/pubs.rsc.org\/en\/Content\/ArticleLanding\/2017\/TA\/C7TA06452G#!divAbstract\">DOI: 10.1039\/C7TA06452G<\/a><\/td>\n<td><a href=\"https:\/\/www.cup.uni-muenchen.de\/pc\/docampo\/site\/assets\/files\/1030\/jmca_toc_figure.png\"><img decoding=\"async\" class=\"align_center\" src=\"https:\/\/www.cup.uni-muenchen.de\/pc\/docampo\/site\/assets\/files\/1030\/jmca_toc_figure.250x0-is.png\" alt=\"\" width=\"250\" \/><\/a><\/td>\n<\/tr>\n<\/tbody>\n<\/table>\n<table>\n<tbody>\n<tr>\n<td colspan=\"2\"><strong>Impact of Rubidium and Cesium Cations on the Moisture Stability of Multiple-Cation Mixed-Halide Perovskites<\/strong><\/td>\n<\/tr>\n<tr>\n<td>Yinghong Hu<br \/>\nMeltem F. Ayg\u00fcler<br \/>\nMichiel L. Petrus<br \/>\nThomas Bein<br \/>\nPablo Docampo<\/p>\n<p>ACS Energy Lett.,\u00a0<strong>2017<\/strong>, 2, 2212-2218<br \/>\n<a href=\"http:\/\/pubs.acs.org\/doi\/abs\/10.1021\/acsenergylett.7b00731\"><strong>DOI:<\/strong>\u00a010.1021\/acsenergylett.7b00731<\/a><\/td>\n<td><a href=\"https:\/\/www.cup.uni-muenchen.de\/pc\/docampo\/site\/assets\/files\/1030\/2017_acs_energy.gif\"><img decoding=\"async\" class=\"align_center\" src=\"https:\/\/www.cup.uni-muenchen.de\/pc\/docampo\/site\/assets\/files\/1030\/2017_acs_energy.250x0-is.gif\" alt=\"\" width=\"250\" \/><\/a><\/td>\n<\/tr>\n<\/tbody>\n<\/table>\n<table>\n<tbody>\n<tr>\n<td colspan=\"2\"><strong>The Influence of Water Vapor on the Stability and Processing of Hybrid Perovskite Solar Cells Made from Non-Stoichiometric Precursor Mixtures<\/strong><\/td>\n<\/tr>\n<tr>\n<td>Michiel L. Petrus*<br \/>\nYinghong Hu*<br \/>\nDavide Moia<br \/>\nPhilip Calado<br \/>\nAur\u00e9lien M. A. Leguy<br \/>\nPiers R.F. Barnes<br \/>\nPablo Docampo<\/p>\n<p><a href=\"http:\/\/onlinelibrary.wiley.com\/doi\/10.1002\/cssc.201600999\/full\">ChemSusChem,\u00a0<strong>2016<\/strong><\/a><a href=\"http:\/\/onlinelibrary.wiley.com\/doi\/10.1002\/cssc.201600999\/full\">, 9 (18), 2699-2707<\/a><br \/>\nDOI: 10.1002\/cssc.201600999<\/td>\n<td><img decoding=\"async\" class=\"align_center\" src=\"https:\/\/www.cup.uni-muenchen.de\/pc\/docampo\/site\/assets\/files\/1030\/chemsuschem_toc.png\" alt=\"\" width=\"206\" \/><\/td>\n<\/tr>\n<\/tbody>\n<\/table>\n<p>* These authors contributed equally to the work.<\/p>\n<table>\n<tbody>\n<tr>\n<td colspan=\"2\"><strong>Hybrid Perovskite\/Perovskite Heterojunction Solar Cells<\/strong><\/td>\n<\/tr>\n<tr>\n<td>Yinghong Hu<br \/>\nJohannes Schlipf<br \/>\nMickael Wussler<br \/>\nMichiel L. Petrus<br \/>\nWolfram Jaegermann<br \/>\nThomas Bein<br \/>\nPeter Muller-Buschbaum<br \/>\nPablo Docampo<\/p>\n<p><a href=\"http:\/\/pubs.acs.org\/doi\/abs\/10.1021\/acsnano.6b01535\">ACS Nano,\u00a0<strong>2016<\/strong>, 10 (6), 5999\u20136007<\/a><\/td>\n<td><a href=\"https:\/\/www.cup.uni-muenchen.de\/pc\/docampo\/site\/assets\/files\/1030\/acs_nano.png\"><img decoding=\"async\" class=\"align_center\" src=\"https:\/\/www.cup.uni-muenchen.de\/pc\/docampo\/site\/assets\/files\/1030\/acs_nano.250x0-is.png\" alt=\"\" width=\"250\" \/><\/a><\/td>\n<\/tr>\n<\/tbody>\n<\/table>\n<table>\n<tbody>\n<tr>\n<td colspan=\"2\"><strong>Recycling Perovskite Solar Cells to Avoid Lead Waste<\/strong><\/td>\n<\/tr>\n<tr>\n<td>Andreas Binek*<br \/>\nMichiel L. Petrus*<br \/>\nNiklas Huber<br \/>\nHelen Bristow<br \/>\nYinghong Hu<br \/>\nThomas Bein<br \/>\nPablo Docampo<\/p>\n<p><a href=\"http:\/\/pubs.acs.org\/doi\/abs\/10.1021\/acsami.6b03767\">ACS Appl. Mater. Interfaces,\u00a0<strong>2016<\/strong>,\u00a0<\/a><a href=\"http:\/\/pubs.acs.org\/doi\/abs\/10.1021\/acsami.6b03767\">8 (20), 12881-12886<\/a><\/td>\n<td><a href=\"https:\/\/www.cup.uni-muenchen.de\/pc\/docampo\/site\/assets\/files\/1030\/acs_appl_mater_interfaces.png\"><img decoding=\"async\" class=\"align_center\" src=\"https:\/\/www.cup.uni-muenchen.de\/pc\/docampo\/site\/assets\/files\/1030\/acs_appl_mater_interfaces.250x0-is.png\" alt=\"\" width=\"250\" \/><\/a><\/td>\n<\/tr>\n<\/tbody>\n<\/table>\n<p>* These authors contributed equally to the work.<\/p>\n<table>\n<tbody>\n<tr>\n<td colspan=\"2\"><strong>The reversible hydration of CH3NH3PbI3 in films, single crystals and solar cells<\/strong><\/td>\n<\/tr>\n<tr>\n<td>A. Leguy*,<br \/>\n<strong>Y. Hu*<\/strong>,<br \/>\nM. Campoy-Quiles,<br \/>\nM. I. Alonso,<br \/>\nO. J. Weber,<br \/>\nP. Azarhoosh,<br \/>\nM. van Schilfgaarde,<br \/>\nM. T. Weller,<br \/>\nT. Bein,<br \/>\nJ. Nelson,<br \/>\nP. Docampo<br \/>\nP. R. F. Barnes<\/p>\n<p><a href=\"http:\/\/pubs.acs.org\/doi\/abs\/10.1021\/acs.chemmater.5b00660\">Chem. Mater, 2015, 27 (9), pp 3397\u20133407<\/a><\/td>\n<td><a href=\"https:\/\/www.cup.uni-muenchen.de\/pc\/docampo\/site\/assets\/files\/1030\/chem_mater_2015.gif\"><img decoding=\"async\" class=\"align_center\" src=\"https:\/\/www.cup.uni-muenchen.de\/pc\/docampo\/site\/assets\/files\/1030\/chem_mater_2015.250x0-is.gif\" alt=\"\" width=\"250\" \/><\/a><\/td>\n<\/tr>\n<\/tbody>\n<\/table>\n<p>* These authors contributed equally to the work<\/p>\n<table>\n<tbody>\n<tr>\n<td colspan=\"2\"><strong>Room Temperature Synthesis of Covalent\u2013Organic Framework Films through Vapor-Assisted Conversion<\/strong><\/td>\n<\/tr>\n<tr>\n<td>D. D. Medina,<br \/>\nJ. M. Rotter,<br \/>\n<strong>Y. Hu<\/strong>,<br \/>\nM. Dogru,<br \/>\nV. Werner,<br \/>\nF. Auras,<br \/>\nJ. T. Markiewicz,<br \/>\nP. Knochel<br \/>\nT. Bein<\/p>\n<p><a href=\"http:\/\/pubs.acs.org\/doi\/abs\/10.1021\/ja510895m\"><em>J. Am. Chem Soc.\u00a0<\/em>2015, 137 1016-1019.<\/a><\/td>\n<\/tr>\n<\/tbody>\n<\/table>\n","protected":false},"excerpt":{"rendered":"<p>Yinghong Hu Address Yinghong Hu Department Chemie Ludwig-Maximilians-Universit\u00e4t M\u00fcnchen Butenandtstr. 11, Haus E 81377 M\u00fcnchen Germany Phone +49 (0)89 2180-77506 Room EU1.011 E-Mail yinghong.hu@cup.uni-muenchen.de Short CV 2015 \u2013 present PhD student, Ludwig-Maximilians-University, Munich, group of Prof. Docampo and Prof. Bein. &hellip; <a href=\"https:\/\/blogs.ncl.ac.uk\/pablodocampo\/group\/yinghong\/\">Continue reading <span class=\"meta-nav\">&rarr;<\/span><\/a><\/p>\n","protected":false},"author":1552,"featured_media":0,"parent":2,"menu_order":0,"comment_status":"closed","ping_status":"closed","template":"","meta":{"footnotes":""},"class_list":["post-21","page","type-page","status-publish","hentry"],"_links":{"self":[{"href":"https:\/\/blogs.ncl.ac.uk\/pablodocampo\/wp-json\/wp\/v2\/pages\/21","targetHints":{"allow":["GET"]}}],"collection":[{"href":"https:\/\/blogs.ncl.ac.uk\/pablodocampo\/wp-json\/wp\/v2\/pages"}],"about":[{"href":"https:\/\/blogs.ncl.ac.uk\/pablodocampo\/wp-json\/wp\/v2\/types\/page"}],"author":[{"embeddable":true,"href":"https:\/\/blogs.ncl.ac.uk\/pablodocampo\/wp-json\/wp\/v2\/users\/1552"}],"replies":[{"embeddable":true,"href":"https:\/\/blogs.ncl.ac.uk\/pablodocampo\/wp-json\/wp\/v2\/comments?post=21"}],"version-history":[{"count":2,"href":"https:\/\/blogs.ncl.ac.uk\/pablodocampo\/wp-json\/wp\/v2\/pages\/21\/revisions"}],"predecessor-version":[{"id":93,"href":"https:\/\/blogs.ncl.ac.uk\/pablodocampo\/wp-json\/wp\/v2\/pages\/21\/revisions\/93"}],"up":[{"embeddable":true,"href":"https:\/\/blogs.ncl.ac.uk\/pablodocampo\/wp-json\/wp\/v2\/pages\/2"}],"wp:attachment":[{"href":"https:\/\/blogs.ncl.ac.uk\/pablodocampo\/wp-json\/wp\/v2\/media?parent=21"}],"curies":[{"name":"wp","href":"https:\/\/api.w.org\/{rel}","templated":true}]}}