{"id":23,"date":"2016-09-28T16:46:46","date_gmt":"2016-09-28T15:46:46","guid":{"rendered":"https:\/\/blogs.ncl.ac.uk\/pablodocampo\/?page_id=23"},"modified":"2018-04-16T10:30:26","modified_gmt":"2018-04-16T09:30:26","slug":"meltem","status":"publish","type":"page","link":"https:\/\/blogs.ncl.ac.uk\/pablodocampo\/group\/meltem\/","title":{"rendered":"Meltem"},"content":{"rendered":"<h1>Meltem F. Ayg\u00fcler<\/h1>\n<p><img decoding=\"async\" src=\"https:\/\/www.cup.uni-muenchen.de\/pc\/docampo\/site\/assets\/files\/1031\/meltem.jpg\" alt=\"\" width=\"300\" \/><\/p>\n<table>\n<tbody>\n<tr>\n<td>Address<\/td>\n<td>Meltem F. Ayg\u00fcler<br \/>\nDepartment Chemie<br \/>\nLudwig-Maximilians-Universit\u00e4t M\u00fcnchen<br \/>\nButenandtstr. 11, Haus E<br \/>\n81377 M\u00fcnchen<br \/>\nGermany<\/td>\n<\/tr>\n<tr>\n<td>Phone<\/td>\n<td>+49 (0)89 2180-77506<\/td>\n<\/tr>\n<tr>\n<td>Room<\/td>\n<td>EU1.011<\/td>\n<\/tr>\n<tr>\n<td>E-Mail<\/td>\n<td><a href=\"mailto:michiel.petrus@cup.uni-muenchen.de\">meltem.aygueler@cup.uni-muenchen.de<\/a><\/td>\n<\/tr>\n<\/tbody>\n<\/table>\n<h2>Research field<\/h2>\n<p>Inorganic-organic halide perovskites have opened a new era for low-cost and high-efficiency solar cells in the last few years. They have already shown photovoltaic efficiencies of exceeding 22 %, which is also the highest-performing solution-processed solar cell on record. The unexpected breakthrough and rapid evolution of this family of materials have energized not only the photovoltaic community but also the lighting communities\u2019 efforts to create devices from inexpensive and earth-abundant constituents.<\/p>\n<p>My research focuses on the following topics:<\/p>\n<ul>\n<li>Synthesis of perovskite nanocrystals for lighting applications<\/li>\n<li>Understanding the reason of hysteresis in perovskite solar cells<\/li>\n<li>Wide band-gap perovskite materials for tandem solar cells<\/li>\n<\/ul>\n<h2>Short CV<\/h2>\n<ul>\n<li>2015 \u2013 present: PhD student, Ludwig-Maximilians-University, Munich, group of Prof. Docampo<\/li>\n<li>2012 \u2013 2015: Master of Science in Advanced Materials Science, Ludwig-Maximilians-University, Technical University of Munich and University of Augsburg, Germany.<\/li>\n<li>2007 \u2013 2012: Bachelor of Science in Chemistry, \u0130hsan Do\u011framac\u0131 Bilkent University, Ankara, Turkey<\/li>\n<\/ul>\n<h2>Publications<\/h2>\n<ul>\n<li><u>Meltem F. Aygu\u0308ler<\/u>, Alexander G. Hufnagel, Philipp Rieder, Michael Wussler, Wolfram Jaegermann, Thomas Bein, Vladimir Dyakonov, Michiel L. Petrus, Andreas Baumann and Pablo Docampo, Influence of Fermi Level Alignment with Tin Oxide on the Hysteresis of Perovskite Solar Cells,\u00a0<a href=\"https:\/\/pubs.acs.org\/doi\/abs\/10.1021\/acsami.8b00990\">ACS Appl. Mater. Interfaces, 2018, 10 (14), pp 11414\u201311419<\/a><\/li>\n<li>Yinghong Hu, Eling M. Hutter, Philipp Rieder, Irene Grill, Jonas Hanisch,\u00a0<u>Meltem F. Ayg\u00fcler<\/u>, Alexander G. Hufnagel, Matthias Handloser, Thomas Bein, Achim Hartschuh, Kristoffer Tvingstedt, Vladimir Dyakonov, Andreas Baumann, Tom J. Savenije, Michiel L. Petrus, Pablo Docampo, Understanding the Role of Cesium and Rubidium Additives in Perovskite Solar Cells: Trap States, Charge Transport, and Recombination,\u00a0<a href=\"http:\/\/onlinelibrary.wiley.com\/doi\/10.1002\/aenm.201703057\/full\">Adv. Energy. Mater, 2018,<\/a><\/li>\n<li>Yinghong Hu,\u00a0<u>Meltem F. Ayg\u00fcler<\/u>, Michiel L. Petrus. Thomas, Bein, Pablo Docampo, Impact of Rubidium and Cesium Cations on the Moisture Stability of Multiple-Cation Mixed-Halide Perovskites,\u00a0<a href=\"http:\/\/pubs.acs.org\/doi\/abs\/10.1021\/acsenergylett.7b00731\">ACS Energy Lett, 2017, 2, 2212-2218<\/a><\/li>\n<li>Irene Grill,\u00a0<u>Meltem F. Ayg\u00fcler<\/u>, Thomas Bein, Pablo Docampo, Nicolai F. Hartmann, Matthias Handloser, and Achim Hartschuh, Charge Transport Limitations in Perovskite Solar Cells: The Effect of Charge Extraction Layers,\u00a0<a href=\"http:\/\/pubs.acs.org\/doi\/abs\/10.1021\/acsami.7b09567\">ACS Appl. Mater. Interfaces, 2017, in press<\/a><\/li>\n<li><u>Meltem F. Ayg\u00fcler<\/u>, Pablo Docampo, Book chapter, Quantum Dot Based Light-Emitting Electrochemical Cells,\u00a0<a href=\"https:\/\/link.springer.com\/chapter\/10.1007\/978-3-319-58613-7_13\">Light-Emitting Electrochemical Cells, 2017<\/a><\/li>\n<li>Bianka Puscher,\u00a0<u>Meltem F. Ayg\u00fcler<\/u>, Pablo Docampo, Ruben D Costa, Unveiling the Dynamic Processes in Hybrid Lead Bromide Perovskite Nanoparticle Thin Film Devices,\u00a0<a href=\"http:\/\/onlinelibrary.wiley.com\/doi\/10.1002\/aenm.201602283\/full\">Adv. Energy Mater. 2017, 7, (15), 1602283<\/a><\/li>\n<li>Yu Tong, Eva Bladt,\u00a0<u>Meltem F Ayg\u00fcler<\/u>, Aurora Manzi, Karolina Z Milowska, Verena A Hintermayr, Pablo Docampo, Sara Bals, Alexander S Urban, Lakshminarayana Polavarapu, Jochen Feldmann, Highly Luminescent Cesium Lead Halide Perovskite Nanocrystals with Tunable Composition and Thickness by Ultrasonication,\u00a0<a href=\"http:\/\/onlinelibrary.wiley.com\/doi\/10.1002\/anie.201605909\/full\">Angew. Chem. Int. Ed., 2016, 55 (44), 13887-13892<\/a><\/li>\n<li><u>Meltem F. Ayg\u00fcler<\/u><sup>\u2021<\/sup>, Michael D. Weber<sup>\u2021<\/sup>, Bianka M. D. Puscher, Dana D. Medina, Pablo Docampo and Rub\u00e9n D. Costa, Light-Emitting Electrochemical Cells Based on Hybrid Lead Halide Perovskite Nanoparticles,\u00a0<a href=\"http:\/\/pubs.acs.org\/doi\/abs\/10.1021\/acs.jpcc.5b02959\"><em>The Journal of Physical Chemistry C<\/em>, 2015, 119 (21), 12047-12054<\/a><\/li>\n<\/ul>\n","protected":false},"excerpt":{"rendered":"<p>Meltem F. Ayg\u00fcler Address Meltem F. Ayg\u00fcler Department Chemie Ludwig-Maximilians-Universit\u00e4t M\u00fcnchen Butenandtstr. 11, Haus E 81377 M\u00fcnchen Germany Phone +49 (0)89 2180-77506 Room EU1.011 E-Mail meltem.aygueler@cup.uni-muenchen.de Research field Inorganic-organic halide perovskites have opened a new era for low-cost and high-efficiency &hellip; <a href=\"https:\/\/blogs.ncl.ac.uk\/pablodocampo\/group\/meltem\/\">Continue reading <span class=\"meta-nav\">&rarr;<\/span><\/a><\/p>\n","protected":false},"author":1552,"featured_media":0,"parent":2,"menu_order":0,"comment_status":"closed","ping_status":"closed","template":"","meta":{"footnotes":""},"class_list":["post-23","page","type-page","status-publish","hentry"],"_links":{"self":[{"href":"https:\/\/blogs.ncl.ac.uk\/pablodocampo\/wp-json\/wp\/v2\/pages\/23","targetHints":{"allow":["GET"]}}],"collection":[{"href":"https:\/\/blogs.ncl.ac.uk\/pablodocampo\/wp-json\/wp\/v2\/pages"}],"about":[{"href":"https:\/\/blogs.ncl.ac.uk\/pablodocampo\/wp-json\/wp\/v2\/types\/page"}],"author":[{"embeddable":true,"href":"https:\/\/blogs.ncl.ac.uk\/pablodocampo\/wp-json\/wp\/v2\/users\/1552"}],"replies":[{"embeddable":true,"href":"https:\/\/blogs.ncl.ac.uk\/pablodocampo\/wp-json\/wp\/v2\/comments?post=23"}],"version-history":[{"count":2,"href":"https:\/\/blogs.ncl.ac.uk\/pablodocampo\/wp-json\/wp\/v2\/pages\/23\/revisions"}],"predecessor-version":[{"id":92,"href":"https:\/\/blogs.ncl.ac.uk\/pablodocampo\/wp-json\/wp\/v2\/pages\/23\/revisions\/92"}],"up":[{"embeddable":true,"href":"https:\/\/blogs.ncl.ac.uk\/pablodocampo\/wp-json\/wp\/v2\/pages\/2"}],"wp:attachment":[{"href":"https:\/\/blogs.ncl.ac.uk\/pablodocampo\/wp-json\/wp\/v2\/media?parent=23"}],"curies":[{"name":"wp","href":"https:\/\/api.w.org\/{rel}","templated":true}]}}