{"id":25,"date":"2016-09-28T16:47:10","date_gmt":"2016-09-28T15:47:10","guid":{"rendered":"https:\/\/blogs.ncl.ac.uk\/pablodocampo\/?page_id=25"},"modified":"2016-09-28T16:47:10","modified_gmt":"2016-09-28T15:47:10","slug":"nadja","status":"publish","type":"page","link":"https:\/\/blogs.ncl.ac.uk\/pablodocampo\/group\/nadja\/","title":{"rendered":"Nadja"},"content":{"rendered":"<h1 class=\"g-h1\">Nadja Giesbrecht<\/h1>\n<h1>\u00a0<img loading=\"lazy\" decoding=\"async\" src=\"http:\/\/www.cup.uni-muenchen.de\/pc\/docampo\/uploads\/images\/Nadja.jpg\" alt=\"\" width=\"413\" height=\"474\" \/><\/h1>\n<table border=\"0\" width=\"734\" cellspacing=\"0\" cellpadding=\"0\">\n<tbody>\n<tr>\n<td valign=\"top\">Address<\/td>\n<td valign=\"top\">Nadja Giesbrecht<br \/>\nDepartment Chemie<br \/>\nLudwig-Maximilians-Universit\u00e4t M\u00fcnchen<br \/>\nButenandtstr. 11, Haus E<br \/>\n81377 M\u00fcnchen<br \/>\nGermany<\/td>\n<\/tr>\n<tr>\n<td valign=\"top\">Phone<\/td>\n<td valign=\"top\">+49 (0)89 2180-77561<\/td>\n<\/tr>\n<tr>\n<td valign=\"top\">Room<\/td>\n<td valign=\"top\">E1.066<\/td>\n<\/tr>\n<tr>\n<td valign=\"top\">E-Mail<\/td>\n<td valign=\"top\"><a href=\"mailto:michiel.petrus@cup.uni-muenchen.de\"><u><span style=\"color: #0066cc\">nadja.giesbrecht@cup.uni-muenchen.de<\/span><\/u><\/a><\/td>\n<\/tr>\n<\/tbody>\n<\/table>\n<h1><\/h1>\n<h1>Short CV<\/h1>\n<ul>\n<li>2015 \u2013 present PhD student, Ludwig-Maximilians-University, Munich in the group of Pablo Docampo.\n<p>2012 \u2013 2015 Master of Science in Chemistry, Ludwig-Maximilians-University, Munich, Germany.<\/p>\n<p>2009 \u2013 2012 Bachelor of Science in Chemistry and Biochemistry, Ludwig-Maximilians-University, Munich, Germany.<\/li>\n<\/ul>\n<h1><\/h1>\n<h1>Publications<\/h1>\n<ul>\n<li>Blue-green colour tunable solution processable organolead chloride-bromide mixed halide perovskites for optoelectronic applications. A. Sadhanala, S. Ahmad, B. Zhao, N. Giesbrecht, P. M. Pearce, F. Deschler, R. L. Z. Hoye, K. C. Goedel, T. Bein, P. Docampo, S. E. Dutton, M. F. L. De Volder, R. H. Friend, <em>Nano Letters, <\/em>2015, 15 (9), pp 6095-6101.\n<p>&nbsp;<\/p>\n<p>Heterostructures of skutterudites and germanium antimony tellurides \u2013 structure analysis and thermoelectric properties of bulk samples. F. Fahrnbauer, S. Maier, M. Grundei, N. Giesbrecht, M. Nentwig, T. Rosenthal, G. Wagner, G. J. Snyder, O. Oeckler, <em>Journal of Materials Chemistry C, <\/em>2015, 3, 10525-10533.<\/p>\n<p>&nbsp;<\/p>\n<p>A Closer Look into Two-Step Perovskite Conversion with X-ray Scattering. J. Schlipf, P. Docampo, C. J. Schaffer, V. K\u00f6rstgens, L. Bie\u00dfmann, F. Hanusch, N. Giesbrecht, S. Bernstorff, T. Bein, P. M\u00fcller-Buschbaum, <em>The Journal of Physical Chemistry Letters, <\/em>2015, 6 (7), pp 1265-1269.<\/p>\n<p>&nbsp;<\/p>\n<p>Influence of the orientation of methylammonium lead iodide perovskite crystals on solar cell performance. P. Docampo, F. C. Hanusch, N. Giesbrecht, P. Angloher, A. Ivanova, T. Bein, <em>APL Materials, <\/em>2014, 2, 081508.<\/p>\n<p>&nbsp;<\/p>\n<p>Efficient Planar Heterojunction Perovskite Solar Cells Based on Formamidinium Lead Bromide. F. C. Hanusch, E. Wiesenmayer, E. Mankel, A. Binek, P. Angloher, C. Fraunhofer, N. Giesbrecht, J. M. Feckl, W. Jaegermann, D. Johrendt, T. Bein, P. Docampo, <em>The Journal of Physical Chemistry Letters, <\/em>2014, 5 (16), pp 2791-2795.<\/p>\n<p>&nbsp;<\/p>\n<p>TAGS-related indium compounds and their thermoelectric properties &#8211; the solid solution series (GeTe)xAgInySb1-yTe2 (x = 1-12; y = 0.5 and 1). T. Schr\u00f6der, T. Rosenthal, N. Giesbrecht, S. Maier, E.-W. Scheidt, W. Scherer, G. J. Snyder, W. Schnick, O. Oeckler, <em>Journal of Materials Chemistry A, <\/em>2014, 2, 6384-6395.<\/p>\n<p>&nbsp;<\/p>\n<p>Nanostructures in Te\/Sb\/Ge\/Ag (TAGS) Thermoelectric Materials Induced by Phase Transitions Associated with Vacancy Ordering. T. Schr\u00f6der, T. Rosenthal, N. Giesbrecht, M. Nentwig, S. Maier, H. Wang, G. J. Snyder, O. Oeckler, <em>Inorganic Chemistry, <\/em>2014, 53 (14), pp 7722-7729.<\/li>\n<\/ul>\n","protected":false},"excerpt":{"rendered":"<p>Nadja Giesbrecht \u00a0 Address Nadja Giesbrecht Department Chemie Ludwig-Maximilians-Universit\u00e4t M\u00fcnchen Butenandtstr. 11, Haus E 81377 M\u00fcnchen Germany Phone +49 (0)89 2180-77561 Room E1.066 E-Mail nadja.giesbrecht@cup.uni-muenchen.de Short CV 2015 \u2013 present PhD student, Ludwig-Maximilians-University, Munich in the group of Pablo Docampo. &hellip; <a href=\"https:\/\/blogs.ncl.ac.uk\/pablodocampo\/group\/nadja\/\">Continue reading <span class=\"meta-nav\">&rarr;<\/span><\/a><\/p>\n","protected":false},"author":1552,"featured_media":0,"parent":2,"menu_order":0,"comment_status":"closed","ping_status":"closed","template":"","meta":{"footnotes":""},"class_list":["post-25","page","type-page","status-publish","hentry"],"_links":{"self":[{"href":"https:\/\/blogs.ncl.ac.uk\/pablodocampo\/wp-json\/wp\/v2\/pages\/25","targetHints":{"allow":["GET"]}}],"collection":[{"href":"https:\/\/blogs.ncl.ac.uk\/pablodocampo\/wp-json\/wp\/v2\/pages"}],"about":[{"href":"https:\/\/blogs.ncl.ac.uk\/pablodocampo\/wp-json\/wp\/v2\/types\/page"}],"author":[{"embeddable":true,"href":"https:\/\/blogs.ncl.ac.uk\/pablodocampo\/wp-json\/wp\/v2\/users\/1552"}],"replies":[{"embeddable":true,"href":"https:\/\/blogs.ncl.ac.uk\/pablodocampo\/wp-json\/wp\/v2\/comments?post=25"}],"version-history":[{"count":1,"href":"https:\/\/blogs.ncl.ac.uk\/pablodocampo\/wp-json\/wp\/v2\/pages\/25\/revisions"}],"predecessor-version":[{"id":26,"href":"https:\/\/blogs.ncl.ac.uk\/pablodocampo\/wp-json\/wp\/v2\/pages\/25\/revisions\/26"}],"up":[{"embeddable":true,"href":"https:\/\/blogs.ncl.ac.uk\/pablodocampo\/wp-json\/wp\/v2\/pages\/2"}],"wp:attachment":[{"href":"https:\/\/blogs.ncl.ac.uk\/pablodocampo\/wp-json\/wp\/v2\/media?parent=25"}],"curies":[{"name":"wp","href":"https:\/\/api.w.org\/{rel}","templated":true}]}}