{"id":94,"date":"2018-04-16T10:31:29","date_gmt":"2018-04-16T09:31:29","guid":{"rendered":"https:\/\/blogs.ncl.ac.uk\/pablodocampo\/?page_id=94"},"modified":"2018-04-16T10:31:29","modified_gmt":"2018-04-16T09:31:29","slug":"michiel","status":"publish","type":"page","link":"https:\/\/blogs.ncl.ac.uk\/pablodocampo\/michiel\/","title":{"rendered":"Michiel"},"content":{"rendered":"<h1>Dr. Michiel L. Petrus<\/h1>\n<table>\n<tbody>\n<tr>\n<td rowspan=\"4\"><img decoding=\"async\" class=\"align_center\" src=\"https:\/\/www.cup.uni-muenchen.de\/pc\/docampo\/site\/assets\/files\/1029\/michiel.200x0-is.jpg\" alt=\"\" width=\"200\" \/><\/td>\n<td>Address<\/td>\n<td>Dr. Michiel L. Petrus<br \/>\nDepartment Chemie, Haus E, Office: 3.039<br \/>\nLudwig-Maximilians-Universit\u00e4t M\u00fcnchen<br \/>\nButenandtstr. 11<br \/>\n81377 M\u00fcnchen<br \/>\nGermany<\/td>\n<\/tr>\n<tr>\n<td>Phone<\/td>\n<td>+49 (0)89 2180-77626<\/td>\n<\/tr>\n<tr>\n<td>Room<\/td>\n<td>E3.039<\/td>\n<\/tr>\n<tr>\n<td>E-Mail<\/td>\n<td><a href=\"mailto:michiel.petrus@cup.uni-muenchen.de\">michiel.petrus@cup.uni-muenchen.de<\/a><\/td>\n<\/tr>\n<\/tbody>\n<\/table>\n<h2>Research field<\/h2>\n<p>My research is mainly in the field of (perovskite) solar cells. I focus on the synthesis of low-cost organic hole transporting materials, the environmental impact, and the influence of moisture on the perovskite stability. Furthermore I study charge transporting properties in small-molecules, polymers and covalent organic frameworks.<\/p>\n<p>In perovskite solar cells, expensive organic materials (such as Spiro-OMeTAD) are used to selectively extract the postive charges from the perovskite and transport these to the electrode. In our group we developed low-cost hole transporting materials by using simple condensation chemistry in which water is the only side-product. In perovskite solar cells our hole transporter materials show comparable performance to state-of-the-art material, however the estimated cost contribution is two orders of magnitude lower. In addition, as a result of the simple chemistry, also the environmental impact is reduced. The results have been published:\u00a0<a href=\"http:\/\/pubs.rsc.org\/en\/content\/articlelanding\/2015\/ta\/c5ta03046c#!divAbstract\">J. Mater. Chem. A,\u00a0<strong>2015<\/strong><\/a>and\u00a0<a href=\"http:\/\/pubs.rsc.org\/en\/Content\/ArticleLanding\/2017\/TA\/C7TA06452G#!divAbstract\">J. Mater. Chem. A,\u00a0<strong>2017<\/strong><\/a><\/p>\n<p><img decoding=\"async\" class=\"align_center\" src=\"https:\/\/www.cup.uni-muenchen.de\/pc\/docampo\/site\/assets\/files\/1029\/jacs.gif\" alt=\"\" width=\"500\" \/><\/p>\n<p>The simplicity of Schiff base condensation chemistry is demonstrated in this video.<\/p>\n<p><strong>Organiser<\/strong>\u00a0of the E-MRS Fall Meeting symposium\u00a0<strong>2016<\/strong>\u00a0&#8220;Organic solar cells including polymers, dyes or perovskites&#8221;<\/p>\n<h2>Short CV<\/h2>\n<ul>\n<li>2014-Present Postdoctoral Research Fellow, LMU Munich, in the group of Prof. Docampo and Prof. Bein.<\/li>\n<li>2010-2014 PhD, Delft University of Technology, Delft, The Netherlands. Group of Prof. Dingemans. Thesis title:\u00a0<a href=\"http:\/\/repository.tudelft.nl\/view\/ir\/uuid:4d4fadce-d064-47b4-84fe-3fb15d76b696\/\">Azomethine\u2010based Donor Materials for Organic Solar Cells<\/a>.<\/li>\n<li>2008-2010 Master of Science in Molecular design, Synthesis and Catalysis, VU University Amsterdam, University of Amsterdam and Stockholm University, The Netherlands\/Sweden.<\/li>\n<li>2005-2010 Bachelor of Applied Science in Organic Chemistry, University of Applied Science Leiden, Leiden, The Netherlands.<\/li>\n<\/ul>\n<h2>Publications<\/h2>\n<table>\n<tbody>\n<tr>\n<td colspan=\"2\"><strong>Understanding the Role of Cesium and Rubidium Additives in Perovskite Solar Cells: Trap States, Charge Transport, and Recombination<\/strong><\/td>\n<\/tr>\n<tr>\n<td>Yinghong Hu<br \/>\nEling M. Hutter<br \/>\nPhilipp Rieder<br \/>\nIrene Grill<br \/>\nJonas Hanisch<br \/>\nMeltem F. Ayg\u00fcler<br \/>\nAlexander G. Hufnagel<br \/>\nMatthias Handloser<br \/>\nThomas Bein<br \/>\nAchim Hartschuh<br \/>\nKristoffer Tvingstedt<br \/>\nVladimir Dyakonov<br \/>\nAndreas Baumann<br \/>\nTom J. Savenije<br \/>\nMichiel L. Petrus<br \/>\nPablo Docampo<\/p>\n<p><a href=\"http:\/\/onlinelibrary.wiley.com\/doi\/10.1002\/aenm.201703057\/full\"><em>Adv. Energy. Mater<\/em>,\u00a0<strong>2018<\/strong>, ahead of print<\/a><br \/>\n<strong>DOI:\u00a0<\/strong>10.1002\/aenm.201703057<\/td>\n<td><img decoding=\"async\" class=\"align_center\" src=\"https:\/\/www.cup.uni-muenchen.de\/pc\/docampo\/site\/assets\/files\/1029\/aem_toc_2018.png\" alt=\"\" width=\"180\" \/><\/td>\n<\/tr>\n<\/tbody>\n<\/table>\n<table>\n<tbody>\n<tr>\n<td colspan=\"2\"><strong>[COVER IMAGE] Design Rules for the Preparation of Low-Cost Hole Transporting Materials for Perovskite Solar Cells with Moisture Barrier Properties<\/strong><\/td>\n<\/tr>\n<tr>\n<td>Michiel L. Petrus<br \/>\nArif Music<br \/>\nAnna C. Closs<br \/>\nJohan C Bijleveld<br \/>\nMaximilian Sirtl<br \/>\nYinghong Hu<br \/>\nTheo J Dingemans<br \/>\nThomas Bein<br \/>\nPablo Docampo<\/p>\n<p>J. Mater. Chem. A\u00a0<strong>2017<\/strong>, 5, issue 48<br \/>\n<a href=\"http:\/\/pubs.rsc.org\/en\/content\/articlelanding\/2017\/ta\/c7ta90281f#!divAbstract\">DOI: 10.1039\/C7TA90281F<\/a><\/td>\n<td><img decoding=\"async\" class=\"align_center\" src=\"https:\/\/www.cup.uni-muenchen.de\/pc\/docampo\/site\/assets\/files\/1029\/2017_-_petrus_-_j_mater_chem_a_-_azomethine_htms_-_cover_only.jpg\" alt=\"\" width=\"248\" \/><\/td>\n<\/tr>\n<\/tbody>\n<\/table>\n<table>\n<tbody>\n<tr>\n<td colspan=\"2\"><strong>Design Rules for the Preparation of Low-Cost Hole Transporting Materials for Perovskite Solar Cells with Moisture Barrier Properties<\/strong><\/td>\n<\/tr>\n<tr>\n<td>Michiel L. Petrus<br \/>\nArif Music<br \/>\nAnna C. Closs<br \/>\nJohan C Bijleveld<br \/>\nMaximilian Sirtl<br \/>\nYinghong Hu<br \/>\nTheo J Dingemans<br \/>\nThomas Bein<br \/>\nPablo Docampo<\/p>\n<p>J. Mater. Chem. A\u00a0<strong>2017<\/strong>, 5, 25200\u201325210<br \/>\n<a href=\"http:\/\/pubs.rsc.org\/en\/Content\/ArticleLanding\/2017\/TA\/C7TA06452G#!divAbstract\">DOI: 10.1039\/C7TA06452G<\/a><\/td>\n<td><a href=\"https:\/\/www.cup.uni-muenchen.de\/pc\/docampo\/site\/assets\/files\/1029\/jmca_toc_figure.png\"><img decoding=\"async\" class=\"align_center\" src=\"https:\/\/www.cup.uni-muenchen.de\/pc\/docampo\/site\/assets\/files\/1029\/jmca_toc_figure.250x0-is.png\" alt=\"\" width=\"250\" \/><\/a><\/td>\n<\/tr>\n<\/tbody>\n<\/table>\n<table>\n<tbody>\n<tr>\n<td colspan=\"2\"><strong>Highly stable, phase pure Cs2AgBiBr6 double perovskite thin films for optoelectronic applications<\/strong><\/td>\n<\/tr>\n<tr>\n<td>Enrico Greul<br \/>\nMichiel L. Petrus<br \/>\nAndreas Binek<br \/>\nPablo Docampo<br \/>\nThomas Bein<\/p>\n<p>J. Mater. Chem. A\u00a0<strong>2017<\/strong>, 5, 19972<br \/>\n<a href=\"http:\/\/pubs.rsc.org\/en\/content\/articlelanding\/2017\/ta\/c7ta06816f#!divAbstract\"><strong>DOI:<\/strong>\u00a010.1039\/C7TA06816F<\/a><\/td>\n<td><a href=\"https:\/\/www.cup.uni-muenchen.de\/pc\/docampo\/site\/assets\/files\/1029\/2017_jmater_chem_a_enrico.png\"><img decoding=\"async\" class=\"align_center\" src=\"https:\/\/www.cup.uni-muenchen.de\/pc\/docampo\/site\/assets\/files\/1029\/2017_jmater_chem_a_enrico.250x0-is.png\" alt=\"\" width=\"250\" \/><\/a><\/td>\n<\/tr>\n<\/tbody>\n<\/table>\n<table>\n<tbody>\n<tr>\n<td colspan=\"2\"><strong>Impact of Rubidium and Cesium Cations on the Moisture Stability of Multiple-Cation Mixed-Halide Perovskites<\/strong><\/td>\n<\/tr>\n<tr>\n<td>Yinghong Hu<br \/>\nMeltem F. Ayg\u00fcler<br \/>\nMichiel L. Petrus<br \/>\nThomas Bein<br \/>\nPablo Docampo<\/p>\n<p>ACS Energy Lett.,\u00a0<strong>2017<\/strong>, 2, 2212-2218<br \/>\n<a href=\"http:\/\/pubs.acs.org\/doi\/abs\/10.1021\/acsenergylett.7b00731\"><strong>DOI:<\/strong>\u00a010.1021\/acsenergylett.7b00731<\/a><\/td>\n<td><a href=\"https:\/\/www.cup.uni-muenchen.de\/pc\/docampo\/site\/assets\/files\/1029\/2017_acs_energy.gif\"><img decoding=\"async\" class=\"align_center\" src=\"https:\/\/www.cup.uni-muenchen.de\/pc\/docampo\/site\/assets\/files\/1029\/2017_acs_energy.250x0-is.gif\" alt=\"\" width=\"250\" \/><\/a><\/td>\n<\/tr>\n<\/tbody>\n<\/table>\n<table>\n<tbody>\n<tr>\n<td colspan=\"2\"><strong>[COVER IMAGE] Perovskite Solar Cells:\u00a0<\/strong><strong>Capturing the Sun: A Review of the Challenges and Perspectives of Perovskite Solar Cells<\/strong><\/td>\n<\/tr>\n<tr>\n<td>Michiel L. Petrus*<br \/>\nJohannes Schlipf*<br \/>\nCheng Li<br \/>\nTanaji P. Gujar<br \/>\nNadja Giesbrecht<br \/>\nPeter Mueller-Buschbaum<br \/>\nMukundan Thelakkat<br \/>\nThomas Bein<br \/>\nSven Huetner<br \/>\nPablo Docampo<\/p>\n<p>Adv. Energy. Mater.\u00a0<strong>2017<\/strong>, 7<br \/>\n<a href=\"http:\/\/onlinelibrary.wiley.com\/doi\/10.1002\/aenm.201700264\/full\"><strong>DOI: 10.1002\/aenm.201770085<\/strong><\/a><\/td>\n<td><a href=\"https:\/\/www.cup.uni-muenchen.de\/pc\/docampo\/site\/assets\/files\/1029\/2017_aem_cover.jpg\"><img decoding=\"async\" class=\"align_center\" src=\"https:\/\/www.cup.uni-muenchen.de\/pc\/docampo\/site\/assets\/files\/1029\/2017_aem_cover.250x0-is.jpg\" alt=\"\" width=\"250\" \/><\/a><\/td>\n<\/tr>\n<\/tbody>\n<\/table>\n<table>\n<tbody>\n<tr>\n<td colspan=\"2\"><strong>Capturing the Sun: A Review of the Challenges and Perspectives of Perovskite Solar Cells<\/strong><\/td>\n<\/tr>\n<tr>\n<td>Michiel L. Petrus*<br \/>\nJohannes Schlipf*<br \/>\nCheng Li<br \/>\nTanaji P. Gujar<br \/>\nNadja Giesbrecht<br \/>\nPeter Mueller-Buschbaum<br \/>\nMukundan Thelakkat<br \/>\nThomas Bein<br \/>\nSven Huetner<br \/>\nPablo Docampo<\/p>\n<p><em>Adv. Energy. Mater.<\/em>\u00a0<strong>2017<\/strong>, 7, (16), 1700264<br \/>\n<a href=\"http:\/\/onlinelibrary.wiley.com\/doi\/10.1002\/aenm.201700264\/full\"><strong>DOI:<\/strong>\u00a010.1002\/aenm.201700264<\/a><\/td>\n<td><img decoding=\"async\" class=\"align_center\" src=\"https:\/\/www.cup.uni-muenchen.de\/pc\/docampo\/site\/assets\/files\/1029\/aenmtoc_figure_review.png\" alt=\"\" width=\"180\" \/><\/td>\n<\/tr>\n<\/tbody>\n<\/table>\n<table>\n<tbody>\n<tr>\n<td colspan=\"2\"><strong>Charge Transfer from Methylammonium Lead Iodide Perovskite to Organic Transport Materials: Efficiencies, Transfer Rates, and Interfacial Recombination<\/strong><\/td>\n<\/tr>\n<tr>\n<td>Eline M. Hutter<br \/>\nJan-Jaap Hofman<br \/>\nMichiel L. Petrus<br \/>\nMichiel Moes<br \/>\nRuben D. Abellon<br \/>\nPablo Docampo<br \/>\nTom J. Savenije<\/p>\n<p><em>Adv. Energy. Mater.\u00a0<strong>2017<\/strong>, 1602349<\/em><br \/>\n<a href=\"http:\/\/onlinelibrary.wiley.com\/doi\/10.1002\/aenm.201602349\/full\"><strong>DOI:<\/strong>\u00a010.1002\/aenm.201602349<\/a><\/td>\n<td><img decoding=\"async\" class=\"align_center\" src=\"https:\/\/www.cup.uni-muenchen.de\/pc\/docampo\/site\/assets\/files\/1029\/adv_energy_mater.png\" alt=\"\" width=\"180\" \/><\/td>\n<\/tr>\n<\/tbody>\n<\/table>\n<table>\n<tbody>\n<tr>\n<td colspan=\"2\"><strong>Directional Charge Carrier Transport in Oriented Benzodithiophene Covalent Organic Framework Thin Films<\/strong><\/td>\n<\/tr>\n<tr>\n<td>Dana D. Medina*<br \/>\nMichiel L. Petrus*<br \/>\nAskhat Jumabekov*<br \/>\nJohannes Margraf<br \/>\nSimon Weinberger<br \/>\nJulian Rotter<br \/>\nTimothy Clark<br \/>\nThomas Bein<\/p>\n<p><em><a href=\"http:\/\/pubs.acs.org\/doi\/abs\/10.1021\/acsnano.6b07692\">ACS Nano,\u00a0<strong>2017<\/strong>, 11 (3), 2706-2713<\/a><\/em><br \/>\n<strong>DOI:\u00a0<\/strong>10.1021\/acsnano.6b07692<\/td>\n<td><a href=\"https:\/\/www.cup.uni-muenchen.de\/pc\/docampo\/site\/assets\/files\/1029\/toc_image.jpg\"><img decoding=\"async\" class=\"align_center\" src=\"https:\/\/www.cup.uni-muenchen.de\/pc\/docampo\/site\/assets\/files\/1029\/toc_image.250x0-is.jpg\" alt=\"\" width=\"250\" \/><\/a><\/td>\n<\/tr>\n<\/tbody>\n<\/table>\n<p>* These authors contributed equally to the work.<\/p>\n<table>\n<tbody>\n<tr>\n<td colspan=\"2\"><strong>The Influence of Water Vapor on the Stability and Processing of Hybrid Perovskite Solar Cells Made from Non-Stoichiometric Precursor Mixtures<\/strong><\/td>\n<\/tr>\n<tr>\n<td>Michiel L. Petrus*<br \/>\nYinghong Hu*<br \/>\nDavide Moia<br \/>\nPhilip Calado<br \/>\nAur\u00e9lien M. A. Leguy<br \/>\nPiers R.F. Barnes<br \/>\nPablo Docampo<\/p>\n<p><em><a href=\"http:\/\/onlinelibrary.wiley.com\/doi\/10.1002\/cssc.201600999\/full\">ChemSusChem,\u00a0<strong>2016<\/strong><\/a><a href=\"http:\/\/onlinelibrary.wiley.com\/doi\/10.1002\/cssc.201600999\/full\">, 9 (18), 2699-2707<\/a><\/em><br \/>\n<em>DOI: 10.1002\/cssc.201600999<\/em><\/td>\n<td><img decoding=\"async\" class=\"align_center\" src=\"https:\/\/www.cup.uni-muenchen.de\/pc\/docampo\/site\/assets\/files\/1029\/chemsuschem_toc.png\" alt=\"\" width=\"206\" \/><\/td>\n<\/tr>\n<\/tbody>\n<\/table>\n<p>* These authors contributed equally to the work.<\/p>\n<table>\n<tbody>\n<tr>\n<td colspan=\"2\"><strong>Unconventional Thin Film Photovoltaics<\/strong><br \/>\n<strong>Chapter 2:\u00a0<\/strong><strong>Towards Optimum Solution-processed Planar Heterojunction Perovskite Solar Cells<\/strong><\/td>\n<\/tr>\n<tr>\n<td>Fabian Hanusch<br \/>\nMichiel Petrus<br \/>\nPablo Docampo<\/p>\n<p><em><a href=\"http:\/\/pubs.rsc.org\/en\/content\/chapter\/bk9781782622932-00032\/978-1-78262-293-2#!divabstract\">Unconventional Thin Film Photovoltaics, Chapter 2,\u00a0<strong>2016<\/strong>, 32-56<\/a><\/em><\/p>\n<p><strong>ISBN:\u00a0<\/strong>978-1-78262-293-2<\/td>\n<td><img decoding=\"async\" class=\"align_center\" src=\"https:\/\/www.cup.uni-muenchen.de\/pc\/docampo\/site\/assets\/files\/1029\/bookcover_gif.jpg\" alt=\"\" width=\"152\" \/><\/td>\n<\/tr>\n<\/tbody>\n<\/table>\n<table>\n<tbody>\n<tr>\n<td colspan=\"2\"><strong>Hybrid Perovskite\/Perovskite Heterojunction Solar Cells<\/strong><\/td>\n<\/tr>\n<tr>\n<td>Yinghong Hu<br \/>\nJohannes Schlipf<br \/>\nMickael Wussler<br \/>\nMichiel L. Petrus<br \/>\nWolfram Jaegermann<br \/>\nThomas Bein<br \/>\nPeter Muller-Buschbaum<br \/>\nPablo Docampo<\/p>\n<p><em><a href=\"http:\/\/pubs.acs.org\/doi\/abs\/10.1021\/acsnano.6b01535\">ACS Nano,\u00a0<strong>2016<\/strong>, 10 (6), 5999\u20136007<\/a><\/em><\/td>\n<td><a href=\"https:\/\/www.cup.uni-muenchen.de\/pc\/docampo\/site\/assets\/files\/1029\/acs_nano.png\"><img decoding=\"async\" class=\"align_center\" src=\"https:\/\/www.cup.uni-muenchen.de\/pc\/docampo\/site\/assets\/files\/1029\/acs_nano.250x0-is.png\" alt=\"\" width=\"250\" \/><\/a><\/td>\n<\/tr>\n<\/tbody>\n<\/table>\n<table>\n<tbody>\n<tr>\n<td colspan=\"2\"><strong>Recycling Perovskite Solar Cells to Avoid Lead Waste<\/strong><\/td>\n<\/tr>\n<tr>\n<td>Andreas Binek*<br \/>\nMichiel L. Petrus*<br \/>\nNiklas Huber<br \/>\nHelen Bristow<br \/>\nYinghong Hu<br \/>\nThomas Bein<br \/>\nPablo Docampo<\/p>\n<p><em><a href=\"http:\/\/pubs.acs.org\/doi\/abs\/10.1021\/acsami.6b03767\">ACS Appl. Mater. Interfaces,\u00a0<strong>2016<\/strong>,\u00a0<\/a><a href=\"http:\/\/pubs.acs.org\/doi\/abs\/10.1021\/acsami.6b03767\">8 (20), 12881-12886<\/a><\/em><\/td>\n<td><a href=\"https:\/\/www.cup.uni-muenchen.de\/pc\/docampo\/site\/assets\/files\/1029\/acs_appl_mater_interfaces.png\"><img decoding=\"async\" class=\"align_center\" src=\"https:\/\/www.cup.uni-muenchen.de\/pc\/docampo\/site\/assets\/files\/1029\/acs_appl_mater_interfaces.250x0-is.png\" alt=\"\" width=\"250\" \/><\/a><\/td>\n<\/tr>\n<\/tbody>\n<\/table>\n<p>* These authors contributed equally to the work.<\/p>\n<table>\n<tbody>\n<tr>\n<td colspan=\"2\"><strong>Charge Transport Through Conjugated Azomethine-based Single Molecules for Optoelectronic Applications<\/strong><\/td>\n<\/tr>\n<tr>\n<td>Max Koole<br \/>\nRiccardo Frisende<br \/>\nMichiel L. Petrus<br \/>\nMickael L. Perrin<br \/>\nHerre S.J. van der Zant<br \/>\nTheo J. Dingemans<\/p>\n<p><em><a href=\"http:\/\/www.sciencedirect.com\/science\/article\/pii\/S1566119916301343\">Org. Electron.,\u00a0<strong>2016<\/strong>, 34, 38-41<\/a><\/em><\/td>\n<td><a href=\"https:\/\/www.cup.uni-muenchen.de\/pc\/docampo\/site\/assets\/files\/1029\/org__electr.jpg\"><img decoding=\"async\" class=\"align_center\" src=\"https:\/\/www.cup.uni-muenchen.de\/pc\/docampo\/site\/assets\/files\/1029\/org__electr.250x0-is.jpg\" alt=\"\" width=\"250\" \/><\/a><\/td>\n<\/tr>\n<\/tbody>\n<\/table>\n<table>\n<tbody>\n<tr>\n<td colspan=\"2\"><strong>A Low Cost Azomethine-Based Hole Transporting Material for Perovskite Photovoltaics<\/strong><\/td>\n<\/tr>\n<tr>\n<td>Michiel L. Petrus<br \/>\nThomas Bein<br \/>\nTheo J. Dingemans<br \/>\nPablo Docampo<\/p>\n<p><a href=\"http:\/\/pubs.rsc.org\/en\/content\/articlelanding\/2015\/ta\/c5ta03046c#!divAbstract\"><em>J. Mater. Chem. A<\/em>,\u00a0<strong>2015<\/strong>, 3, 12159<\/a>\u00a0(open Access)<\/td>\n<td><a href=\"https:\/\/www.cup.uni-muenchen.de\/pc\/docampo\/site\/assets\/files\/1029\/j_mater_chem_a_-_perovskites.gif\"><img decoding=\"async\" class=\"align_center\" src=\"https:\/\/www.cup.uni-muenchen.de\/pc\/docampo\/site\/assets\/files\/1029\/j_mater_chem_a_-_perovskites.250x0-is.gif\" alt=\"\" width=\"250\" \/><\/a><\/td>\n<\/tr>\n<\/tbody>\n<\/table>\n<table>\n<tbody>\n<tr>\n<td colspan=\"2\"><strong>Device Performance of Small-Molecule Azomethine-Based Bulk Heterojunction Solar Cells<\/strong><\/td>\n<\/tr>\n<tr>\n<td>Michiel L. Petrus<br \/>\nFrederik S. F. Morgenstern<br \/>\nAditya Sadhanala<br \/>\nRichard H. Friend<br \/>\nNeil C. Greenham<br \/>\nTheo J. Dingemans<\/p>\n<p><em><a href=\"http:\/\/pubs.acs.org\/doi\/abs\/10.1021\/acs.chemmater.5b00313\">Chem.\u00a0Mater.,\u00a0<strong>2015<\/strong>, 27 (8), 2990<\/a><\/em><\/td>\n<td><a href=\"https:\/\/www.cup.uni-muenchen.de\/pc\/docampo\/site\/assets\/files\/1029\/chem_mater.gif\"><img decoding=\"async\" class=\"align_center\" src=\"https:\/\/www.cup.uni-muenchen.de\/pc\/docampo\/site\/assets\/files\/1029\/chem_mater.250x0-is.gif\" alt=\"\" width=\"250\" \/><\/a><\/td>\n<\/tr>\n<\/tbody>\n<\/table>\n<table>\n<tbody>\n<tr>\n<td colspan=\"2\"><strong>Correlating On-Substrate Prepared Electrochromes With Their Solution Processed Counterparts \u2013 Towards Validating Polyazomethines as Electrochromes in Functioning Devices<\/strong><\/td>\n<\/tr>\n<tr>\n<td>Michael Mulholland<br \/>\nDaminda Navarathne<br \/>\nMichiel L. Petrus<br \/>\nTheo J. Dingemans<br \/>\nW. G. Skene<\/p>\n<p><em><a href=\"http:\/\/pubs.rsc.org\/en\/Content\/ArticleLanding\/2014\/TC\/C4TC01003E#!divAbstract\" target=\"_blank\" rel=\"noreferrer noopener\">J. Mater. Chem. C.,\u00a0<strong>2014,<\/strong>\u00a02\u00a0(43),<\/a>\u00a09099<\/em><\/td>\n<td><a href=\"https:\/\/www.cup.uni-muenchen.de\/pc\/docampo\/site\/assets\/files\/1029\/j_mater_chem_c.gif\"><img decoding=\"async\" class=\"align_center\" src=\"https:\/\/www.cup.uni-muenchen.de\/pc\/docampo\/site\/assets\/files\/1029\/j_mater_chem_c.250x0-is.gif\" alt=\"\" width=\"250\" \/><\/a><\/td>\n<\/tr>\n<\/tbody>\n<\/table>\n<table>\n<tbody>\n<tr>\n<td colspan=\"2\"><strong>Small-Molecule Azomethines: Organic Photovoltaics via Schiff Base Condensation Chemistry<\/strong><\/td>\n<\/tr>\n<tr>\n<td>Michiel L. Petrus<br \/>\nRicardo K.M. Bouwer<br \/>\nUgo Lafont<br \/>\nStavros Athanasopoulos<br \/>\nNeil C. Greenham<br \/>\nTheo J. Dingemans<\/p>\n<p><em><a href=\"http:\/\/pubs.rsc.org\/en\/Content\/ArticleLanding\/2014\/TA\/c4ta01629g#!divAbstract\">J. Mater. Chem. A, 2014, 2 (25), 9474<\/a><a href=\"http:\/\/pubs.rsc.org\/en\/content\/articlelanding\/2015\/ta\/c5ta03046c#!divAbstract\">\u00a0<\/a>(open access)<\/em><\/td>\n<td><a href=\"https:\/\/www.cup.uni-muenchen.de\/pc\/docampo\/site\/assets\/files\/1029\/j_mater_chem_a_-_small_molecules.gif\"><img decoding=\"async\" class=\"align_center\" src=\"https:\/\/www.cup.uni-muenchen.de\/pc\/docampo\/site\/assets\/files\/1029\/j_mater_chem_a_-_small_molecules.250x0-is.gif\" alt=\"\" width=\"250\" \/><\/a><\/td>\n<\/tr>\n<\/tbody>\n<\/table>\n<table>\n<tbody>\n<tr>\n<td colspan=\"2\"><strong>Conjugated poly(azomethine)s via simple one-step polycondensation chemistry: synthesis, thermal and optoelectronic properties<\/strong><\/td>\n<\/tr>\n<tr>\n<td>Michiel L. Petrus<br \/>\nRicardo K.M. Bouwer<br \/>\nUgo Lafont<br \/>\nD.H.K. Murthy<br \/>\nRen\u00e9 Kist<br \/>\nMarcus Bohm<br \/>\nYoann Olivier<br \/>\nTom J. Savenije<br \/>\nL. D. A. Siebbeles<br \/>\nNeil C. Greenham<br \/>\nTheo J. Dingemans<\/p>\n<p><em><a href=\"http:\/\/pubs.rsc.org\/en\/Content\/ArticleLanding\/2013\/PY\/c3py00433c#!divAbstract\">Polym. Chem., 2013, 4 (15), 4182<\/a>\u00a0(open access)<\/em><\/td>\n<td><a href=\"https:\/\/www.cup.uni-muenchen.de\/pc\/docampo\/site\/assets\/files\/1029\/polym_chem.gif\"><img decoding=\"async\" class=\"align_center\" src=\"https:\/\/www.cup.uni-muenchen.de\/pc\/docampo\/site\/assets\/files\/1029\/polym_chem.250x0-is.gif\" alt=\"\" width=\"250\" \/><\/a><\/td>\n<\/tr>\n<\/tbody>\n<\/table>\n<table>\n<tbody>\n<tr>\n<td colspan=\"2\"><strong>Enantioselective Synthesis of\u00a0<em>syn<\/em>&#8211; and\u00a0<em>anti<\/em>-1,3-Aminoalcohols via \u03b2-Aminoketones and Subsequent Reduction\/Dynamic Kinetic Asymmetric Transformation<\/strong><\/td>\n<\/tr>\n<tr>\n<td>R. Millet<br \/>\nA. M. Tr\u00e4ff<br \/>\nM.L. Petrus<br \/>\nJ-E B\u00e4ckvall<\/p>\n<p><a href=\"http:\/\/pubs.acs.org\/doi\/abs\/10.1021\/ja107857v\" target=\"_blank\" rel=\"noreferrer noopener\"><em>J. Am. Chem Soc<\/em>.;\u00a0<strong>2010<\/strong><strong>,<\/strong>\u00a0132, 15182<\/a><\/td>\n<\/tr>\n<\/tbody>\n<\/table>\n","protected":false},"excerpt":{"rendered":"<p>Dr. Michiel L. Petrus Address Dr. Michiel L. Petrus Department Chemie, Haus E, Office: 3.039 Ludwig-Maximilians-Universit\u00e4t M\u00fcnchen Butenandtstr. 11 81377 M\u00fcnchen Germany Phone +49 (0)89 2180-77626 Room E3.039 E-Mail michiel.petrus@cup.uni-muenchen.de Research field My research is mainly in the field of &hellip; <a href=\"https:\/\/blogs.ncl.ac.uk\/pablodocampo\/michiel\/\">Continue reading <span class=\"meta-nav\">&rarr;<\/span><\/a><\/p>\n","protected":false},"author":1552,"featured_media":0,"parent":0,"menu_order":0,"comment_status":"closed","ping_status":"closed","template":"","meta":{"footnotes":""},"class_list":["post-94","page","type-page","status-publish","hentry"],"_links":{"self":[{"href":"https:\/\/blogs.ncl.ac.uk\/pablodocampo\/wp-json\/wp\/v2\/pages\/94","targetHints":{"allow":["GET"]}}],"collection":[{"href":"https:\/\/blogs.ncl.ac.uk\/pablodocampo\/wp-json\/wp\/v2\/pages"}],"about":[{"href":"https:\/\/blogs.ncl.ac.uk\/pablodocampo\/wp-json\/wp\/v2\/types\/page"}],"author":[{"embeddable":true,"href":"https:\/\/blogs.ncl.ac.uk\/pablodocampo\/wp-json\/wp\/v2\/users\/1552"}],"replies":[{"embeddable":true,"href":"https:\/\/blogs.ncl.ac.uk\/pablodocampo\/wp-json\/wp\/v2\/comments?post=94"}],"version-history":[{"count":1,"href":"https:\/\/blogs.ncl.ac.uk\/pablodocampo\/wp-json\/wp\/v2\/pages\/94\/revisions"}],"predecessor-version":[{"id":95,"href":"https:\/\/blogs.ncl.ac.uk\/pablodocampo\/wp-json\/wp\/v2\/pages\/94\/revisions\/95"}],"wp:attachment":[{"href":"https:\/\/blogs.ncl.ac.uk\/pablodocampo\/wp-json\/wp\/v2\/media?parent=94"}],"curies":[{"name":"wp","href":"https:\/\/api.w.org\/{rel}","templated":true}]}}