{"id":33,"date":"2023-05-25T16:35:15","date_gmt":"2023-05-25T15:35:15","guid":{"rendered":"https:\/\/blogs.ncl.ac.uk\/painresearch\/?page_id=33"},"modified":"2024-10-29T14:21:47","modified_gmt":"2024-10-29T14:21:47","slug":"publications","status":"publish","type":"page","link":"https:\/\/blogs.ncl.ac.uk\/painresearch\/publications\/","title":{"rendered":"Publications"},"content":{"rendered":"\n<h2 class=\"wp-block-heading\">2024<\/h2>\n\n\n\n<p><\/p>\n\n\n\n<div class=\"wp-block-columns is-layout-flex wp-container-core-columns-is-layout-1 wp-block-columns-is-layout-flex\">\n<div class=\"wp-block-column is-layout-flow wp-block-column-is-layout-flow\" style=\"flex-basis:66.66%\">\n<p>Chuinsiri, N., Siraboriphantakul, N., Kendall, L., Yarova, P., Nile, C. J., Song, B., Obara, I., Durham, J., &amp; Telezhkin, V. (2024). <strong>Calcium-sensing receptor regulates Kv7 channels via G<sub>i\/o<\/sub> protein signalling and modulates excitability of human induced pluripotent stem cell-derived nociceptive-like neurons<\/strong>. <em>British journal of pharmacology<\/em>, <em>181<\/em>(15), 2676\u20132696. <a href=\"https:\/\/doi.org\/10.1111\/bph.16349\">https:\/\/doi.org\/10.1111\/bph.16349<\/a><\/p>\n<\/div>\n\n\n\n<div class=\"wp-block-column is-layout-flow wp-block-column-is-layout-flow\" style=\"flex-basis:33.33%\">\n<script src=\"https:\/\/d1bxh8uas1mnw7.cloudfront.net\/assets\/embed.js\"><\/script><div class=\"altmetric-embed\"><\/div>\n\n<\/div>\n<\/div>\n\n\n\n<div class=\"wp-block-columns is-layout-flex wp-container-core-columns-is-layout-2 wp-block-columns-is-layout-flex\">\n<div class=\"wp-block-column is-layout-flow wp-block-column-is-layout-flow\" style=\"flex-basis:66.66%\">\n<p>Manfredini, D., H\u00e4ggman-Henrikson, B., Al Jaghsi, A., Baad-Hansen, L., Beecroft, E., Bijelic, T., Bracci, A., Brinkmann, L., Bucci, R., Colonna, A., Ernberg, M., Giannakopoulos, N. N., Gillborg, S., Greene, C. S., Heir, G., Koutris, M., Kutschke, A., Lobbezoo, F., L\u00f6vgren, A., Michelotti, A., \u2026 International Network for Orofacial Pain and Related Disorders Methodology (2024). <strong>Temporomandibular disorders: INfORM\/IADR key points for good clinical practice based on standard of care. <\/strong><em>Cranio : the journal of craniomandibular practice<\/em>, 1\u20135. <a href=\"https:\/\/doi.org\/10.1080\/08869634.2024.2405298\">https:\/\/doi.org\/10.1080\/08869634.2024.2405298<\/a><\/p>\n<\/div>\n\n\n\n<div class=\"wp-block-column is-layout-flow wp-block-column-is-layout-flow\" style=\"flex-basis:33.33%\"><\/div>\n<\/div>\n\n\n\n<div class=\"wp-block-columns is-layout-flex wp-container-core-columns-is-layout-3 wp-block-columns-is-layout-flex\">\n<div class=\"wp-block-column is-layout-flow wp-block-column-is-layout-flow\" style=\"flex-basis:66.66%\">\n<p>Penlington, C., Durham, J., O&#8217;Brien, N., &amp; Green, R. (2024). <strong>Filling in the Gaps. Making Sense of Living with Temporomandibular Disorders: A Reflexive Thematic Analysis.<\/strong> <em>JDR clinical and translational research<\/em>, <em>9<\/em>(4), 358\u2013367. <a href=\"https:\/\/doi.org\/10.1177\/23800844231216652\">https:\/\/doi.org\/10.1177\/23800844231216652<\/a><\/p>\n<\/div>\n\n\n\n<div class=\"wp-block-column is-layout-flow wp-block-column-is-layout-flow\" style=\"flex-basis:33.33%\"><\/div>\n<\/div>\n\n\n\n<h2 class=\"wp-block-heading\">2023<\/h2>\n\n\n\n<div class=\"wp-block-columns is-layout-flex wp-container-core-columns-is-layout-4 wp-block-columns-is-layout-flex\">\n<div class=\"wp-block-column is-layout-flow wp-block-column-is-layout-flow\" style=\"flex-basis:66.66%\">\n<p>Allison JR, Offen E, Cowley T, Clare D, Bergman S, Ginsburg Feldman J, Schmidt LM, Kalinowski T, T\u00fcrp JC, Manfredini D, Nixdorf DR, DePalma AMC, Durham J; INfORM. <strong>How dental teams can help patients with temporomandibular disorders receive general dental care: An International Delphi process<\/strong>. <em>Journal of Oral Rehabilitation<\/em>. 2023;50(6):482-487.&nbsp;DOI:<a rel=\"noreferrer noopener\" href=\"https:\/\/doi.org\/10.1111\/joor.13444\" target=\"_blank\">10.1111\/joor.13444<\/a><\/p>\n<\/div>\n\n\n\n<div class=\"wp-block-column is-layout-flow wp-block-column-is-layout-flow\" style=\"flex-basis:33.33%\">\n<script src=\"https:\/\/d1bxh8uas1mnw7.cloudfront.net\/assets\/embed.js\"><\/script><div class=\"altmetric-embed\"><\/div>\n<\/div>\n<\/div>\n\n\n\n<div class=\"wp-block-columns is-layout-flex wp-container-core-columns-is-layout-5 wp-block-columns-is-layout-flex\">\n<div class=\"wp-block-column is-layout-flow wp-block-column-is-layout-flow\" style=\"flex-basis:66.66%\">\n<p>Currie CC, Palmer J, Stone SJ, Brocklehurst P, Aggarwal VR, Dorman PJ, Pearce MS, Durham J. <strong>Persistent Orofacial Pain Attendances at General Medical Practitioners<\/strong>. <em>Journal of Dental Research<\/em>. 2023;102(2):164-169. DOI:<a rel=\"noreferrer noopener\" href=\"https:\/\/doi.org\/10.1177\/00220345221128226\" target=\"_blank\">10.1177\/00220345221128226<\/a><\/p>\n<\/div>\n\n\n\n<div class=\"wp-block-column is-layout-flow wp-block-column-is-layout-flow\" style=\"flex-basis:33.33%\">\n<script src=\"https:\/\/d1bxh8uas1mnw7.cloudfront.net\/assets\/embed.js\"><\/script><div class=\"altmetric-embed\"><\/div>\n<\/div>\n<\/div>\n\n\n\n<div class=\"wp-block-columns is-layout-flex wp-container-core-columns-is-layout-6 wp-block-columns-is-layout-flex\">\n<div class=\"wp-block-column is-layout-flow wp-block-column-is-layout-flow\" style=\"flex-basis:66.66%\">\n<p>Edwards D, Rasaiah S, Ahmed SH, Breckons M, Stone SJ, Currie CC, Durham J, Whitworth J. <strong>The financial and quality of life impact of urgent dental presentations: A cross-sectional study<\/strong>. <em>International Endodontic Journal<\/em>. 2023;56:697-709. DOI:<a href=\"https:\/\/doi.org\/10.1111\/iej.13917\" target=\"_blank\" rel=\"noreferrer noopener\">10.1111\/iej.13917<\/a><\/p>\n<\/div>\n\n\n\n<div class=\"wp-block-column is-layout-flow wp-block-column-is-layout-flow\" style=\"flex-basis:33.33%\">\n<script src=\"https:\/\/d1bxh8uas1mnw7.cloudfront.net\/assets\/embed.js\"><\/script><div class=\"altmetric-embed\"><\/div>\n<\/div>\n<\/div>\n\n\n\n<div class=\"wp-block-columns is-layout-flex wp-container-core-columns-is-layout-7 wp-block-columns-is-layout-flex\">\n<div class=\"wp-block-column is-layout-flow wp-block-column-is-layout-flow\" style=\"flex-basis:66.66%\">\n<p>Hartley C, Penlington C. <strong>\u2018I Will Fight for People to Not Have the Experience I\u2019ve Had\u2019: A Thematic Analysis of the Experiences and Perspectives of Chronic Pain Lived Experience Advocates<\/strong>. <em>Qualitative Health Research<\/em>. 2023.&nbsp;DOI:<a rel=\"noreferrer noopener\" href=\"https:\/\/doi.org\/10.1177\/10497323231188639\" target=\"_blank\">10.1177\/10497323231188639<\/a><\/p>\n<\/div>\n\n\n\n<div class=\"wp-block-column is-layout-flow wp-block-column-is-layout-flow\" style=\"flex-basis:33.33%\">\n<script src=\"https:\/\/d1bxh8uas1mnw7.cloudfront.net\/assets\/embed.js\"><\/script><div class=\"altmetric-embed\"><\/div>\n<\/div>\n<\/div>\n\n\n\n<div class=\"wp-block-columns is-layout-flex wp-container-core-columns-is-layout-8 wp-block-columns-is-layout-flex\">\n<div class=\"wp-block-column is-layout-flow wp-block-column-is-layout-flow\" style=\"flex-basis:66.66%\">\n<p>Meaadi J, Obara I, Eldabe S, &nbsp;Nazar H. <strong>The safety and efficacy of gabapentinoids in the management of neuropathic pain: a systematic review with meta-analysis of randomised controlled trials<\/strong>.&nbsp;<em>Int J Clin Pharm<\/em>. 2023; 45:556\u2013565. DOI: <a rel=\"noreferrer noopener\" href=\"https:\/\/doi.org\/10.1007\/s11096-022-01528-y\" target=\"_blank\">10.1007\/s11096-022-01528-y<\/a><\/p>\n<\/div>\n\n\n\n<div class=\"wp-block-column is-layout-flow wp-block-column-is-layout-flow\" style=\"flex-basis:33.33%\">\n<script src=\"https:\/\/d1bxh8uas1mnw7.cloudfront.net\/assets\/embed.js\"><\/script><div class=\"altmetric-embed\"><\/div>\n<\/div>\n<\/div>\n\n\n\n<h2 class=\"wp-block-heading\">2022<\/h2>\n\n\n\n<div class=\"wp-block-columns is-layout-flex wp-container-core-columns-is-layout-9 wp-block-columns-is-layout-flex\">\n<div class=\"wp-block-column is-layout-flow wp-block-column-is-layout-flow\" style=\"flex-basis:66.66%\">\n<p>Alrashdi I, Alsubaiyel A, Chan M, Battell EE, Ennaceur A, Nunn MA, Weston-Davies W, Chazot PL, Obara I. <strong>Votucalis, a Novel Centrally Sparing Histamine-Binding Protein, Attenuates Histaminergic Itch and Neuropathic Pain in Mice.<\/strong> <em>Front Pharmacol<\/em>. 2022 Mar 8;13:846683. DOI: <a rel=\"noreferrer noopener\" href=\"https:\/\/doi.org\/10.3389\/fphar.2022.846683\" target=\"_blank\">10.3389\/fphar.2022.846683.<\/a><\/p>\n<\/div>\n\n\n\n<div class=\"wp-block-column is-layout-flow wp-block-column-is-layout-flow\" style=\"flex-basis:33.33%\">\n<script src=\"https:\/\/d1bxh8uas1mnw7.cloudfront.net\/assets\/embed.js\"><\/script><div class=\"altmetric-embed\"><\/div>\n<\/div>\n<\/div>\n\n\n\n<div class=\"wp-block-columns is-layout-flex wp-container-core-columns-is-layout-10 wp-block-columns-is-layout-flex\">\n<div class=\"wp-block-column is-layout-flow wp-block-column-is-layout-flow\" style=\"flex-basis:66.66%\">\n<p>Currie CC, Stone SJ, Brocklehurst P, Slade G, Durham J, Pearce MS. <strong>Dental Attendances to General Medical Practitioners in Wales: A 44 Year-Analysis<\/strong>.&nbsp;<em>Journal of Dental Research<\/em>. 2022;101(4):407-413. DOI:<a rel=\"noreferrer noopener\" href=\"https:\/\/doi.org\/10.1177\/00220345211044108\" target=\"_blank\">10.1177\/00220345211044108<\/a><\/p>\n<\/div>\n\n\n\n<div class=\"wp-block-column is-layout-flow wp-block-column-is-layout-flow\" style=\"flex-basis:33.33%\">\n<script src=\"https:\/\/d1bxh8uas1mnw7.cloudfront.net\/assets\/embed.js\"><\/script><div class=\"altmetric-embed\"><\/div>\n<\/div>\n<\/div>\n\n\n\n<div class=\"wp-block-columns is-layout-flex wp-container-core-columns-is-layout-11 wp-block-columns-is-layout-flex\">\n<div class=\"wp-block-column is-layout-flow wp-block-column-is-layout-flow\" style=\"flex-basis:66.66%\">\n<p>Dietz&nbsp;BE, Mugan&nbsp;D,&nbsp;Vuong QC,&nbsp;Obara&nbsp;I. <strong>Electrically Evoked Compound Action Potentials in Spinal Cord Stimulation: Implications for Preclinical Research Models<\/strong>. <em>Neuromodulation<\/em>. 2022;25:64-74. DOI: <a rel=\"noreferrer noopener\" href=\"https:\/\/doi.org\/10.1111\/ner.13480\" target=\"_blank\">10.1111\/ner.13480<\/a><\/p>\n<\/div>\n\n\n\n<div class=\"wp-block-column is-layout-flow wp-block-column-is-layout-flow\" style=\"flex-basis:33.33%\">\n<script src=\"https:\/\/d1bxh8uas1mnw7.cloudfront.net\/assets\/embed.js\"><\/script><div class=\"altmetric-embed\"><\/div>\n<\/div>\n<\/div>\n\n\n\n<div class=\"wp-block-columns is-layout-flex wp-container-core-columns-is-layout-12 wp-block-columns-is-layout-flex\">\n<div class=\"wp-block-column is-layout-flow wp-block-column-is-layout-flow\" style=\"flex-basis:66.66%\">\n<p>Penlington C, Bowes C, Taylor G, Otemade AA, Waterhouse P, Durham J, Ohrbach R. <strong>Psychological therapies for temporomandibular disorders (TMDs)<\/strong>. <em>Cochrane Database of Systematic Reviews. <\/em>2022, Issue 8. Art. No.: CD013515. DOI: <a rel=\"noreferrer noopener\" href=\"https:\/\/doi.org\/10.1002\/14651858.CD013515.pub2\" target=\"_blank\">10.1002\/14651858.CD013515.pub2<\/a>.<\/p>\n<\/div>\n\n\n\n<div class=\"wp-block-column is-layout-flow wp-block-column-is-layout-flow\" style=\"flex-basis:33.33%\">\n<script src=\"https:\/\/d1bxh8uas1mnw7.cloudfront.net\/assets\/embed.js\"><\/script><div class=\"altmetric-embed\"><\/div>\n<\/div>\n<\/div>\n\n\n\n<div class=\"wp-block-columns is-layout-flex wp-container-core-columns-is-layout-13 wp-block-columns-is-layout-flex\">\n<div class=\"wp-block-column is-layout-flow wp-block-column-is-layout-flow\" style=\"flex-basis:66.66%\">\n<p>Mills VG, Meaadi J, Nazar H, Obara I. <strong>A review and narrative synthesis of community pharmacist-led interventions to tackle medicines for pain that are misused<\/strong>. <em>International Journal of Pharmacy Practice<\/em>. 2022; 30:305-314. DOI: <a rel=\"noreferrer noopener\" href=\"https:\/\/doi.org\/10.1093\/ijpp\/riac041\" target=\"_blank\">10.1093\/ijpp\/riac041<\/a><\/p>\n<\/div>\n\n\n\n<div class=\"wp-block-column is-layout-flow wp-block-column-is-layout-flow\" style=\"flex-basis:33.33%\">\n<script src=\"https:\/\/d1bxh8uas1mnw7.cloudfront.net\/assets\/embed.js\"><\/script><div class=\"altmetric-embed\"><\/div>\n<\/div>\n<\/div>\n\n\n\n<h2 class=\"wp-block-heading\">2021<\/h2>\n\n\n\n<div class=\"wp-block-columns is-layout-flex wp-container-core-columns-is-layout-14 wp-block-columns-is-layout-flex\">\n<div class=\"wp-block-column is-layout-flow wp-block-column-is-layout-flow\" style=\"flex-basis:66.66%\">\n<p>Currie CC, Ohrbach R, DeLeeuw R, Forssell H, Imamura Y, J\u00e4\u00e4skel\u00e4inen SK, Koutris M, NasriHeir C, Tan H, Renton T, Svensson P, Durham J. <strong>Developing a Research Diagnostic Criteria for Burning Mouth Syndrome: Results from an International Delphi Process<\/strong>. <em>J Oral Rehab<\/em>. 2021;48:308-331. DOI:<a rel=\"noreferrer noopener\" href=\"https:\/\/doi.org\/10.1111\/joor.13123\" target=\"_blank\">10.1111\/joor.13123<\/a><\/p>\n<\/div>\n\n\n\n<div class=\"wp-block-column is-layout-flow wp-block-column-is-layout-flow\" style=\"flex-basis:33.33%\">\n<script src=\"https:\/\/d1bxh8uas1mnw7.cloudfront.net\/assets\/embed.js\"><\/script><div class=\"altmetric-embed\"><\/div>\n<\/div>\n<\/div>\n\n\n\n<div class=\"wp-block-columns is-layout-flex wp-container-core-columns-is-layout-15 wp-block-columns-is-layout-flex\">\n<div class=\"wp-block-column is-layout-flow wp-block-column-is-layout-flow\" style=\"flex-basis:66.66%\">\n<p>Edwards D, Bailey O, Stone SJ, Duncan H. <strong>How is carious pulp exposure and symptomatic irreversible pulpitis managed in UK primary dental care?<\/strong>.&nbsp;<em>International Endodontic Journal<\/em>. 2021;45:2256-2275. DOI:<a rel=\"noreferrer noopener\" href=\"https:\/\/doi.org\/10.1111\/iej.13628\" target=\"_blank\">10.1111\/iej.13628<\/a><\/p>\n<\/div>\n\n\n\n<div class=\"wp-block-column is-layout-flow wp-block-column-is-layout-flow\" style=\"flex-basis:33.33%\">\n<script src=\"https:\/\/d1bxh8uas1mnw7.cloudfront.net\/assets\/embed.js\"><\/script><div class=\"altmetric-embed\"><\/div>\n<\/div>\n<\/div>\n\n\n\n<div class=\"wp-block-columns is-layout-flex wp-container-core-columns-is-layout-16 wp-block-columns-is-layout-flex\">\n<div class=\"wp-block-column is-layout-flow wp-block-column-is-layout-flow\" style=\"flex-basis:66.66%\">\n<p> Edwards D, Bailey O, Stone SJ, Duncan H. <strong>The management of deep caries in UK primary care: A nationwide questionnaire-based study<\/strong>. <em>International Endodontic Journal<\/em>. 2021;54:1804-1818. DOI:<a rel=\"noreferrer noopener\" href=\"https:\/\/doi.org\/10.1111\/iej.13585\" target=\"_blank\">10.1111\/iej.13585<\/a><\/p>\n<\/div>\n\n\n\n<div class=\"wp-block-column is-layout-flow wp-block-column-is-layout-flow\" style=\"flex-basis:33.33%\">\n<script src=\"https:\/\/d1bxh8uas1mnw7.cloudfront.net\/assets\/embed.js\"><\/script><div class=\"altmetric-embed\"><\/div>\n<\/div>\n<\/div>\n\n\n\n<h2 class=\"wp-block-heading\">2020<\/h2>\n\n\n\n<div class=\"wp-block-columns is-layout-flex wp-container-core-columns-is-layout-17 wp-block-columns-is-layout-flex\">\n<div class=\"wp-block-column is-layout-flow wp-block-column-is-layout-flow\" style=\"flex-basis:66.66%\">\n<p>Allison JR, Stone SJ, Pigg M. <strong>The painful tooth: mechanisms, presentation and differential diagnosis of odontogenic pain. <\/strong><em>Oral Surg<\/em>, 2020;13: 309-320.&nbsp;DOI:<a rel=\"noreferrer noopener\" href=\"https:\/\/doi.org\/10.1111\/ors.12481\" target=\"_blank\">10.1111\/ors.12481<\/a><\/p>\n<\/div>\n\n\n\n<div class=\"wp-block-column is-layout-flow wp-block-column-is-layout-flow\" style=\"flex-basis:33.33%\">\n<script src=\"https:\/\/d1bxh8uas1mnw7.cloudfront.net\/assets\/embed.js\"><\/script><div class=\"altmetric-embed\"><\/div>\n<\/div>\n<\/div>\n\n\n\n<h2 class=\"wp-block-heading\">2019<\/h2>\n\n\n\n<div class=\"wp-block-columns is-layout-flex wp-container-core-columns-is-layout-18 wp-block-columns-is-layout-flex\">\n<div class=\"wp-block-column is-layout-flow wp-block-column-is-layout-flow\" style=\"flex-basis:66.66%\">\n<p>Coulter J, Nixdorf D. <strong>A review of persistent idiopathic dentoalveolar pain (formerly PDAP\/Atypical odontalgia)<\/strong>. <em>Oral Surgery.<\/em> 2019;13:371-378. DOI:<a href=\"https:\/\/doi.org\/10.1111\/ors.12472\" target=\"_blank\" rel=\"noreferrer noopener\">10.1111\/ors.12472<\/a><\/p>\n<\/div>\n\n\n\n<div class=\"wp-block-column is-layout-flow wp-block-column-is-layout-flow\" style=\"flex-basis:33.33%\"><\/div>\n<\/div>\n\n\n\n<div class=\"wp-block-columns is-layout-flex wp-container-core-columns-is-layout-19 wp-block-columns-is-layout-flex\">\n<div class=\"wp-block-column is-layout-flow wp-block-column-is-layout-flow\" style=\"flex-basis:66.66%\">\n<p>Vuong QC, Allison JR, Finkelmeyer A, Newton J, Durham J. <strong>Brain Responses in CFS and TMD to Autonomic Challenges: An Exploratory fMRI Study<\/strong>. <em>JDR CTR.<\/em> 2019;5:224-232. DOI:<a rel=\"noreferrer noopener\" href=\"https:\/\/doi.org\/10.1177\/2380084419872135\" target=\"_blank\">10.1177\/2380084419872135<\/a><\/p>\n<\/div>\n\n\n\n<div class=\"wp-block-column is-layout-flow wp-block-column-is-layout-flow\" style=\"flex-basis:33.33%\">\n<script src=\"https:\/\/d1bxh8uas1mnw7.cloudfront.net\/assets\/embed.js\"><\/script><div class=\"altmetric-embed\"><\/div>\n<\/div>\n<\/div>\n\n\n\n<div class=\"wp-block-columns is-layout-flex wp-container-core-columns-is-layout-20 wp-block-columns-is-layout-flex\">\n<div class=\"wp-block-column is-layout-flow wp-block-column-is-layout-flow\" style=\"flex-basis:66.66%\">\n<p>Obara I,&nbsp;Telezhkin V,&nbsp;Alrashdi I,&nbsp;Chazot PL.&nbsp;<strong>Histamine, histamine receptors, and neuropathic pain relief.<\/strong>&nbsp;<em>Br J Pharmacol<\/em>.&nbsp;2020;&nbsp;177:&nbsp;580\u2013&nbsp;599.&nbsp;<a rel=\"noreferrer noopener\" href=\"https:\/\/doi.org\/10.1111\/bph.14696\" target=\"_blank\">https:\/\/doi.org\/10.1111\/bph.14696<\/a><\/p>\n<\/div>\n\n\n\n<div class=\"wp-block-column is-layout-flow wp-block-column-is-layout-flow\" style=\"flex-basis:33.33%\">\n<script src=\"https:\/\/d1bxh8uas1mnw7.cloudfront.net\/assets\/embed.js\"><\/script><div class=\"altmetric-embed\"><\/div>\n<\/div>\n<\/div>\n\n\n\n<div class=\"wp-block-columns is-layout-flex wp-container-core-columns-is-layout-21 wp-block-columns-is-layout-flex\">\n<div class=\"wp-block-column is-layout-flow wp-block-column-is-layout-flow\" style=\"flex-basis:66.66%\">\n<p>Penlington C, Araujo-Soares V, Durham J. <strong>Predicting Persistent Orofacial Pain: The Role of Illness Perceptions, Anxiety, and Depression<\/strong>. <em>JDR CTR<\/em>. 2019;5:40-49. DOI:<a rel=\"noreferrer noopener\" href=\"https:\/\/doi.org\/10.1177\/2380084419846447\" target=\"_blank\">10.1177\/2380084419846447<\/a><\/p>\n<\/div>\n\n\n\n<div class=\"wp-block-column is-layout-flow wp-block-column-is-layout-flow\" style=\"flex-basis:33.33%\">\n<script src=\"https:\/\/d1bxh8uas1mnw7.cloudfront.net\/assets\/embed.js\"><\/script><div class=\"altmetric-embed\"><\/div>\n<\/div>\n<\/div>\n\n\n\n<h2 class=\"wp-block-heading\">2018<\/h2>\n\n\n\n<div class=\"wp-block-columns is-layout-flex wp-container-core-columns-is-layout-22 wp-block-columns-is-layout-flex\">\n<div class=\"wp-block-column is-layout-flow wp-block-column-is-layout-flow\" style=\"flex-basis:66.66%\">\n<p>Breckons M, Shen J, Vale L, Durham J. <strong>DEEP Study: Indirect and out-of-pocket costs of Persistent Orofacial Pain<\/strong>. <em>J Dent Res<\/em>. 2018;97:1200-1206. DOI:<a rel=\"noreferrer noopener\" href=\"https:\/\/doi.org\/10.1177\/0022034518773310\" target=\"_blank\">10.1177\/0022034518773310<\/a><\/p>\n<\/div>\n\n\n\n<div class=\"wp-block-column is-layout-flow wp-block-column-is-layout-flow\" style=\"flex-basis:33.33%\">\n<script src=\"https:\/\/d1bxh8uas1mnw7.cloudfront.net\/assets\/embed.js\"><\/script><div class=\"altmetric-embed\"><\/div>\n<\/div>\n<\/div>\n\n\n\n<h2 class=\"wp-block-heading\">2016<\/h2>\n\n\n\n<div class=\"wp-block-columns is-layout-flex wp-container-core-columns-is-layout-23 wp-block-columns-is-layout-flex\">\n<div class=\"wp-block-column is-layout-flow wp-block-column-is-layout-flow\" style=\"flex-basis:66.66%\">\n<p>Currie CC, Stone S, Connolly J, Durham J. <strong>Dental pain in the medical emergency department: a cross-sectional study<\/strong>. <em>J Oral Rehabil<\/em>. 2017;44:105-111.&nbsp;DOI:<a rel=\"noreferrer noopener\" href=\"https:\/\/doi.org\/10.1111\/joor.12462\" target=\"_blank\">https:\/\/doi.org\/10.1111\/joor.12462<\/a><\/p>\n<\/div>\n\n\n\n<div class=\"wp-block-column is-layout-flow wp-block-column-is-layout-flow\" style=\"flex-basis:33.33%\">\n<script src=\"https:\/\/d1bxh8uas1mnw7.cloudfront.net\/assets\/embed.js\"><\/script><div class=\"altmetric-embed\"><\/div>\n<\/div>\n<\/div>\n\n\n\n<div class=\"wp-block-columns is-layout-flex wp-container-core-columns-is-layout-24 wp-block-columns-is-layout-flex\">\n<div class=\"wp-block-column is-layout-flow wp-block-column-is-layout-flow\" style=\"flex-basis:66.66%\">\n<p>Breckons M, Bissett S, Exley C, Araujo-Soares V, Durham J. <strong>Care Pathways in Persistent Orofacial Pain: Qualitative Evidence from the DEEP Study<\/strong>. <em>JDR CTR<\/em>. 2016;2:48-57. DOI:<a rel=\"noreferrer noopener\" href=\"https:\/\/doi.org\/10.1177\/2380084416679648\" target=\"_blank\">10.1177\/2380084416679648<\/a><\/p>\n<\/div>\n\n\n\n<div class=\"wp-block-column is-layout-flow wp-block-column-is-layout-flow\" style=\"flex-basis:33.33%\">\n<script src=\"https:\/\/d1bxh8uas1mnw7.cloudfront.net\/assets\/embed.js\"><\/script><div class=\"altmetric-embed\"><\/div>\n<\/div>\n<\/div>\n\n\n\n<div class=\"wp-block-columns is-layout-flex wp-container-core-columns-is-layout-25 wp-block-columns-is-layout-flex\">\n<div class=\"wp-block-column is-layout-flow wp-block-column-is-layout-flow\" style=\"flex-basis:66.66%\">\n<p>Durham J, Shen J, Breckons M, Steele JG, Araujo-Soares V, Exley C, Vale L. <strong>Healthcare Cost and Impact of Persistent Orofacial Pain: The DEEP Study Cohort<\/strong>. <em>J Dent Res<\/em>; 2016;10:1147-1154. DOI:<a rel=\"noreferrer noopener\" href=\"https:\/\/doi.org\/10.1177\/0022034516648088\" target=\"_blank\">10.1177\/0022034516648088<\/a><\/p>\n<\/div>\n\n\n\n<div class=\"wp-block-column is-layout-flow wp-block-column-is-layout-flow\" style=\"flex-basis:33.33%\">\n<script src=\"https:\/\/d1bxh8uas1mnw7.cloudfront.net\/assets\/embed.js\"><\/script><div class=\"altmetric-embed\"><\/div>\n<\/div>\n<\/div>\n\n\n\n<h2 class=\"wp-block-heading\">2015<\/h2>\n\n\n\n<div class=\"wp-block-columns is-layout-flex wp-container-core-columns-is-layout-26 wp-block-columns-is-layout-flex\">\n<div class=\"wp-block-column is-layout-flow wp-block-column-is-layout-flow\" style=\"flex-basis:66.66%\">\n<p>Durham&nbsp;J,&nbsp;Newton-John&nbsp;TRO,&nbsp;Zakrzewska&nbsp;JM.&nbsp;<strong>Temporomandibular disorders<\/strong>.&nbsp;<em>BMJ.&nbsp;<\/em>2015;&nbsp;350:h1154. DOI:<a href=\"https:\/\/doi.org\/10.1136\/bmj.h1154\" target=\"_blank\" rel=\"noreferrer noopener\">10.1136\/bmj.h1154<\/a><\/p>\n<\/div>\n\n\n\n<div class=\"wp-block-column is-layout-flow wp-block-column-is-layout-flow\" style=\"flex-basis:33.33%\">\n<script src=\"https:\/\/d1bxh8uas1mnw7.cloudfront.net\/assets\/embed.js\"><\/script><div class=\"altmetric-embed\"><\/div>\n<\/div>\n<\/div>\n\n\n\n<div class=\"wp-block-columns is-layout-flex wp-container-core-columns-is-layout-27 wp-block-columns-is-layout-flex\">\n<div class=\"wp-block-column is-layout-flow wp-block-column-is-layout-flow\" style=\"flex-basis:50%\">\n<p>Yule PL, Durham J, Playford H, Moufti MA, Steele J, Steen N, Wassell RW, Ohrbach R. <strong>OHIP-TMDs: a patient-reported outcome measure for temporomandibular disorders<\/strong>. <em>Community Dentistry and Oral Epidemiology<\/em>. 2015; 43:461-470. DOI:<a rel=\"noreferrer noopener\" href=\"https:\/\/doi.org\/10.1111\/cdoe.12171\" target=\"_blank\">10.1111\/cdoe.12171<\/a><\/p>\n<\/div>\n\n\n\n<div class=\"wp-block-column is-layout-flow wp-block-column-is-layout-flow\" style=\"flex-basis:33%\"><\/div>\n<\/div>\n","protected":false},"excerpt":{"rendered":"<p>2024 Chuinsiri, N., Siraboriphantakul, N., Kendall, L., Yarova, P., Nile, C. J., Song, B., Obara, I., Durham, J., &amp; Telezhkin, V. (2024). Calcium-sensing receptor regulates Kv7 channels via Gi\/o protein signalling and modulates excitability of human induced pluripotent stem cell-derived nociceptive-like neurons. British journal of pharmacology, 181(15), 2676\u20132696. https:\/\/doi.org\/10.1111\/bph.16349 Manfredini, D., H\u00e4ggman-Henrikson, B., Al Jaghsi, [&hellip;]<\/p>\n","protected":false},"author":8160,"featured_media":0,"parent":0,"menu_order":0,"comment_status":"closed","ping_status":"closed","template":"","meta":{"footnotes":""},"class_list":["post-33","page","type-page","status-publish","hentry"],"_links":{"self":[{"href":"https:\/\/blogs.ncl.ac.uk\/painresearch\/wp-json\/wp\/v2\/pages\/33","targetHints":{"allow":["GET"]}}],"collection":[{"href":"https:\/\/blogs.ncl.ac.uk\/painresearch\/wp-json\/wp\/v2\/pages"}],"about":[{"href":"https:\/\/blogs.ncl.ac.uk\/painresearch\/wp-json\/wp\/v2\/types\/page"}],"author":[{"embeddable":true,"href":"https:\/\/blogs.ncl.ac.uk\/painresearch\/wp-json\/wp\/v2\/users\/8160"}],"replies":[{"embeddable":true,"href":"https:\/\/blogs.ncl.ac.uk\/painresearch\/wp-json\/wp\/v2\/comments?post=33"}],"version-history":[{"count":22,"href":"https:\/\/blogs.ncl.ac.uk\/painresearch\/wp-json\/wp\/v2\/pages\/33\/revisions"}],"predecessor-version":[{"id":659,"href":"https:\/\/blogs.ncl.ac.uk\/painresearch\/wp-json\/wp\/v2\/pages\/33\/revisions\/659"}],"wp:attachment":[{"href":"https:\/\/blogs.ncl.ac.uk\/painresearch\/wp-json\/wp\/v2\/media?parent=33"}],"curies":[{"name":"wp","href":"https:\/\/api.w.org\/{rel}","templated":true}]}}