{"id":34,"date":"2023-01-24T15:25:22","date_gmt":"2023-01-24T15:25:22","guid":{"rendered":"https:\/\/blogs.ncl.ac.uk\/redefiningeducation\/?page_id=34"},"modified":"2023-10-05T14:44:00","modified_gmt":"2023-10-05T13:44:00","slug":"barcelona","status":"publish","type":"page","link":"https:\/\/blogs.ncl.ac.uk\/redefiningeducation\/barcelona\/","title":{"rendered":"Barcelona"},"content":{"rendered":"\n<p class=\"has-text-color\" style=\"color:#0c2572\"><strong><a href=\"https:\/\/reginahorta.com\/\">Escola Regina Carmeli,&nbsp; Horta, Barcelona<\/a> (Regina Carmeli School)<\/strong><\/p>\n\n\n\n<hr class=\"wp-block-separator has-text-color has-background is-style-wide\" style=\"background-color:#e56f71;color:#e56f71\" \/>\n\n\n\n<figure class=\"wp-block-embed is-type-video is-provider-youtube wp-block-embed-youtube wp-embed-aspect-16-9 wp-has-aspect-ratio\"><div class=\"wp-block-embed__wrapper\">\n<iframe loading=\"lazy\" title=\"Barcelona: How Education Can Help Make the City a Fairer Place. You Are Not Alone &amp; On My Way\" width=\"584\" height=\"329\" src=\"\/\/www.youtube.com\/embed\/3wmaP1ZNYjo?list=PLwGMOjnteVjl2qp2ULsw2L94lwPPwVDd5\" frameborder=\"0\" allow=\"accelerometer; autoplay; clipboard-write; encrypted-media; gyroscope; picture-in-picture; web-share\" referrerpolicy=\"strict-origin-when-cross-origin\" allowfullscreen><\/iframe>\n<\/div><figcaption><strong>Barcelona Young People\u2019s Project: You Are Not Alone &amp; On My Way (short film and song)<\/strong><\/figcaption><\/figure>\n\n\n\n<hr class=\"wp-block-separator has-text-color has-background is-style-wide\" style=\"background-color:#e56f71;color:#e56f71\" \/>\n\n\n\n<h2 class=\"has-text-color wp-block-heading\" style=\"color:#0c2572\"><strong>Case Study<\/strong> &#8211;  <strong>L\u2019Audi\u00e8ncia P\u00fablica als Nois i Noies de Barcelona&nbsp;<\/strong>(<strong>The Public Hearing for the Girls and Boys of Barcelona<\/strong>)<\/h2>\n\n\n\n<p><strong>Run by: <a href=\"http:\/\/ajuntament.barcelona.cat\/educacio\/ca\/audiencia-publica-de-nois-i-noies\" data-type=\"URL\" data-id=\"http:\/\/ajuntament.barcelona.cat\/educacio\/ca\/audiencia-publica-de-nois-i-noies\">Ajuntament de Barcelona&nbsp;<\/a><\/strong><\/p>\n\n\n\n<figure class=\"wp-block-image size-full\"><img loading=\"lazy\" decoding=\"async\" width=\"886\" height=\"482\" src=\"https:\/\/blogs.ncl.ac.uk\/redefiningeducation\/files\/2023\/04\/barca-class.png\" alt=\"\" class=\"wp-image-91\" srcset=\"https:\/\/blogs.ncl.ac.uk\/redefiningeducation\/files\/2023\/04\/barca-class.png 886w, https:\/\/blogs.ncl.ac.uk\/redefiningeducation\/files\/2023\/04\/barca-class-300x163.png 300w, https:\/\/blogs.ncl.ac.uk\/redefiningeducation\/files\/2023\/04\/barca-class-768x418.png 768w, https:\/\/blogs.ncl.ac.uk\/redefiningeducation\/files\/2023\/04\/barca-class-500x272.png 500w\" sizes=\"auto, (max-width: 886px) 100vw, 886px\" \/><figcaption><strong>Barcelona Focus Group<\/strong><\/figcaption><\/figure>\n\n\n\n<p class=\"has-text-color\" style=\"color:#0c2572\">The case study was chosen due to:<\/p>\n\n\n\n<p class=\"has-text-color\" style=\"color:#0c2572\">i)  <strong>its promotion of participatory practices in political education for children in Barcelona<\/strong>, and <\/p>\n\n\n\n<p class=\"has-text-color\" style=\"color:#0c2572\">ii) <strong>its recognition of the positive impact that more reciprocal urban learning contexts (for policymakers, professionals, children and young people) can have on the development of inclusive, fairer places. &nbsp;<\/strong><\/p>\n\n\n\n<hr class=\"wp-block-separator has-text-color has-background is-style-wide\" style=\"background-color:#e56f71;color:#e56f71\" \/>\n\n\n\n<p class=\"has-text-color\" style=\"color:#0c2572\"><strong>What is The Public Hearing for the Girls and Boys of Barcelona?&nbsp;<\/strong><\/p>\n\n\n\n<p class=\"has-text-color\" style=\"color:#0c2572\">Since <strong>1994<\/strong>, the public hearing formula has promoted a model of democratic participation for thousands of children. In 2019-2020 the project involved 1,800 children from 37 educational centres in the 10 districts of the city.&nbsp;<\/p>\n\n\n\n<p class=\"has-blue-color has-light-gray-background-color has-text-color has-background\"><strong>The active participation of children and young people in the place where they live is promoted in Barcelona through education. <a href=\"https:\/\/ajuntament.barcelona.cat\/dretssocials\/sites\/default\/files\/arxius-documents\/resultats-construccio-desenvolupament-la-innovacio-processos-participacio-infantil-adolescent_es.pdf\">The Public Hearing is a city-wide participatory process; a political citizenship course that raises children and young people\u2019s awareness of their rights and duties as citizens of Barcelona and enables them to actively participate in this citizenship process.<\/a> The city recognises the vital importance of giving children and young people the opportunity to engage in active citizenship and educating them in the practice of civic participation.<\/strong><\/p>\n\n\n\n<hr class=\"wp-block-separator has-text-color has-background is-style-wide\" style=\"background-color:#e56f71;color:#e56f71\" \/>\n\n\n\n<p class=\"has-text-color\" style=\"color:#0c2572\"><strong>XXV Public Hearing for the Boys and Girls of Barcelona:<\/strong> <strong>Educating in Equality<\/strong><\/p>\n\n\n\n<p class=\"has-text-color\" style=\"color:#0c2572\">The Public Hearing for the Young People of Barcelona is a form of participation through which young citizens aged between 11 and 17 (year 6 in primary schools and throughout high schools, including special education schools) are invited to collaborate to develop policy proposals for change. With a feminist theme,<strong> the theme of the XXV Public Hearing for Young People in 2019 \u2013 2020 was &#8220;Educating in Equality.&#8221;<\/strong>  <\/p>\n\n\n\n<p class=\"has-blue-color has-light-gray-background-color has-text-color has-background\"><strong>Throughout the 6-month process (October \u2013 April), teaching staff receive advice from experts in the Barcelona team on civic participation in Barcelona, supported by a range of course materials. Young people debate and discuss key issues that are important to them, with the aim of reaching consensus on policy proposals and the commitments to policy change that they would like to see from their politicians. After a collective reflective process, the young people present their conclusions in public hearings, which are chaired by the district councils and the mayor.<\/strong><\/p>\n\n\n\n<p class=\"has-text-color\" style=\"color:#0c2572\"><em>From 2020-2021, The Public Hearing for the Boys and Girls of Barcelona has been developed&nbsp; and replaced by The Participatory Process of Adolescent Citizenship of Barcelona.<\/em><\/p>\n\n\n\n<hr class=\"wp-block-separator has-text-color has-background is-style-wide\" style=\"background-color:#e56f71;color:#e56f71\" \/>\n\n\n\n<div class=\"wp-block-image\"><figure class=\"aligncenter size-large is-resized\"><img loading=\"lazy\" decoding=\"async\" src=\"https:\/\/blogs.ncl.ac.uk\/redefiningeducation\/files\/2023\/02\/ONMYWAY-Portada-WEB-1024x1024.jpg\" alt=\"\" class=\"wp-image-65\" width=\"441\" height=\"441\" srcset=\"https:\/\/blogs.ncl.ac.uk\/redefiningeducation\/files\/2023\/02\/ONMYWAY-Portada-WEB-1024x1024.jpg 1024w, https:\/\/blogs.ncl.ac.uk\/redefiningeducation\/files\/2023\/02\/ONMYWAY-Portada-WEB-300x300.jpg 300w, https:\/\/blogs.ncl.ac.uk\/redefiningeducation\/files\/2023\/02\/ONMYWAY-Portada-WEB-150x150.jpg 150w, https:\/\/blogs.ncl.ac.uk\/redefiningeducation\/files\/2023\/02\/ONMYWAY-Portada-WEB-768x768.jpg 768w, https:\/\/blogs.ncl.ac.uk\/redefiningeducation\/files\/2023\/02\/ONMYWAY-Portada-WEB-1536x1536.jpg 1536w, https:\/\/blogs.ncl.ac.uk\/redefiningeducation\/files\/2023\/02\/ONMYWAY-Portada-WEB.jpg 1920w\" sizes=\"auto, (max-width: 441px) 100vw, 441px\" \/><\/figure><\/div>\n\n\n\n<h2 class=\"has-text-color wp-block-heading\" style=\"color:#0c2572\">Barcelona Young People&#8217;s Project: You Are Not Alone &amp; On My Way (short film and song)<\/h2>\n\n\n\n<p class=\"has-text-color\" style=\"color:#0c2572\"><strong>Priscila, Laia, Carmen, Carles, Berta, Nerea, Gerard, Lucia and Ainara<\/strong>, a group of teenage students from Regina Carmeli Horta school, and t<strong>heir teachers, Rosa Maria and Miquel<\/strong>, were part of the XXVth Audiencia &#8211; the theme was <em>educating for equality. <\/em><\/p>\n\n\n\n<figure class=\"wp-block-image size-large\"><img loading=\"lazy\" decoding=\"async\" width=\"1024\" height=\"768\" src=\"https:\/\/blogs.ncl.ac.uk\/redefiningeducation\/files\/2023\/05\/FT6Ns_UWUAEyCl3-1-1024x768.jpeg\" alt=\"\" class=\"wp-image-207\" srcset=\"https:\/\/blogs.ncl.ac.uk\/redefiningeducation\/files\/2023\/05\/FT6Ns_UWUAEyCl3-1-1024x768.jpeg 1024w, https:\/\/blogs.ncl.ac.uk\/redefiningeducation\/files\/2023\/05\/FT6Ns_UWUAEyCl3-1-300x225.jpeg 300w, https:\/\/blogs.ncl.ac.uk\/redefiningeducation\/files\/2023\/05\/FT6Ns_UWUAEyCl3-1-768x576.jpeg 768w, https:\/\/blogs.ncl.ac.uk\/redefiningeducation\/files\/2023\/05\/FT6Ns_UWUAEyCl3-1-1536x1152.jpeg 1536w, https:\/\/blogs.ncl.ac.uk\/redefiningeducation\/files\/2023\/05\/FT6Ns_UWUAEyCl3-1-400x300.jpeg 400w, https:\/\/blogs.ncl.ac.uk\/redefiningeducation\/files\/2023\/05\/FT6Ns_UWUAEyCl3-1.jpeg 2000w\" sizes=\"auto, (max-width: 1024px) 100vw, 1024px\" \/><\/figure>\n\n\n\n<p class=\"has-blue-color has-light-gray-background-color has-text-color has-background\"><strong>In their work You Are Not Alone &#8211; No Estas Solo &#8211; and On my Way, the young people reflect on what they had learnt from the Audiencia and give their ideas on how education can help make the city a fairer place. They focus on the need for cities to enable young people to be educators themselves &#8211; to connect to share their experiences of &#8216;becoming their own person&#8217; and to combat sexism, LGBTQ+ prejudice and gender\/sexuality-related violence.<\/strong><\/p>\n\n\n\n<p class=\"has-blue-color has-light-gray-background-color has-text-color has-background\"><strong>Priscila, Laia, Carmen, Carles, Berta, Nerea, Gerard, Lucia and Ainara worked together to write, compose and perform the song &#8220;On My Way&#8221; to share their experiences as young people &#8211; about being &#8216;on your way&#8217; to becoming your own person, having the confidence and support to be who you really want to be. They wanted to show how enabling young people to share these experiences can help make their city a fairer place.<\/strong><\/p>\n\n\n\n<p class=\"has-blue-color has-light-gray-background-color has-text-color has-background\"><strong>In their short film &#8220;You Are Not Alone&#8221;, the students wanted to show real everyday problems that they say cannot be ignored, such as sexism, homophobia, racism that they experience in school, in the local neighbourhood, in the city, in their families&#8230;everywhere. <\/strong><\/p>\n\n\n\n<p class=\"has-text-align-center has-text-color\" style=\"color:#0c2572\">&#8220;We would like that everyone could be reflected in this short film, not only for having suffered a similar situation, but also to those who have seen them. And it will be fantastic if the hidden characters of these acts would reflect and change their attitude in the future<strong>. <\/strong><\/p>\n\n\n\n<p class=\"has-text-align-center has-text-color\" style=\"color:#0c2572\"><strong>We want to tell all victims YOU ARE NOT ALONE.<\/strong><\/p>\n\n\n\n<p class=\"has-text-color\" style=\"color:#0c2572\">We hope that you like the short film and we are sure that the song will reach your heart. <\/p>\n\n\n\n<p class=\"has-text-color\" style=\"color:#0c2572\">But which are our ideas and main messages about how education can help to make our city fairer and safer? <\/p>\n\n\n\n<ul class=\"has-text-color wp-block-list\" style=\"color:#0c2572\"><li>To be able to express our ideas and feelings without fear and with respect for others. <\/li><li>To help by sharing our prejudices, problems, hopes and desires with others. <\/li><li>To try to educate respectful people, without differentiating by sexual orientation, culture, race&#8230;in all areas. <\/li><li>To teach adults with stereotyped ideas to change their habits. To use education to try to support them to be a better person. <\/li><li>To highlight discriminatory acts of aggression<\/li><li>To keep track of the aggressors and develop change. <\/li><li>To forget expressions such as <em>it has always been&#8230;, seen, said.<\/em><\/li><\/ul>\n\n\n\n<p class=\"has-blue-color has-light-gray-background-color has-text-color has-background\"><strong>We know it is not something that can be changed tomorrow; it is a long project, but all together we can achieve a better life.<\/strong><\/p>\n\n\n\n<hr class=\"wp-block-separator has-text-color has-background is-style-wide\" style=\"background-color:#e56f71;color:#e56f71\" \/>\n\n\n\n<p class=\"has-text-color\" style=\"color:#0c2572\"><strong>School: Escola Regina Carmeli,&nbsp;Horta, Barcelona&nbsp;<\/strong><\/p>\n\n\n\n<p class=\"has-text-color\" style=\"color:#0c2572\"><strong>Students<\/strong>: Ainara D\u00edaz, Nerea Gal\u00e1n, Carmen Granados, Carles Salvany, Gerard Santandreu, Luc\u00eda Villa, Laia Morraja, Priscila Pereira, Mariam Ortega and Berta Dorado from 4ESO&nbsp;<br><strong>Teachers<\/strong>: Rosa Maria L\u00f3pez and Miquel Molinas<\/p>\n\n\n\n<p class=\"has-text-color\" style=\"color:#0c2572\"><strong><a href=\"https:\/\/ajuntament.barcelona.cat\/educacio\/ca\/qui-som\/una-ciutat-educadora\/institut-municipal-deducacio-de-barcelona-imeb\" data-type=\"URL\" data-id=\"https:\/\/ajuntament.barcelona.cat\/educacio\/ca\/qui-som\/una-ciutat-educadora\/institut-municipal-deducacio-de-barcelona-imeb\">Institut Municipal d\u2019Educaci\u00f3 Ajuntament de Barcelona<\/a><\/strong>: Jose Cano Escribano<\/p>\n\n\n\n<p class=\"has-text-color\" style=\"color:#0c2572\"><a href=\"https:\/\/plaestel.org\" data-type=\"URL\" data-id=\"https:\/\/plaestel.org\"><strong>Pla Estel:<\/strong><\/a> Arnau Boix i Pla<\/p>\n\n\n\n<p class=\"has-text-color\" style=\"color:#0c2572\"><strong>Creatives:<\/strong> <a href=\"https:\/\/islotestudio.com\" data-type=\"URL\" data-id=\"https:\/\/islotestudio.com\">Isolte Studio<\/a><\/p>\n\n\n\n<hr class=\"wp-block-separator has-text-color has-background is-style-wide\" style=\"background-color:#e56f71;color:#e56f71\" \/>\n\n\n\n<h2 class=\"has-text-color wp-block-heading\" style=\"color:#0c2572\"><strong>Overview of the city <\/strong><\/h2>\n\n\n\n<p class=\"has-text-color\" style=\"color:#0c2572\"><a href=\"https:\/\/www.barcelona.cat\/internationalwelcome\/sites\/default\/files\/DATA_SHEET_2022_ang_doblepag_2.pdf\" data-type=\"URL\" data-id=\"https:\/\/www.barcelona.cat\/internationalwelcome\/sites\/default\/files\/DATA_SHEET_2022_ang_doblepag_2.pdf\"><strong>Barcelona<\/strong><\/a>, the capital of Catalonia, has more than 1,635,000 inhabitants (2021-22). It is the core of a metropolitan region of about 2,500 square kilometres, with approximately 5,000,000 inhabitants, and represents 63.7% and 10.4% of the Catalan and Spanish population, respectively.<\/p>\n\n\n\n<hr class=\"wp-block-separator has-text-color has-background is-style-wide\" style=\"background-color:#e56f71;color:#e56f71\" \/>\n\n\n\n<h2 class=\"has-text-color wp-block-heading\" style=\"color:#0c2572\"><strong>A Social Solidarity Economy <\/strong><\/h2>\n\n\n\n<p class=\"has-text-color\" style=\"color:#0c2572\">&#8220;On 23 June 2021 Barcelona launched  the&nbsp;<a href=\"https:\/\/www.barcelona.cat\/infobarcelona\/ca\/tema\/ajuntament\/barcelona-presenta-lacord-de-ciutat-per-a-lestrategia-de-leconomia-social-i-solidaria-2030_1088072.html\"><em><strong>City Agreement for the Barcelona 2030 Social and Solidarity Economy Strategy<\/strong><\/em><\/a>&nbsp;<strong>(#ESSBCN2030 Agreement)<\/strong>.  <\/p>\n\n\n\n<p class=\"has-blue-color has-light-gray-background-color has-text-color has-background\"><strong><a href=\"https:\/\/essbcn2030.decidim.barcelona\/processes\/essbcn2030\" data-type=\"URL\" data-id=\"https:\/\/essbcn2030.decidim.barcelona\/processes\/essbcn2030\">The Social and Solidarity Economy Strategy for Barcelona 2030 main objective i<\/a>s to grow and strengthen the fabric of the Social Solidarity Economy, to contribute to the socio-economic development of the city and its citizens, and from now on, respond to the socio-economic crisis through the reactivation and the strengthening of the Social and Solidarity Economy.<\/strong><\/p>\n\n\n\n<p class=\"has-text-color\" style=\"color:#0c2572\">Faced with the consequences of the pandemic, the Strategy also wants to be a call for public policies to guide the economic recovery towards the common good, the collective dimension and solidarity.&nbsp;The public sector has regained the central socio-economic role in the context of the health, social and economic emergency.<\/p>\n\n\n\n<p class=\"has-text-color\" style=\"color:#0c2572\">The Strategy envisions a city model where citizens have access to basic goods and services for life.&nbsp;Where well-being will increase and socio-economic inequalities will be reduced.&nbsp;Where the relocated economy is democratic.<\/p>\n\n\n\n<p class=\"has-blue-color has-light-gray-background-color has-text-color has-background\"><strong>\u201cBarcelona City Council is fostering the establishment of economic structures in the city that<\/strong> <strong>are more social and supportive, by consolidating and nurturing the already thriving network of cooperative, social and solidarity economy organisations in the city and promoting new initiatives.\u201d \u2013<a href=\"https:\/\/ajuntament.barcelona.cat\/economia-social-solidaria\/en\/boosting-sse-piess\/what-social-and-solidarity-economy\" data-type=\"URL\" data-id=\"https:\/\/ajuntament.barcelona.cat\/economia-social-solidaria\/en\/boosting-sse-piess\/what-social-and-solidarity-economy\"> Economia Social I Solidaria, 2023<\/a><\/strong><\/p>\n\n\n\n<hr class=\"wp-block-separator has-text-color has-background is-style-wide\" style=\"background-color:#e56f71;color:#e56f71\" \/>\n\n\n\n<h2 class=\"has-text-color wp-block-heading\" style=\"color:#0c2572\"><strong>Education and schooling in Barcelona&nbsp;<\/strong><\/h2>\n\n\n\n<p class=\"has-text-color\" style=\"color:#0c2572\">Barcelona is an&nbsp;<strong><a href=\"https:\/\/www.edcities.org\/wp-content\/uploads\/2020\/11\/ENG_Carta.pdf\" data-type=\"URL\" data-id=\"https:\/\/www.edcities.org\/wp-content\/uploads\/2020\/11\/ENG_Carta.pdf\"><em>educating city<\/em>.<\/a><\/strong> In 1990 the&nbsp;<a href=\"https:\/\/www.edcities.org\/ca\/carta-de-ciutats-educadores\/\">Charter of Educating Cities was held in Barcelona and the&nbsp;<\/a><a href=\"https:\/\/www.edcities.org\/\">International Association of Educating Cities<\/a>&nbsp;was founded. Barcelona is the headquarters of the world secretariat of the International Association of Educating Cities, which  brings together more than five hundred cities from all over the world.<\/p>\n\n\n\n<p class=\"has-text-color\" style=\"color:#0c2572\">Barcelona believes &#8220;that we must deepen the transformation of education in cities based on four principles:&nbsp;<strong>an education located territorially in educational neighbourhoods;&nbsp;politically oriented towards equity, non-segregation and real equality of educational opportunities<\/strong>;&nbsp;<strong>well hybridised with the spheres of culture, technology and science, and linked to a network of institutions and actors in the territory<\/strong>, <strong>to diagnose and face shared needs and problems together&#8230;<\/strong><\/p>\n\n\n\n<p class=\"has-blue-color has-light-gray-background-color has-text-color has-background\"><strong>We have schools that teach in the street, in parks or in cultural facilities.&nbsp;Museums and libraries offer school activities&#8230;and commit to the challenge of filling the &#8220;cultural backpacks&#8221; of all students. Likewise, school communities use the urban environment around their educational centre and begin to think about its design and uses.&nbsp;In short, new links and practices have been created that blur and permeate the borders between education, inside and outside the school.&#8221; &#8211; <a href=\"https:\/\/ajuntament.barcelona.cat\/educacio\/es\/quienes-somos\/una-ciudad-educadora\" data-type=\"URL\" data-id=\"https:\/\/ajuntament.barcelona.cat\/educacio\/es\/quienes-somos\/una-ciudad-educadora\">An Educating City<\/a><\/strong><\/p>\n\n\n\n<hr class=\"wp-block-separator has-text-color has-background is-style-wide\" style=\"background-color:#e56f71;color:#e56f71\" \/>\n\n\n\n<h2 class=\"wp-block-heading\"><strong>Video<\/strong><\/h2>\n\n\n\n<figure class=\"wp-block-embed is-type-video is-provider-youtube wp-block-embed-youtube wp-embed-aspect-16-9 wp-has-aspect-ratio\"><div class=\"wp-block-embed__wrapper\">\n<iframe loading=\"lazy\" title=\"Barcelona: How Education Can Help Make the City a Fairer Place. You Are Not Alone &amp; On My Way\" width=\"584\" height=\"329\" src=\"\/\/www.youtube.com\/embed\/3wmaP1ZNYjo?list=PLwGMOjnteVjl2qp2ULsw2L94lwPPwVDd5\" frameborder=\"0\" allow=\"accelerometer; autoplay; clipboard-write; encrypted-media; gyroscope; picture-in-picture; web-share\" referrerpolicy=\"strict-origin-when-cross-origin\" allowfullscreen><\/iframe>\n<\/div><\/figure>\n\n\n\n<div class=\"wp-block-columns is-layout-flex wp-container-core-columns-is-layout-1 wp-block-columns-is-layout-flex\">\n<div class=\"wp-block-column is-layout-flow wp-block-column-is-layout-flow\">\n<figure class=\"wp-block-image size-full\"><img loading=\"lazy\" decoding=\"async\" width=\"874\" height=\"416\" src=\"https:\/\/blogs.ncl.ac.uk\/redefiningeducation\/files\/2023\/02\/Barcelona-school-logo-1.png\" alt=\"\" class=\"wp-image-68\" srcset=\"https:\/\/blogs.ncl.ac.uk\/redefiningeducation\/files\/2023\/02\/Barcelona-school-logo-1.png 874w, https:\/\/blogs.ncl.ac.uk\/redefiningeducation\/files\/2023\/02\/Barcelona-school-logo-1-300x143.png 300w, https:\/\/blogs.ncl.ac.uk\/redefiningeducation\/files\/2023\/02\/Barcelona-school-logo-1-768x366.png 768w, https:\/\/blogs.ncl.ac.uk\/redefiningeducation\/files\/2023\/02\/Barcelona-school-logo-1-500x238.png 500w\" sizes=\"auto, (max-width: 874px) 100vw, 874px\" \/><\/figure>\n<\/div>\n\n\n\n<div class=\"wp-block-column is-layout-flow wp-block-column-is-layout-flow\">\n<figure class=\"wp-block-image size-full\"><img loading=\"lazy\" decoding=\"async\" width=\"820\" height=\"317\" src=\"https:\/\/blogs.ncl.ac.uk\/redefiningeducation\/files\/2023\/02\/Barcelona-council-logo-1.jpg\" alt=\"\" class=\"wp-image-67\" srcset=\"https:\/\/blogs.ncl.ac.uk\/redefiningeducation\/files\/2023\/02\/Barcelona-council-logo-1.jpg 820w, https:\/\/blogs.ncl.ac.uk\/redefiningeducation\/files\/2023\/02\/Barcelona-council-logo-1-300x116.jpg 300w, https:\/\/blogs.ncl.ac.uk\/redefiningeducation\/files\/2023\/02\/Barcelona-council-logo-1-768x297.jpg 768w, https:\/\/blogs.ncl.ac.uk\/redefiningeducation\/files\/2023\/02\/Barcelona-council-logo-1-500x193.jpg 500w\" sizes=\"auto, (max-width: 820px) 100vw, 820px\" \/><\/figure>\n<\/div>\n<\/div>\n","protected":false},"excerpt":{"rendered":"<p>Escola Regina Carmeli,&nbsp; Horta, Barcelona (Regina Carmeli School) Case Study &#8211; L\u2019Audi\u00e8ncia P\u00fablica als Nois i Noies de Barcelona&nbsp;(The Public Hearing for the Girls and Boys of Barcelona) Run by: Ajuntament de Barcelona&nbsp; The case study was chosen due to: &hellip; <a href=\"https:\/\/blogs.ncl.ac.uk\/redefiningeducation\/barcelona\/\">Continue reading <span class=\"meta-nav\">&rarr;<\/span><\/a><\/p>\n","protected":false},"author":11549,"featured_media":0,"parent":0,"menu_order":0,"comment_status":"closed","ping_status":"closed","template":"","meta":{"footnotes":""},"class_list":["post-34","page","type-page","status-publish","hentry"],"_links":{"self":[{"href":"https:\/\/blogs.ncl.ac.uk\/redefiningeducation\/wp-json\/wp\/v2\/pages\/34","targetHints":{"allow":["GET"]}}],"collection":[{"href":"https:\/\/blogs.ncl.ac.uk\/redefiningeducation\/wp-json\/wp\/v2\/pages"}],"about":[{"href":"https:\/\/blogs.ncl.ac.uk\/redefiningeducation\/wp-json\/wp\/v2\/types\/page"}],"author":[{"embeddable":true,"href":"https:\/\/blogs.ncl.ac.uk\/redefiningeducation\/wp-json\/wp\/v2\/users\/11549"}],"replies":[{"embeddable":true,"href":"https:\/\/blogs.ncl.ac.uk\/redefiningeducation\/wp-json\/wp\/v2\/comments?post=34"}],"version-history":[{"count":33,"href":"https:\/\/blogs.ncl.ac.uk\/redefiningeducation\/wp-json\/wp\/v2\/pages\/34\/revisions"}],"predecessor-version":[{"id":496,"href":"https:\/\/blogs.ncl.ac.uk\/redefiningeducation\/wp-json\/wp\/v2\/pages\/34\/revisions\/496"}],"wp:attachment":[{"href":"https:\/\/blogs.ncl.ac.uk\/redefiningeducation\/wp-json\/wp\/v2\/media?parent=34"}],"curies":[{"name":"wp","href":"https:\/\/api.w.org\/{rel}","templated":true}]}}