{"id":12,"date":"2017-06-26T10:51:23","date_gmt":"2017-06-26T09:51:23","guid":{"rendered":"https:\/\/blogs.ncl.ac.uk\/researchingourfutures\/?page_id=12"},"modified":"2017-09-28T15:52:08","modified_gmt":"2017-09-28T14:52:08","slug":"videos","status":"publish","type":"page","link":"https:\/\/blogs.ncl.ac.uk\/researchingourfutures\/videos\/","title":{"rendered":"Videos"},"content":{"rendered":"<p>Listen to and watch the <strong>Working in the Cultural and Heritage Sector<\/strong>\u00a0panel <a href=\"https:\/\/campus.recap.ncl.ac.uk\/Panopto\/Pages\/Embed.aspx?id=8819a67c-70a7-4ceb-bd48-04607e707c97&amp;v=1\">here<\/a>.<\/p>\n<p><strong>Keynote:<\/strong> Dr Pauline Dixon, \u035aWorki\u0176g a\u0110ross Bou\u0176daries\u035b &#8211;<\/p>\n<p><strong>Working in Non Academic RResearch and Consultancy<\/strong><\/p>\n<p><strong>Working in Public and Voluntary Sectors<br \/>\nNatalie Day<\/strong><\/p>\n<p><strong>Alex Bryce<\/strong><\/p>\n<p><strong>Nikki Spalding<\/strong><\/p>\n","protected":false},"excerpt":{"rendered":"<p>Listen to and watch the Working in the Cultural and Heritage Sector\u00a0panel here. Keynote: Dr Pauline Dixon, \u035aWorki\u0176g a\u0110ross Bou\u0176daries\u035b &#8211; Working in Non Academic RResearch and Consultancy Working in Public and Voluntary Sectors Natalie Day Alex Bryce Nikki Spalding<\/p>\n","protected":false},"author":6877,"featured_media":0,"parent":0,"menu_order":0,"comment_status":"closed","ping_status":"closed","template":"","meta":{"footnotes":""},"class_list":["post-12","page","type-page","status-publish","hentry"],"_links":{"self":[{"href":"https:\/\/blogs.ncl.ac.uk\/researchingourfutures\/wp-json\/wp\/v2\/pages\/12","targetHints":{"allow":["GET"]}}],"collection":[{"href":"https:\/\/blogs.ncl.ac.uk\/researchingourfutures\/wp-json\/wp\/v2\/pages"}],"about":[{"href":"https:\/\/blogs.ncl.ac.uk\/researchingourfutures\/wp-json\/wp\/v2\/types\/page"}],"author":[{"embeddable":true,"href":"https:\/\/blogs.ncl.ac.uk\/researchingourfutures\/wp-json\/wp\/v2\/users\/6877"}],"replies":[{"embeddable":true,"href":"https:\/\/blogs.ncl.ac.uk\/researchingourfutures\/wp-json\/wp\/v2\/comments?post=12"}],"version-history":[{"count":9,"href":"https:\/\/blogs.ncl.ac.uk\/researchingourfutures\/wp-json\/wp\/v2\/pages\/12\/revisions"}],"predecessor-version":[{"id":115,"href":"https:\/\/blogs.ncl.ac.uk\/researchingourfutures\/wp-json\/wp\/v2\/pages\/12\/revisions\/115"}],"wp:attachment":[{"href":"https:\/\/blogs.ncl.ac.uk\/researchingourfutures\/wp-json\/wp\/v2\/media?parent=12"}],"curies":[{"name":"wp","href":"https:\/\/api.w.org\/{rel}","templated":true}]}}