{"id":96,"date":"2018-06-29T19:02:54","date_gmt":"2018-06-29T18:02:54","guid":{"rendered":"https:\/\/blogs.ncl.ac.uk\/scarfethics\/?page_id=96"},"modified":"2018-08-14T14:27:37","modified_gmt":"2018-08-14T13:27:37","slug":"middle-class-definitions-brazil","status":"publish","type":"page","link":"https:\/\/blogs.ncl.ac.uk\/scarfethics\/who-are-the-new-middle-classes\/middle-class-definitions-brazil\/","title":{"rendered":"Middle Class Definitions: Brazil"},"content":{"rendered":"<p><strong>by <a href=\"http:\/\/buscatextual.cnpq.br\/buscatextual\/visualizacv.do?id=K4121489Z5\">Rita Alfonso<\/a>, <a href=\"http:\/\/buscatextual.cnpq.br\/buscatextual\/visualizacv.do?id=K4783854U6\">Roberto Bartholo<\/a>,\u00a0<a href=\"https:\/\/www.linkedin.com\/in\/luiza-farnese-sarayed-din-3523a4161\/\">Luiza Sarayed-Din<\/a> &amp; <a href=\"https:\/\/www.linkedin.com\/in\/cristine-carvalho-1002361b\/\">Cristine Carvalho<\/a><\/strong><\/p>\n<p>The Brazilian debate on Middle Class is largely influenced by both the government definition mostly headed by IBGE \u2013 federal government Institute of Geography and Statistics as well as the economic consumption classification developed by ABEP \u2013 Brazilian Association of Market Research Enterprises. Both use the letter-base system as a tool of socioeconomic stratification, in which A is the richest and E the poorest, mainly differing on the focus on income (political) or consumption (economic). Making use of an income centered approach IBGE (2017) includes in the Middle Class all the population of classes C and D, comprising the ones with family earnings between 1 to 5 monthly minimum salaries.<\/p>\n<p>On the other hand, incorporating and privileging the consumption criteria in the classification, ABEP, in turn, developed in 2014 what they called Brazil Criteria, which is widely used by market researchers and advertising companies. In addition to family income, it gives a value to variables such as household presence of domestic worker and consumer goods, as well as education levels and geographic location. At the end of the analyses, this point system indicates the value range of each socioeconomic strata (from A-E), defining then, the Middle Class as class C.<\/p>\n<p>Making use of the above-mentioned government definition as well as been one of its major influencers later on, the economist Marcelo Neri (2008) presented to Brazil and the world what he called the \u2018New Middle Class\u2019. In his groundbreaking works \u2018The new middle class\u2019 and \u2018The Bright side of the poor\u2019, Neri (2008, 2012) shown that from 2003 to 2008, 30 million people have left the poverty line and rose into Class C (2008). A word of caution regarding the Brazilian context from 2002 to 2010 is worth here. Brazil has gone through a period of growth based on commodities and consumer debt, with a stable currency and increase of the labor market. Combined with such economic growth and stability, a mix of welfare policies stemming from money transfer, increase of the minimum wages to education programs are pointed by economists (Klein et al 2018) as the explanation to the decrease of poverty revealed by Neri<a href=\"https:\/\/blogs.ncl.ac.uk\/scarfethics\/wp-admin\/post.php?post=94&amp;action=edit#_ftn1\" name=\"_ftnref1\">[1]<\/a> (2008, 2012). Nevertheless, recent studies (Chau\u00ed 2013, Kerstenetzky 2015, Pochmann 2012, Souza 2009, 2010, Yaccoub 2011) have questioned the positivist income-centered Neri\u2019s definition of Middle Class, arguing that both essential cultural dimensions as well as symbolic production of social distinction are missing in his interpretation.<\/p>\n<p>As an example of such critics, the sociologist Jesse de Souza denounces that the social slot occupied by the Neri\u2019s New middle class could not be considered as so. Naming it a \u2018Struggling Class\u2019 he argues that the solely focus on the average income put together under the same classification a population that has historically access to valuable resources and birth privileges with a new and precarious working parcel of the society (Souza 2009, 2010). \u00a0Calling such working parcel as \u2018fighters,\u2019 Souza (2009, 2010) presents the various characteristics of such group. Among them, it is important to highlight their need of starting working from an early age, the importance of women participation in the family income and labor market, and the fact they are usually enrolled in low-quality public schools. Nevertheless, regarding the educational level of those \u2018fighters\u2019\u2019 children, Souza (2009, 2010) shed light into the fact they currently have more access to the university than their parents. All in all, despite the raise on information access and gender diversity of this new generation, the public policies that are dedicated to this population still reinforcing the old class labor divisions. As Chau\u00ed (2013) wisely says the new middle class interests torn between the aspirations of continuing to climb the socio-economic ladder, and its fear of sliding back down.<\/p>\n<p>Delving deeply into the social analyses of the identity of such Middle Class, Yaccoub (2011) add into Souza (2009, 2010) critics defending the need of analyzing the Middle class in a whole. For her, its genesis, its forms of being, styles, modes of consumption, language forms, corporal behavior, habitus, cultural, social and symbolic capitals are fundamental variables to be considered once analyzing Middle Class. Adding into the discussion of class analyses in Brazil, Klein (2018) emphasizes the importance of including race, gender, and the construction and contestation of public space in the understanding of Middle Class formation in the country.<\/p>\n<p>Nevertheless, it is important to highlight the huge impact of the recent Brazil\u2019s socioeconomic recession and political crisis into the fragile discourse of a \u2018New Brazil\u2019 as a parallel of \u2018New Middle Class\u2019 growth. For instance, from 2014 to 2017 4.1 million families have falling down from class C to D\/E. Reinforcing Brazilian historical inequality, the timid economic growth indicated in 2017 have mostly concentrated in the economic recuperation of class A (1% of Brazil population), currently representing 38% of the national income while class D\/E have a share of 15,3% (Vilas Boas, 2017). Another crisis impact is the increase in both the unemployment rates as well as the number of defaulters.<\/p>\n<p>Finally, drawing on the above-mentioned studies and having in mind that the official statistics of Brazil are framed by the political economic definition of Middle Class, one must be aware of (i) the various population strata that are put together under the Middle Class name; (ii) the need of including other variables on the analyses, in particular cultural ones; (iii) the impact of race and gender in Brazil\u2019s class formation, if wants to understand the various nuances of Middle Class in Brazil. Saying that, it is probably reasonable to suggest a potential reframe of the available statistics in order to consider the Brazilian Middle Class as a group with shared values and ways of living.<\/p>\n<p><strong>References:<\/strong><br \/>\nChaui, Marilena. 2013. &#8220;On Social Classes. A New Brazilian Working Class&#8221;. In: MacLennan, M. (org). (2013). Poverty in Focus &#8211; Middle class. International Policy Centre for Inclusive Growth (IPC-IG), Poverty Practice, Bureau for Development Policy, UNDP.<\/p>\n<p>IBGE 2017. Pesquisa Nacional por Amostras de Domic\u00edlios. https:\/\/ww2.ibge.gov.br\/home\/estatistica\/populacao\/condicaodevida\/pof\/2008_2009\/default.shtm<\/p>\n<p>Kerstenetzky, Celia Lessa, Christiane Ucho\u0302a, Nelson do Valle Silva. 2015. \u201cThe Elusive New Middle Class in Brazil.\u201d Brazilian Political Science Review 9(3): 21\u201341.<br \/>\n<a href=\"https:\/\/blogs.ncl.ac.uk\/scarfethics\/wp-admin\/post.php?post=94&amp;action=edit#_ftnref1\" name=\"_ftn1\">[1]<\/a> The \u2018New Middle Class\u2019 study have granted Marcelo Neri a reputable role in the definition of policy directions, been appointed as president of Institute for Applied Economic Research \u2013 IPEA from 2012 to 2014 and Minister of Brazil Intelligence Agency \u2013 SEA from 2013 to 2015.<\/p>\n<p>Klein, C. H., Mitchell, S. T., &amp; Junge, B. 2018. &#8220;Naming Brazil\u2019s previously poor: &#8216;New middle class&#8217; as an economic, political, and experiential category&#8221;. Economic Anthropology, 5(1), 83\u201395.<\/p>\n<p>Neri, M. 2011. A Nova Classe Me\u0301dia: O Lado Brilhante da base da Pira\u0302mide. Sa\u0303o Paulo, Editora Saraiva.<\/p>\n<p>Pochmann, Ma\u0301rcio. 2012. Nova classe me\u0301dia? Sa\u0303o Paulo: Boitempo Editorial.<\/p>\n<p>Souza, J. et al. 2009. A rale\u0301 brasileira: quem e\u0301 e como vive. Belo Horizonte, Universidade Federal de Minas Gerais.<\/p>\n<p>Souza, J. et al. 2010. Os batalhadores brasileiros: nova classe me\u0301dia ou nova classe trabalhadora?. Belo Horizonte, Universidade Federal de Minas Gerais.<\/p>\n<p>Yaccoub, H. 2011. &#8220;A chamada &#8216;nova classe m\u00e9dia&#8217;: Cultura material, inclus\u00e3o e distin\u00e7\u00e3o social&#8221;. Horizontes Antropol\u00f3gicos, 17(36), 197\u2013231.<\/p>\n<p>Villas B\u00f4as, Bruno. 2017. News. &#8220;Na retomada, renda da classe &#8216;A&#8217; sobe 6 vezes mais depressa&#8221;. Jornal Valor Econ\u00f4mico, 12\/09\/2017. <a href=\"http:\/\/www.valor.com.br\/brasil\/5115278\/na-retomada-renda-da-classe-sobe-6-vezes-mais-depressa\">http:\/\/www.valor.com.br\/brasil\/5115278\/na-retomada-renda-da-classe-sobe-6-vezes-mais-depressa<\/a><\/p>\n","protected":false},"excerpt":{"rendered":"<p>by Rita Alfonso, Roberto Bartholo,\u00a0Luiza Sarayed-Din &amp; Cristine Carvalho The Brazilian debate on Middle Class is largely influenced by both the government definition mostly headed by IBGE \u2013 federal government Institute of Geography and Statistics as well as the economic &hellip; <a href=\"https:\/\/blogs.ncl.ac.uk\/scarfethics\/who-are-the-new-middle-classes\/middle-class-definitions-brazil\/\">Continue reading <span class=\"meta-nav\">&rarr;<\/span><\/a><\/p>\n","protected":false},"author":7589,"featured_media":0,"parent":26,"menu_order":0,"comment_status":"closed","ping_status":"closed","template":"","meta":{"footnotes":""},"class_list":["post-96","page","type-page","status-publish","hentry"],"_links":{"self":[{"href":"https:\/\/blogs.ncl.ac.uk\/scarfethics\/wp-json\/wp\/v2\/pages\/96","targetHints":{"allow":["GET"]}}],"collection":[{"href":"https:\/\/blogs.ncl.ac.uk\/scarfethics\/wp-json\/wp\/v2\/pages"}],"about":[{"href":"https:\/\/blogs.ncl.ac.uk\/scarfethics\/wp-json\/wp\/v2\/types\/page"}],"author":[{"embeddable":true,"href":"https:\/\/blogs.ncl.ac.uk\/scarfethics\/wp-json\/wp\/v2\/users\/7589"}],"replies":[{"embeddable":true,"href":"https:\/\/blogs.ncl.ac.uk\/scarfethics\/wp-json\/wp\/v2\/comments?post=96"}],"version-history":[{"count":5,"href":"https:\/\/blogs.ncl.ac.uk\/scarfethics\/wp-json\/wp\/v2\/pages\/96\/revisions"}],"predecessor-version":[{"id":272,"href":"https:\/\/blogs.ncl.ac.uk\/scarfethics\/wp-json\/wp\/v2\/pages\/96\/revisions\/272"}],"up":[{"embeddable":true,"href":"https:\/\/blogs.ncl.ac.uk\/scarfethics\/wp-json\/wp\/v2\/pages\/26"}],"wp:attachment":[{"href":"https:\/\/blogs.ncl.ac.uk\/scarfethics\/wp-json\/wp\/v2\/media?parent=96"}],"curies":[{"name":"wp","href":"https:\/\/api.w.org\/{rel}","templated":true}]}}