{"id":28,"date":"2022-08-21T05:51:00","date_gmt":"2022-08-21T04:51:00","guid":{"rendered":"https:\/\/blogs.ncl.ac.uk\/vicariousvocalities2022\/?page_id=28"},"modified":"2022-09-06T12:06:32","modified_gmt":"2022-09-06T11:06:32","slug":"vicarious-vocalities-simulated-songs-2nd-biennial-conference-2022","status":"publish","type":"page","link":"https:\/\/blogs.ncl.ac.uk\/vicariousvocalities2022\/vicarious-vocalities-simulated-songs-2nd-biennial-conference-2022\/","title":{"rendered":"Program Schedule"},"content":{"rendered":"\n<p class=\"has-text-align-center has-medium-font-size\"><strong><em>Voices in and out of Place:<\/em><\/strong><br><strong><em>Misplaced, Displaced, Replaced and Interlaced Voices<\/em><\/strong><\/p>\n\n\n\n<p><strong><a href=\"https:\/\/blogs.ncl.ac.uk\/vicariousvocalities2022\/tuesday-schedule-and-program-notes\/\" data-type=\"URL\" data-id=\"https:\/\/blogs.ncl.ac.uk\/vicariousvocalities2022\/tuesday-schedule-and-program-notes\/\" target=\"_blank\" rel=\"noreferrer noopener\">Click Here <\/a>to View Tuesday&#8217;s Schedule Including Contributor Notes<\/strong><\/p>\n\n\n\n<p><a href=\"https:\/\/blogs.ncl.ac.uk\/vicariousvocalities2022\/wednesday-schedule-and-program-notes\/\" data-type=\"URL\" data-id=\"https:\/\/blogs.ncl.ac.uk\/vicariousvocalities2022\/wednesday-schedule-and-program-notes\/\" target=\"_blank\" rel=\"noreferrer noopener\"><strong>Cl<\/strong><\/a><strong><a href=\"https:\/\/blogs.ncl.ac.uk\/vicariousvocalities2022\/wednesday-schedule-and-program-notes\/\" data-type=\"URL\" data-id=\"https:\/\/blogs.ncl.ac.uk\/vicariousvocalities2022\/wednesday-schedule-and-program-notes\/\" target=\"_blank\" rel=\"noreferrer noopener\">ick Here<\/a> to View Wednesday&#8217;s Schedule Including Contributor Notes<\/strong><\/p>\n\n\n\n<p class=\"has-text-align-center has-large-font-size\"><strong>CONFERENCE PROGRAM<\/strong><\/p>\n\n\n\n<h1 class=\"has-text-align-center has-black-color has-luminous-vivid-amber-background-color has-text-color has-background wp-block-heading\" style=\"font-size:28px\"><strong>DAY 1 <\/strong><br><strong>TUESDAY<\/strong>, <strong>6th SEPTEMBER 2022<\/strong><\/h1>\n\n\n\n<p class=\"has-text-align-left\"><strong>09:00-09:30<br>Log on \/ Introduction<\/strong><\/p>\n\n\n\n<hr class=\"wp-block-separator has-text-color has-background has-luminous-vivid-amber-background-color has-luminous-vivid-amber-color is-style-wide\" \/>\n\n\n\n<p class=\"has-text-align-left\"><strong>09:30-11:00<\/strong> <br><strong>Paper Session 1 \u2013 Cultures of Song and Singing<\/strong><\/p>\n\n\n\n<p class=\"has-text-align-center\"><em>Paul Smith<\/em><br>Overheard: Privacy and the Art\/Act of Singing<\/p>\n\n\n\n<p class=\"has-text-align-center\"><em>Matthew Horrigan<\/em><br>Popular Banter: Parasong on Record (in \u201c!!!!!!!\u201d)<\/p>\n\n\n\n<p class=\"has-text-align-center\"><em>Francesco Venturi<\/em><br>Voice Training between Somatics and Metaphors<\/p>\n\n\n\n<p class=\"has-text-align-right\"><em>CHAIR: Ben Macpherson<\/em><\/p>\n\n\n\n<hr class=\"wp-block-separator has-text-color has-background has-luminous-vivid-amber-background-color has-luminous-vivid-amber-color is-style-wide\" \/>\n\n\n\n<p class=\"has-text-align-left\"><strong>11:00-11:15   <\/strong>   <br><strong>Short break with <em>\u2018A chorus of geo-haptic tones\u2019 <\/em>by Felicia Konrad and Julieanna Preston <\/strong><\/p>\n\n\n\n<hr class=\"wp-block-separator has-text-color has-background has-luminous-vivid-amber-background-color has-luminous-vivid-amber-color is-style-wide\" \/>\n\n\n\n<p class=\"has-text-align-left\"><strong>11:15-12:45<\/strong><br><strong>Paper Session 2 \u2013 Soundscape and Place<\/strong><\/p>\n\n\n\n<p class=\"has-text-align-center\"><em>Kate Galloway<\/em><br>The ASMR-ing of the World: The Voice in Soundscape Radio and the Bodily Experience of Place<\/p>\n\n\n\n<p class=\"has-text-align-center\"><em>Peter Falconer<\/em><br>Positive Appropriation in Seaton Snook: Creating the Voices of an Abandoned Seaside Town<\/p>\n\n\n\n<p class=\"has-text-align-center\"><em>Shikha Jhingan<\/em><br>Locating the Voice: Listening to the Film Soundtracks of ICU Wards in the Post-Pandemic World<\/p>\n\n\n\n<p class=\"has-text-align-right\"><em>CHAIR: Amy Skjerseth<\/em><\/p>\n\n\n\n<hr class=\"wp-block-separator has-text-color has-background has-luminous-vivid-amber-background-color has-luminous-vivid-amber-color is-style-wide\" \/>\n\n\n\n<p class=\"has-text-align-left\"><strong>12:45-13:30<\/strong><br><strong>LUNCH<\/strong><\/p>\n\n\n\n<hr class=\"wp-block-separator has-text-color has-background has-luminous-vivid-amber-background-color has-luminous-vivid-amber-color is-style-wide\" \/>\n\n\n\n<p class=\"has-text-align-left\"><strong>13:30-15:00<\/strong><br><strong>Paper Session 3 \u2013 Vocal Identities<\/strong><\/p>\n\n\n\n<p class=\"has-text-align-center\"><em>Gustavo Souza Marques<\/em><br>Sounding Wolf Haley: Hip-hop, Racial Masking and Altered Vocalities in the Musical Work of Tyler, The Creator<\/p>\n\n\n\n<p class=\"has-text-align-center\"><em>Laura Jord\u00e1n Gonz\u00e1lez<\/em><br>Collective Voice, Collective Work: Women\u2019s Experiences from Contemporary Chile<\/p>\n\n\n\n<p class=\"has-text-align-center\"><em>Paul Alan Barker<\/em><br>HaHaHae<\/p>\n\n\n\n<p class=\"has-text-align-right\"><em>CHAIR: Jacob Bird<\/em><\/p>\n\n\n\n<hr class=\"wp-block-separator has-text-color has-background has-luminous-vivid-amber-background-color has-luminous-vivid-amber-color is-style-wide\" \/>\n\n\n\n<p class=\"has-text-align-left\"><strong>15:00-15:15<br> Short break with <em>\u2018A chorus of geo-haptic tones\u2019 <\/em>by Felicia Konrad and Julieanna Preston<\/strong><\/p>\n\n\n\n<hr class=\"wp-block-separator has-text-color has-background has-luminous-vivid-amber-background-color has-luminous-vivid-amber-color is-style-wide\" \/>\n\n\n\n<p class=\"has-text-align-left\"><strong>15:15-16:15<br>Artists\u2019 <strong>Round Table 1<\/strong>\u2014<strong>Vocal Environments<\/strong><\/strong><\/p>\n\n\n\n<p class=\"has-text-align-center\"><strong>Panelists<\/strong><br>Rob Mackay [Chair and panelist]<br>Felicia Konrad<br>Julieanna Preston<br>Emily Welther<br>David de la Haye<\/p>\n\n\n\n<hr class=\"wp-block-separator has-text-color has-background has-luminous-vivid-amber-background-color has-luminous-vivid-amber-color is-style-wide\" \/>\n\n\n\n<p class=\"has-text-align-left\"><strong>16:15-16:30<br> Short break with <em>\u2018A chorus of geo-haptic tones\u2019 <\/em>by Felicia Konrad and Julieanna Preston <\/strong><\/p>\n\n\n\n<hr class=\"wp-block-separator has-text-color has-background has-luminous-vivid-amber-background-color has-luminous-vivid-amber-color is-style-wide\" \/>\n\n\n\n<p class=\"has-text-align-left has-medium-font-size\"><strong>16:30-18:00<\/strong> <br><strong>Keynote: Naomi Andr\u00e9<\/strong><\/p>\n\n\n\n<p class=\"has-text-align-center\">followed by plenary discussion<\/p>\n\n\n\n<p class=\"has-text-align-right\"><em>CHAIR: Richard Elliott<\/em><\/p>\n\n\n\n<hr class=\"wp-block-separator has-text-color has-background has-luminous-vivid-amber-background-color has-luminous-vivid-amber-color is-style-wide\" \/>\n\n\n\n<p class=\"has-text-align-left has-medium-font-size\"><strong>19:00<\/strong><br><strong>TUESDAY<\/strong> <strong>EVENING SCREENING: Sound and Video Works<\/strong><\/p>\n\n\n\n<p class=\"has-text-align-center\"><em>Christopher Newell<\/em>&nbsp;<br>\u2018The Red Telephone Box That Talks A Bit Like Me\u2019<br><br><em>Lidia Zieli\u0144ska<\/em><br>\u201eTrzysta\u201c \/ \u201eThree Hundred\u201c<br><br><em>David de la Haye<\/em>&nbsp;<br>Underwater Voices<br><br><em>Emily Welther<\/em><br>re\/placing human<br><br><em>Rob Mackay + John Wedgewood Clarke<\/em><br>Inside the Red River<br><br><em>Nick Cope<\/em><br>False Memory of Normandy (2018)<\/p>\n\n\n\n<hr class=\"wp-block-separator has-text-color has-background has-luminous-vivid-amber-background-color has-luminous-vivid-amber-color is-style-wide\" \/>\n\n\n\n<h1 class=\"has-text-align-center has-black-color has-pale-cyan-blue-background-color has-text-color has-background wp-block-heading\" style=\"font-size:28px\"><strong>DAY 2 <\/strong><br><strong>WEDNESDAY, 7th SEPTEMBER 2022<\/strong><\/h1>\n\n\n\n<p class=\"has-text-align-left has-normal-font-size\"> <strong>09:00-09:30<br>Log on \/ Updates<\/strong><\/p>\n\n\n\n<hr class=\"wp-block-separator has-text-color has-background has-vivid-cyan-blue-background-color has-vivid-cyan-blue-color is-style-wide\" \/>\n\n\n\n<p class=\"has-text-align-left\"><strong>09:30-11:00<br>Paper Session 4 &#8212; Folklore, Diaspora, Belonging<\/strong><\/p>\n\n\n\n<p class=\"has-text-align-center\"><em>Juliana M. Pistorius<\/em><br>Voice, Migration, and the Politics of Place<\/p>\n\n\n\n<p class=\"has-text-align-center\"><em>Una Lee<\/em><br>Over-, Mis- and Under-Heard: Voice(s) of Oriental Jane Doe in FERV\u0112RE<\/p>\n\n\n\n<p class=\"has-text-align-center\"><em>Egl\u0117 Gela\u017ei\u016bt\u0117-Pranevi\u010dien\u0117<\/em><br>Young music, Old Voice: Authentic Folklore Records in Contemporary Lithuanian Electronic Music<\/p>\n\n\n\n<p class=\"has-text-align-right\"><em>CHAIR: Bennett Hogg<\/em><\/p>\n\n\n\n<hr class=\"wp-block-separator has-text-color has-background has-vivid-cyan-blue-background-color has-vivid-cyan-blue-color is-style-wide\" \/>\n\n\n\n<p class=\"has-text-align-left\"> <strong>11:00-11:15   <\/strong>   <br><strong>Short break with <em>\u2018A chorus of geo-haptic tones\u2019 <\/em>by Felicia Konrad and Julieanna Preston <\/strong><\/p>\n\n\n\n<hr class=\"wp-block-separator has-text-color has-background has-vivid-cyan-blue-background-color has-vivid-cyan-blue-color is-style-wide\" \/>\n\n\n\n<p class=\"has-text-align-left\"><strong>11:15-12:45<br>Paper Session 5 \u2013 Body<\/strong><\/p>\n\n\n\n<p class=\"has-text-align-center\"><em>Ben Macpherson<\/em><br>\u201cWhere things lost become\u2026\u201d: Ventriloquism and Paradoxical Nostalgia in the Bio-Musical<\/p>\n\n\n\n<p class=\"has-text-align-center\"><em>Jessica Edgar<\/em><br>Dis\/embodiment: the Female Soprano Voice in Oxbridge Chapel Choirs<\/p>\n\n\n\n<p class=\"has-text-align-center\"><em>Malte Kobel<\/em><br>Listening as Disidentifying: The Voice-Body Problem in Joan La Barbara\u2019s Vocal Practice<\/p>\n\n\n\n<p class=\"has-text-align-right\"><em>CHAIR: Yvon Bonenfont<\/em><\/p>\n\n\n\n<hr class=\"wp-block-separator has-text-color has-background has-vivid-cyan-blue-background-color has-vivid-cyan-blue-color is-style-wide\" \/>\n\n\n\n<p class=\"has-text-align-left\"> <strong>12:45-13:30<\/strong><br><strong>LUNCH<\/strong> <\/p>\n\n\n\n<hr class=\"wp-block-separator has-text-color has-background has-vivid-cyan-blue-background-color has-vivid-cyan-blue-color is-style-wide\" \/>\n\n\n\n<p class=\"has-text-align-left\"><strong>13:30-15:00<br>Paper Session 6\u2013 Computer \/ AI \/ Posthuman<\/strong><\/p>\n\n\n\n<p class=\"has-text-align-center\"><em>Amy Skjerseth<\/em><br>Remediating Auto-Tune: Caroline Polachek\u2019s Machine-Imitative Vocality<\/p>\n\n\n\n<p class=\"has-text-align-center\"><em>Bojana Radovanovi\u0107<\/em><br>Inhuman or Posthuman Voices?: The Effects of Extended Vocal Technique and Technology in Contemporary Music<\/p>\n\n\n\n<p class=\"has-text-align-center\"><em>Kiranmayi (Kiran) Indraganti<\/em><br>The Cutting-Edge Vocals: Song-Making as a New, Edited Artifice<\/p>\n\n\n\n<p class=\"has-text-align-right\"><em>CHAIR: Francesco Venturi<\/em><\/p>\n\n\n\n<hr class=\"wp-block-separator has-text-color has-background has-vivid-cyan-blue-background-color has-vivid-cyan-blue-color is-style-wide\" \/>\n\n\n\n<p class=\"has-text-align-left\"> <strong>15:00-15:15<br> Short break with <em>\u2018A chorus of geo-haptic tones\u2019 <\/em>by Felicia Konrad and Julieanna Preston <\/strong><\/p>\n\n\n\n<hr class=\"wp-block-separator has-text-color has-background has-vivid-cyan-blue-background-color has-vivid-cyan-blue-color is-style-wide\" \/>\n\n\n\n<p class=\"has-text-align-left has-normal-font-size\"><strong>15:15-16:15<br><strong>Artists&#8217; Round Table 2\u2014Voices\/Bodies\/Selves<\/strong><\/strong><\/p>\n\n\n\n<p class=\"has-text-align-center\"><strong>Panelists<\/strong><br>Christopher Newell<br>Jess Richards<br> <em>Pak Hei (Alvin) Leung<\/em> <br>Pedro Oliveira<\/p>\n\n\n\n<p class=\"has-text-align-right\"> <em>CHAIR: Merrie Snell<\/em><\/p>\n\n\n\n<hr class=\"wp-block-separator has-text-color has-background has-vivid-cyan-blue-background-color has-vivid-cyan-blue-color is-style-wide\" \/>\n\n\n\n<p class=\"has-text-align-left\"> <strong>16:15-16:30<br> Short break with <em>\u2018A chorus of geo-haptic tones\u2019 <\/em>by Felicia Konrad and Julieanna Preston<\/strong> <\/p>\n\n\n\n<hr class=\"wp-block-separator has-text-color has-background has-vivid-cyan-blue-background-color has-vivid-cyan-blue-color is-style-wide\" \/>\n\n\n\n<p class=\"has-text-align-left has-medium-font-size\"><strong>16:30-18:00<br>Respondent &#8211; Katherine Meizel<\/strong><\/p>\n\n\n\n<p id=\"block-e7a2cc11-34e7-4ce7-80fd-712ab4f14e05\"><em><strong>Katherine Meizel&nbsp;<\/strong>is Professor of Ethnomusicology at Bowling Green State University in Ohio. Her book&nbsp;<em>Idolized: Music, Media, and Identity in&nbsp;<u>American Idol<\/u><\/em>&nbsp;was published in 2011; The&nbsp;<em>Oxford Handbook of Voice Studies<\/em>&nbsp;which she co-editedwith Nina Sun Eidsheim, was published in 2019, and her monograph&nbsp;<em>Multivocality: Singing on the Borders of Identity&nbsp;<\/em>was published in 2020. Her public scholarship has appeared on sites such as Slate, the New Republic,&nbsp;NPR.com,&nbsp;NBC.com, and The Conversation. She also served as associate producer on the album<em>Raise Your Voice: The Sound of Student Protest&nbsp;<\/em>with Little Village Foundation.<\/em><\/p>\n\n\n\n<p class=\"has-text-align-center has-normal-font-size\">followed by plenary discussion and Vicarious Vocalities Network announcement(s)<\/p>\n\n\n\n<p class=\"has-text-align-right\"><em>CHAIR: Merrie Snell<\/em><\/p>\n\n\n\n<hr class=\"wp-block-separator has-text-color has-background has-vivid-cyan-blue-background-color has-vivid-cyan-blue-color is-style-wide\" \/>\n\n\n\n<p class=\"has-text-align-left has-medium-font-size\"><strong>19:00<br>WEDNESDAY EVENING SCREENING: Sound and Video Works<\/strong><\/p>\n\n\n\n<p class=\"has-text-align-center\"><em>Paul Alan Barker<\/em><br>HaHaHae<\/p>\n\n\n\n<p class=\"has-text-align-center\"><em>Una Lee<\/em><br>FERV\u0112RE<\/p>\n\n\n\n<p class=\"has-text-align-center\"><em>Pak Hei (Alvin) Leung &amp; Christine Drake-Thomas<\/em><br>Trans-Crypted Memory: A Transhumanist Techno-Pop Opera (2022)<\/p>\n\n\n\n<p class=\"has-text-align-center\"><em>Pedro J S Vieira de Oliveira<\/em><br>DESMONTE (A Zone of Nonbeing)<\/p>\n\n\n\n<p class=\"has-text-align-center\"><em>Shan Yun Wu<\/em><br>&lt; I, AI Create Together&nbsp; &#8211; SHANGAVATAR &gt;<\/p>\n\n\n\n<hr class=\"wp-block-separator has-text-color has-background has-vivid-cyan-blue-background-color has-vivid-cyan-blue-color is-style-wide\" \/>\n\n\n\n<p class=\"has-text-align-center\"> <\/p>\n\n\n\n<p class=\"has-text-align-center\"><br><br><\/p>\n","protected":false},"excerpt":{"rendered":"<p>Voices in and out of Place:Misplaced, Displaced, Replaced and Interlaced Voices Click Here to View Tuesday&#8217;s Schedule Including Contributor Notes Click Here to View Wednesday&#8217;s Schedule Including Contributor Notes CONFERENCE PROGRAM DAY 1 TUESDAY, 6th SEPTEMBER 2022 09:00-09:30Log on \/ &hellip; <a href=\"https:\/\/blogs.ncl.ac.uk\/vicariousvocalities2022\/vicarious-vocalities-simulated-songs-2nd-biennial-conference-2022\/\">Continue reading <span class=\"meta-nav\">&rarr;<\/span><\/a><\/p>\n","protected":false},"author":10989,"featured_media":0,"parent":0,"menu_order":1,"comment_status":"closed","ping_status":"closed","template":"","meta":{"footnotes":""},"class_list":["post-28","page","type-page","status-publish","hentry"],"_links":{"self":[{"href":"https:\/\/blogs.ncl.ac.uk\/vicariousvocalities2022\/wp-json\/wp\/v2\/pages\/28","targetHints":{"allow":["GET"]}}],"collection":[{"href":"https:\/\/blogs.ncl.ac.uk\/vicariousvocalities2022\/wp-json\/wp\/v2\/pages"}],"about":[{"href":"https:\/\/blogs.ncl.ac.uk\/vicariousvocalities2022\/wp-json\/wp\/v2\/types\/page"}],"author":[{"embeddable":true,"href":"https:\/\/blogs.ncl.ac.uk\/vicariousvocalities2022\/wp-json\/wp\/v2\/users\/10989"}],"replies":[{"embeddable":true,"href":"https:\/\/blogs.ncl.ac.uk\/vicariousvocalities2022\/wp-json\/wp\/v2\/comments?post=28"}],"version-history":[{"count":75,"href":"https:\/\/blogs.ncl.ac.uk\/vicariousvocalities2022\/wp-json\/wp\/v2\/pages\/28\/revisions"}],"predecessor-version":[{"id":403,"href":"https:\/\/blogs.ncl.ac.uk\/vicariousvocalities2022\/wp-json\/wp\/v2\/pages\/28\/revisions\/403"}],"wp:attachment":[{"href":"https:\/\/blogs.ncl.ac.uk\/vicariousvocalities2022\/wp-json\/wp\/v2\/media?parent=28"}],"curies":[{"name":"wp","href":"https:\/\/api.w.org\/{rel}","templated":true}]}}